{"id":162869,"date":"2022-09-28T18:11:49","date_gmt":"2022-09-28T18:11:49","guid":{"rendered":"http:\/\/climalife.com\/product\/solstice-l41y-r-452b\/"},"modified":"2025-02-18T14:35:33","modified_gmt":"2025-02-18T14:35:33","slug":"solstice-l41y-r-452b","status":"publish","type":"product","link":"https:\/\/climalife.com\/es\/product\/solstice-l41y-r-452b\/","title":{"rendered":"R-452B Solstice\u00ae L41y"},"content":{"rendered":"<p>Este nuevo refrigerante R-452B Solstice<sup>\u00ae<\/sup> L41y producido por Honeywell ofrece muchas m\u00e1s ventajas que los gases R-410A y R-32:<\/p>\n<ul>\n<li>Presenta la <strong>misma presi\u00f3n de uso que el R-410A<\/strong>, lo que evita modificaci\u00f3n el dise\u00f1o del sistema de tuber\u00edas, soldaduras y embalajes.<\/li>\n<li>Ofrece un<strong> caudal m\u00e1sico m\u00e1s bajo que el R-410A<\/strong>, lo que significa una carga entre un 10 y un 15 % menor en comparaci\u00f3n con el equipo existente.<\/li>\n<li><strong>Supera al R-32<\/strong> en modo calefacci\u00f3n y en condiciones de alta temperatura ambiente debido a su temperatura cr\u00edtica superior (77,1 \u00b0C) y un rango de funcionamiento m\u00e1s amplio a temperaturas de evaporaci\u00f3n bajas.<\/li>\n<\/ul>\n","protected":false},"excerpt":{"rendered":"<p>El R-452B es una mezcla no azeotr\u00f3pica a base de HFC\/HFO destinada a reemplazar al R-410A en instalaciones nuevas, particularmente en bombas de calor, aire acondicionado comercial de tejado, sistemas VRF y enfriadoras de l\u00edquidos de media presi\u00f3n (enfriadores aire\/agua).<\/p>\n","protected":false},"featured_media":201373,"comment_status":"open","ping_status":"closed","template":"","meta":[],"countries":[4674,4709,4756,4813,4831,4862],"product_brand":[],"product_cat":[13058,9952,9612],"product_tag":[],"class_list":{"0":"post-162869","1":"product","2":"type-product","3":"status-publish","4":"has-post-thumbnail","6":"countries-by","7":"countries-cu","8":"countries-ir","9":"countries-kp","10":"countries-ru","11":"countries-sy","12":"product_cat-climatizacion","13":"product_cat-construccion","14":"product_cat-mezclas-hfc-hfo","15":"pa_packaging-botella-12-l-es-92","16":"pa_packaging-botella-52-l-es-72","17":"pa_packaging-contenedor-448-l-es-74","18":"pa_packaging-contenedor-930-l-es-76","19":"pa_packaging-friostar-es-69","20":"pa_packaging-ministar-es-339","22":"first","23":"instock","24":"shipping-taxable","25":"purchasable","26":"product-type-variable"},"_links":{"self":[{"href":"https:\/\/climalife.com\/es\/wp-json\/wp\/v2\/product\/162869","targetHints":{"allow":["GET"]}}],"collection":[{"href":"https:\/\/climalife.com\/es\/wp-json\/wp\/v2\/product"}],"about":[{"href":"https:\/\/climalife.com\/es\/wp-json\/wp\/v2\/types\/product"}],"replies":[{"embeddable":true,"href":"https:\/\/climalife.com\/es\/wp-json\/wp\/v2\/comments?post=162869"}],"wp:featuredmedia":[{"embeddable":true,"href":"https:\/\/climalife.com\/es\/wp-json\/wp\/v2\/media\/201373"}],"wp:attachment":[{"href":"https:\/\/climalife.com\/es\/wp-json\/wp\/v2\/media?parent=162869"}],"wp:term":[{"taxonomy":"countries","embeddable":true,"href":"https:\/\/climalife.com\/es\/wp-json\/wp\/v2\/countries?post=162869"},{"taxonomy":"product_brand","embeddable":true,"href":"https:\/\/climalife.com\/es\/wp-json\/wp\/v2\/product_brand?post=162869"},{"taxonomy":"product_cat","embeddable":true,"href":"https:\/\/climalife.com\/es\/wp-json\/wp\/v2\/product_cat?post=162869"},{"taxonomy":"product_tag","embeddable":true,"href":"https:\/\/climalife.com\/es\/wp-json\/wp\/v2\/product_tag?post=162869"}],"curies":[{"name":"wp","href":"https:\/\/api.w.org\/{rel}","templated":true}]}}