{"id":162895,"date":"2022-09-28T18:12:19","date_gmt":"2022-09-28T18:12:19","guid":{"rendered":"http:\/\/climalife.com\/product\/fluorescente-f\/"},"modified":"2024-01-25T13:51:31","modified_gmt":"2024-01-25T13:51:31","slug":"fluorescent-f","status":"publish","type":"product","link":"https:\/\/climalife.com\/es\/product\/fluorescent-f\/","title":{"rendered":"Fluorescent F"},"content":{"rendered":"<p>1 litro de Fluorescent F puede tratar hasta 10 m<sup>3<\/sup> de un sistema.<\/p>\n","protected":false},"excerpt":{"rendered":"<p>Fluorescent F es un agente trazador para la detecci\u00f3n de fugas en circuitos caloportadores.<\/p>\n<p>Este aditivo est\u00e1 especialmente dise\u00f1ado para la detecci\u00f3n de fugas de caloportadores de monoetilenglicol (MEG) y monopropilenglicol (MPG) sin modificar el fluidos.<br \/>\nEl uso de una l\u00e1mpara ultravioleta permite identificar las zonas de fugas de forma r\u00e1pida y eficaz.<\/p>\n","protected":false},"featured_media":130968,"comment_status":"open","ping_status":"closed","template":"","meta":[],"countries":[4674,4709,4756,4813,4831,4862],"product_brand":[],"product_cat":[9984,9943,13093,13058,9952,9961,13136,9997,13084,13127,9970,9718],"product_tag":[],"class_list":{"0":"post-162895","1":"product","2":"type-product","3":"status-publish","4":"has-post-thumbnail","6":"countries-by","7":"countries-cu","8":"countries-ir","9":"countries-kp","10":"countries-ru","11":"countries-sy","12":"product_cat-aeronautica-aeroespacial-defensa","13":"product_cat-alimentacion","14":"product_cat-calefaccion","15":"product_cat-climatizacion","16":"product_cat-construccion","17":"product_cat-energia","18":"product_cat-energias-renovables","19":"product_cat-otros-sectores","20":"product_cat-proteccion-antincendios","21":"product_cat-refrigeracion","22":"product_cat-salud-bienestar","23":"product_cat-tratamiento-aditivos","24":"pa_packaging-botella-1-l-es-244","26":"first","27":"instock","28":"shipping-taxable","29":"purchasable","30":"product-type-variable"},"_links":{"self":[{"href":"https:\/\/climalife.com\/es\/wp-json\/wp\/v2\/product\/162895","targetHints":{"allow":["GET"]}}],"collection":[{"href":"https:\/\/climalife.com\/es\/wp-json\/wp\/v2\/product"}],"about":[{"href":"https:\/\/climalife.com\/es\/wp-json\/wp\/v2\/types\/product"}],"replies":[{"embeddable":true,"href":"https:\/\/climalife.com\/es\/wp-json\/wp\/v2\/comments?post=162895"}],"wp:featuredmedia":[{"embeddable":true,"href":"https:\/\/climalife.com\/es\/wp-json\/wp\/v2\/media\/130968"}],"wp:attachment":[{"href":"https:\/\/climalife.com\/es\/wp-json\/wp\/v2\/media?parent=162895"}],"wp:term":[{"taxonomy":"countries","embeddable":true,"href":"https:\/\/climalife.com\/es\/wp-json\/wp\/v2\/countries?post=162895"},{"taxonomy":"product_brand","embeddable":true,"href":"https:\/\/climalife.com\/es\/wp-json\/wp\/v2\/product_brand?post=162895"},{"taxonomy":"product_cat","embeddable":true,"href":"https:\/\/climalife.com\/es\/wp-json\/wp\/v2\/product_cat?post=162895"},{"taxonomy":"product_tag","embeddable":true,"href":"https:\/\/climalife.com\/es\/wp-json\/wp\/v2\/product_tag?post=162895"}],"curies":[{"name":"wp","href":"https:\/\/api.w.org\/{rel}","templated":true}]}}