{"id":163009,"date":"2022-09-28T18:14:28","date_gmt":"2022-09-28T18:14:28","guid":{"rendered":"http:\/\/climalife.com\/product\/total-planetelf-acd\/"},"modified":"2024-01-25T13:51:21","modified_gmt":"2024-01-25T13:51:21","slug":"total-planetelf-acd","status":"publish","type":"product","link":"https:\/\/climalife.com\/es\/product\/total-planetelf-acd\/","title":{"rendered":"Gama Total Planetelf ACD"},"content":{"rendered":"<p>Planetelf ACD 32 y 46 est\u00e1n designados para compresores rec\u00edprocos. Planetelf ACD 68 est\u00e1 dise\u00f1ado especialmente para sistemas de muy baja temperatura (&lt;50 \u00baC) y operaciones de reconversi\u00f3n. Planetelf ACD 100 FY, 150 FY y 220 FY est\u00e1n dise\u00f1ados para tornillos rotativos y compresores centr\u00edfugos.<\/p>\n","protected":false},"excerpt":{"rendered":"<p>Aceites sint\u00e9ticos de tipo poliol\u00e9ster (POE) formulados para compresores frigor\u00edficos.<\/p>\n","protected":false},"featured_media":108414,"comment_status":"open","ping_status":"closed","template":"","meta":[],"countries":[4674,4709,4756,4813,4831,4862],"product_brand":[],"product_cat":[9984,9943,9979,13093,13058,9952,9997,13425,13127,9970],"product_tag":[],"class_list":{"0":"post-163009","1":"product","2":"type-product","3":"status-publish","4":"has-post-thumbnail","6":"countries-by","7":"countries-cu","8":"countries-ir","9":"countries-kp","10":"countries-ru","11":"countries-sy","12":"product_cat-aeronautica-aeroespacial-defensa","13":"product_cat-alimentacion","14":"product_cat-automocion-transporte","15":"product_cat-calefaccion","16":"product_cat-climatizacion","17":"product_cat-construccion","18":"product_cat-otros-sectores","19":"product_cat-poe-es","20":"product_cat-refrigeracion","21":"product_cat-salud-bienestar","22":"pa_packaging-barril-de-208-l-es-49","23":"pa_packaging-bidon-1-l-es-63","24":"pa_packaging-bidon-20-l-es-36","25":"pa_packaging-bidon-de-5-l-es-35","27":"first","28":"instock","29":"shipping-taxable","30":"purchasable","31":"product-type-variable"},"_links":{"self":[{"href":"https:\/\/climalife.com\/es\/wp-json\/wp\/v2\/product\/163009","targetHints":{"allow":["GET"]}}],"collection":[{"href":"https:\/\/climalife.com\/es\/wp-json\/wp\/v2\/product"}],"about":[{"href":"https:\/\/climalife.com\/es\/wp-json\/wp\/v2\/types\/product"}],"replies":[{"embeddable":true,"href":"https:\/\/climalife.com\/es\/wp-json\/wp\/v2\/comments?post=163009"}],"wp:featuredmedia":[{"embeddable":true,"href":"https:\/\/climalife.com\/es\/wp-json\/wp\/v2\/media\/108414"}],"wp:attachment":[{"href":"https:\/\/climalife.com\/es\/wp-json\/wp\/v2\/media?parent=163009"}],"wp:term":[{"taxonomy":"countries","embeddable":true,"href":"https:\/\/climalife.com\/es\/wp-json\/wp\/v2\/countries?post=163009"},{"taxonomy":"product_brand","embeddable":true,"href":"https:\/\/climalife.com\/es\/wp-json\/wp\/v2\/product_brand?post=163009"},{"taxonomy":"product_cat","embeddable":true,"href":"https:\/\/climalife.com\/es\/wp-json\/wp\/v2\/product_cat?post=163009"},{"taxonomy":"product_tag","embeddable":true,"href":"https:\/\/climalife.com\/es\/wp-json\/wp\/v2\/product_tag?post=163009"}],"curies":[{"name":"wp","href":"https:\/\/api.w.org\/{rel}","templated":true}]}}