{"id":163195,"date":"2022-09-28T18:17:38","date_gmt":"2022-09-28T18:17:38","guid":{"rendered":"http:\/\/climalife.com\/product\/novexpans-n-pentano-ciclopentano-70-30\/"},"modified":"2025-07-31T12:34:44","modified_gmt":"2025-07-31T12:34:44","slug":"novexpans-n-pentano-ciclopentano-70-30","status":"publish","type":"product","link":"https:\/\/climalife.com\/es\/product\/novexpans-n-pentano-ciclopentano-70-30\/","title":{"rendered":"Novexpans\u2122 n-pentano\/ciclopentano (70\/30)"},"content":{"rendered":"<p>Su clasificaci\u00f3n H225 es una ventaja en cuanto a la legislaci\u00f3n sobre almacenamiento de productos qu\u00edmicos inflamables.<\/p>\n<p>La obtenci\u00f3n de una buena rigidez mec\u00e1nica de las espumas es muy apreciada en la fabricaci\u00f3n en continuo de paneles aislantes.<\/p>\n<p>Econ\u00f3mico y inofensivo para la capa de ozono.<\/p>\n","protected":false},"excerpt":{"rendered":"<p>Novexpans\u2122 n-pentano\/ciclopentano (70\/30) es una mezcla de n-pentano y ciclopentano que garantiza las especificaciones requeridas para la expansi\u00f3n de espumas de poliuretano r\u00edgidas.<\/p>\n","protected":false},"featured_media":126360,"comment_status":"open","ping_status":"closed","template":"","meta":[],"countries":[4674,4709,4756,4813,4831,4862],"product_brand":[],"product_cat":[13102,9943,9979,9952,9509,9997],"product_tag":[13819,13818],"class_list":{"0":"post-163195","1":"product","2":"type-product","3":"status-publish","4":"has-post-thumbnail","6":"countries-by","7":"countries-cu","8":"countries-ir","9":"countries-kp","10":"countries-ru","11":"countries-sy","12":"product_cat-aislamiento","13":"product_cat-alimentacion","14":"product_cat-automocion-transporte","15":"product_cat-construccion","16":"product_cat-hidrocarburos","17":"product_cat-otros-sectores","18":"product_tag-expansion-de-espumas","19":"product_tag-gas","20":"pa_packaging-a-granel-es-168","21":"pa_packaging-barril-217-i-es-30","22":"pa_packaging-contenedor-930-l-es-76","24":"first","25":"instock","26":"shipping-taxable","27":"purchasable","28":"product-type-variable"},"_links":{"self":[{"href":"https:\/\/climalife.com\/es\/wp-json\/wp\/v2\/product\/163195","targetHints":{"allow":["GET"]}}],"collection":[{"href":"https:\/\/climalife.com\/es\/wp-json\/wp\/v2\/product"}],"about":[{"href":"https:\/\/climalife.com\/es\/wp-json\/wp\/v2\/types\/product"}],"replies":[{"embeddable":true,"href":"https:\/\/climalife.com\/es\/wp-json\/wp\/v2\/comments?post=163195"}],"wp:featuredmedia":[{"embeddable":true,"href":"https:\/\/climalife.com\/es\/wp-json\/wp\/v2\/media\/126360"}],"wp:attachment":[{"href":"https:\/\/climalife.com\/es\/wp-json\/wp\/v2\/media?parent=163195"}],"wp:term":[{"taxonomy":"countries","embeddable":true,"href":"https:\/\/climalife.com\/es\/wp-json\/wp\/v2\/countries?post=163195"},{"taxonomy":"product_brand","embeddable":true,"href":"https:\/\/climalife.com\/es\/wp-json\/wp\/v2\/product_brand?post=163195"},{"taxonomy":"product_cat","embeddable":true,"href":"https:\/\/climalife.com\/es\/wp-json\/wp\/v2\/product_cat?post=163195"},{"taxonomy":"product_tag","embeddable":true,"href":"https:\/\/climalife.com\/es\/wp-json\/wp\/v2\/product_tag?post=163195"}],"curies":[{"name":"wp","href":"https:\/\/api.w.org\/{rel}","templated":true}]}}