{"id":163259,"date":"2022-09-28T18:18:41","date_gmt":"2022-09-28T18:18:41","guid":{"rendered":"http:\/\/climalife.com\/product\/r-422a-freontm-mo79\/"},"modified":"2025-02-18T09:54:29","modified_gmt":"2025-02-18T09:54:29","slug":"r-422a-freontm-mo79","status":"publish","type":"product","link":"https:\/\/climalife.com\/es\/product\/r-422a-freontm-mo79\/","title":{"rendered":"R-422A (Freon\u2122 MO79)"},"content":{"rendered":"<p><span id=\"result_box\" lang=\"es\">Puede utilizarse en nuevos sistemas de refrigeraci\u00f3n a baja temperatura para el almacenamiento en fr\u00edo y en aplicaciones de supermercado, agricultura y distribuci\u00f3n de alimentos.<\/span><\/p>\n","protected":false},"excerpt":{"rendered":"<p>FreonTM MO79 es una mezcla zeotr\u00f3pica de HFC dise\u00f1ada como reemplazo directo de mezclas basadas en R-22 (que reemplazaron previamente al R-502), tales como R402A, R403B y R408A. Tiende a ser utilizado en sistemas de refrigeraci\u00f3n de baja temperatura.<\/p>\n","protected":false},"featured_media":108639,"comment_status":"open","ping_status":"closed","template":"","meta":[],"countries":[4674,4709,4756,4813,4831,4862],"product_brand":[],"product_cat":[9943,9449,13127],"product_tag":[],"class_list":{"0":"post-163259","1":"product","2":"type-product","3":"status-publish","4":"has-post-thumbnail","6":"countries-by","7":"countries-cu","8":"countries-ir","9":"countries-kp","10":"countries-ru","11":"countries-sy","12":"product_cat-alimentacion","13":"product_cat-hfc-es-33","14":"product_cat-refrigeracion","15":"pa_packaging-botella-52-l-es-72","16":"pa_packaging-cubikool","18":"first","19":"instock","20":"shipping-taxable","21":"purchasable","22":"product-type-variable"},"_links":{"self":[{"href":"https:\/\/climalife.com\/es\/wp-json\/wp\/v2\/product\/163259","targetHints":{"allow":["GET"]}}],"collection":[{"href":"https:\/\/climalife.com\/es\/wp-json\/wp\/v2\/product"}],"about":[{"href":"https:\/\/climalife.com\/es\/wp-json\/wp\/v2\/types\/product"}],"replies":[{"embeddable":true,"href":"https:\/\/climalife.com\/es\/wp-json\/wp\/v2\/comments?post=163259"}],"wp:featuredmedia":[{"embeddable":true,"href":"https:\/\/climalife.com\/es\/wp-json\/wp\/v2\/media\/108639"}],"wp:attachment":[{"href":"https:\/\/climalife.com\/es\/wp-json\/wp\/v2\/media?parent=163259"}],"wp:term":[{"taxonomy":"countries","embeddable":true,"href":"https:\/\/climalife.com\/es\/wp-json\/wp\/v2\/countries?post=163259"},{"taxonomy":"product_brand","embeddable":true,"href":"https:\/\/climalife.com\/es\/wp-json\/wp\/v2\/product_brand?post=163259"},{"taxonomy":"product_cat","embeddable":true,"href":"https:\/\/climalife.com\/es\/wp-json\/wp\/v2\/product_cat?post=163259"},{"taxonomy":"product_tag","embeddable":true,"href":"https:\/\/climalife.com\/es\/wp-json\/wp\/v2\/product_tag?post=163259"}],"curies":[{"name":"wp","href":"https:\/\/api.w.org\/{rel}","templated":true}]}}