{"id":163299,"date":"2022-09-28T18:19:26","date_gmt":"2022-09-28T18:19:26","guid":{"rendered":"http:\/\/climalife.com\/product\/r-245fa\/"},"modified":"2025-02-17T13:00:54","modified_gmt":"2025-02-17T13:00:54","slug":"r-245fa","status":"publish","type":"product","link":"https:\/\/climalife.com\/es\/product\/r-245fa\/","title":{"rendered":"R-245fa"},"content":{"rendered":"<p>Tambi\u00e9n puede utilizarse en instalaciones de alta potencia equipadas con compresores centr\u00edfugos (una o m\u00e1s etapas) y puede sustituir al HCFC R-123.<\/p>\n","protected":false},"excerpt":{"rendered":"<p>R-245fa es un hidrofluorocarbono (HFC). Se utiliza para nuevas instalaciones como refrigerante especializado en aire acondicionado industrial, aire acondicionado en edificios, sistemas de recuperaci\u00f3n de calor del ciclo org\u00e1nico de Rankine (ORC) y para sistemas de recuperaci\u00f3n de energ\u00eda en entornos con altas temperaturas.<\/p>\n","protected":false},"featured_media":130428,"comment_status":"open","ping_status":"closed","template":"","meta":[],"countries":[4674,4709,4756,4813,4831,4862],"product_brand":[],"product_cat":[9984,13058,9952,9961,9449,13111],"product_tag":[],"class_list":{"0":"post-163299","1":"product","2":"type-product","3":"status-publish","4":"has-post-thumbnail","6":"countries-by","7":"countries-cu","8":"countries-ir","9":"countries-kp","10":"countries-ru","11":"countries-sy","12":"product_cat-aeronautica-aeroespacial-defensa","13":"product_cat-climatizacion","14":"product_cat-construccion","15":"product_cat-energia","16":"product_cat-hfc-es-33","17":"product_cat-orc-ciclo-organico-rankine","18":"pa_packaging-botella-52-l-es-72","20":"first","21":"instock","22":"shipping-taxable","23":"purchasable","24":"product-type-variable"},"_links":{"self":[{"href":"https:\/\/climalife.com\/es\/wp-json\/wp\/v2\/product\/163299","targetHints":{"allow":["GET"]}}],"collection":[{"href":"https:\/\/climalife.com\/es\/wp-json\/wp\/v2\/product"}],"about":[{"href":"https:\/\/climalife.com\/es\/wp-json\/wp\/v2\/types\/product"}],"replies":[{"embeddable":true,"href":"https:\/\/climalife.com\/es\/wp-json\/wp\/v2\/comments?post=163299"}],"wp:featuredmedia":[{"embeddable":true,"href":"https:\/\/climalife.com\/es\/wp-json\/wp\/v2\/media\/130428"}],"wp:attachment":[{"href":"https:\/\/climalife.com\/es\/wp-json\/wp\/v2\/media?parent=163299"}],"wp:term":[{"taxonomy":"countries","embeddable":true,"href":"https:\/\/climalife.com\/es\/wp-json\/wp\/v2\/countries?post=163299"},{"taxonomy":"product_brand","embeddable":true,"href":"https:\/\/climalife.com\/es\/wp-json\/wp\/v2\/product_brand?post=163299"},{"taxonomy":"product_cat","embeddable":true,"href":"https:\/\/climalife.com\/es\/wp-json\/wp\/v2\/product_cat?post=163299"},{"taxonomy":"product_tag","embeddable":true,"href":"https:\/\/climalife.com\/es\/wp-json\/wp\/v2\/product_tag?post=163299"}],"curies":[{"name":"wp","href":"https:\/\/api.w.org\/{rel}","templated":true}]}}