{"id":163306,"date":"2022-09-28T18:19:37","date_gmt":"2022-09-28T18:19:37","guid":{"rendered":"http:\/\/climalife.com\/product\/r-422d-freontm-mo29\/"},"modified":"2025-02-18T09:59:04","modified_gmt":"2025-02-18T09:59:04","slug":"r-422d-freontm-mo29","status":"publish","type":"product","link":"https:\/\/climalife.com\/es\/product\/r-422d-freontm-mo29\/","title":{"rendered":"R-422D (Freon\u2122 MO29)"},"content":{"rendered":"","protected":false},"excerpt":{"rendered":"<p>El R-422D (FreonTM MO29) es una mezcla de HFC zeotr\u00f3pica dise\u00f1ada como reemplazo directo del R-22 en sistemas de refrigeraci\u00f3n y aire acondicionado de expansi\u00f3n directa (Dx). Tambi\u00e9n se puede utilizar en enfriadoras de agua,\u00a0aunque a veces hay que tener cuidado con el dispositivo de expansi\u00f3n.<\/p>\n","protected":false},"featured_media":108990,"comment_status":"open","ping_status":"closed","template":"","meta":[],"countries":[4674,4709,4756,4813,4831,4862],"product_brand":[],"product_cat":[9952,9943,13058,13127,9449],"product_tag":[],"class_list":{"0":"post-163306","1":"product","2":"type-product","3":"status-publish","4":"has-post-thumbnail","6":"countries-by","7":"countries-cu","8":"countries-ir","9":"countries-kp","10":"countries-ru","11":"countries-sy","12":"product_cat-construccion","13":"product_cat-alimentacion","14":"product_cat-climatizacion","15":"product_cat-refrigeracion","16":"product_cat-hfc-es-33","17":"pa_packaging-botella-52-l-es-72","18":"pa_packaging-cubikool","20":"first","21":"instock","22":"shipping-taxable","23":"purchasable","24":"product-type-variable"},"_links":{"self":[{"href":"https:\/\/climalife.com\/es\/wp-json\/wp\/v2\/product\/163306","targetHints":{"allow":["GET"]}}],"collection":[{"href":"https:\/\/climalife.com\/es\/wp-json\/wp\/v2\/product"}],"about":[{"href":"https:\/\/climalife.com\/es\/wp-json\/wp\/v2\/types\/product"}],"replies":[{"embeddable":true,"href":"https:\/\/climalife.com\/es\/wp-json\/wp\/v2\/comments?post=163306"}],"wp:featuredmedia":[{"embeddable":true,"href":"https:\/\/climalife.com\/es\/wp-json\/wp\/v2\/media\/108990"}],"wp:attachment":[{"href":"https:\/\/climalife.com\/es\/wp-json\/wp\/v2\/media?parent=163306"}],"wp:term":[{"taxonomy":"countries","embeddable":true,"href":"https:\/\/climalife.com\/es\/wp-json\/wp\/v2\/countries?post=163306"},{"taxonomy":"product_brand","embeddable":true,"href":"https:\/\/climalife.com\/es\/wp-json\/wp\/v2\/product_brand?post=163306"},{"taxonomy":"product_cat","embeddable":true,"href":"https:\/\/climalife.com\/es\/wp-json\/wp\/v2\/product_cat?post=163306"},{"taxonomy":"product_tag","embeddable":true,"href":"https:\/\/climalife.com\/es\/wp-json\/wp\/v2\/product_tag?post=163306"}],"curies":[{"name":"wp","href":"https:\/\/api.w.org\/{rel}","templated":true}]}}