{"id":163348,"date":"2022-09-28T18:20:21","date_gmt":"2022-09-28T18:20:21","guid":{"rendered":"http:\/\/climalife.com\/product\/r-423a-freontm-39tc\/"},"modified":"2025-02-18T11:26:16","modified_gmt":"2025-02-18T11:26:16","slug":"r-423a-freontm-39tc","status":"publish","type":"product","link":"https:\/\/climalife.com\/es\/product\/r-423a-freontm-39tc\/","title":{"rendered":"R-423A (FreonTM 39TC)"},"content":{"rendered":"","protected":false},"excerpt":{"rendered":"<p>El R-423A (or FreonTM 39TC)\u00a0es una mezcla zeotr\u00f3pica de tipo HFC destinada a reemplazar el R-22 para sistemas de tipo refrigerante con m\u00e1quinas centr\u00edfugas.<\/p>\n","protected":false},"featured_media":109215,"comment_status":"open","ping_status":"closed","template":"","meta":[],"countries":[4674,4709,4756,4813,4831,4862],"product_brand":[],"product_cat":[9961,13058,9449],"product_tag":[],"class_list":{"0":"post-163348","1":"product","2":"type-product","3":"status-publish","4":"has-post-thumbnail","6":"countries-by","7":"countries-cu","8":"countries-ir","9":"countries-kp","10":"countries-ru","11":"countries-sy","12":"product_cat-energia","13":"product_cat-climatizacion","14":"product_cat-hfc-es-33","15":"pa_packaging-botella-52-l-es-72","17":"first","18":"instock","19":"shipping-taxable","20":"purchasable","21":"product-type-variable"},"_links":{"self":[{"href":"https:\/\/climalife.com\/es\/wp-json\/wp\/v2\/product\/163348","targetHints":{"allow":["GET"]}}],"collection":[{"href":"https:\/\/climalife.com\/es\/wp-json\/wp\/v2\/product"}],"about":[{"href":"https:\/\/climalife.com\/es\/wp-json\/wp\/v2\/types\/product"}],"replies":[{"embeddable":true,"href":"https:\/\/climalife.com\/es\/wp-json\/wp\/v2\/comments?post=163348"}],"wp:featuredmedia":[{"embeddable":true,"href":"https:\/\/climalife.com\/es\/wp-json\/wp\/v2\/media\/109215"}],"wp:attachment":[{"href":"https:\/\/climalife.com\/es\/wp-json\/wp\/v2\/media?parent=163348"}],"wp:term":[{"taxonomy":"countries","embeddable":true,"href":"https:\/\/climalife.com\/es\/wp-json\/wp\/v2\/countries?post=163348"},{"taxonomy":"product_brand","embeddable":true,"href":"https:\/\/climalife.com\/es\/wp-json\/wp\/v2\/product_brand?post=163348"},{"taxonomy":"product_cat","embeddable":true,"href":"https:\/\/climalife.com\/es\/wp-json\/wp\/v2\/product_cat?post=163348"},{"taxonomy":"product_tag","embeddable":true,"href":"https:\/\/climalife.com\/es\/wp-json\/wp\/v2\/product_tag?post=163348"}],"curies":[{"name":"wp","href":"https:\/\/api.w.org\/{rel}","templated":true}]}}