{"id":163537,"date":"2022-09-28T18:24:00","date_gmt":"2022-09-28T18:24:00","guid":{"rendered":"http:\/\/climalife.com\/product\/control-del-umbral-de-sensibilidad-5-g-ano\/"},"modified":"2024-01-25T13:50:40","modified_gmt":"2024-01-25T13:50:40","slug":"control-del-umbral-de-sensibilidad-5-g-ano","status":"publish","type":"product","link":"https:\/\/climalife.com\/es\/product\/control-del-umbral-de-sensibilidad-5-g-ano\/","title":{"rendered":"Control del umbral de sensibilidad 5 g\/a\u00f1o"},"content":{"rendered":"","protected":false},"excerpt":{"rendered":"<p>Control de sensibilidad a 5 g\/a\u00f1o para detectores port\u00e1tiles + informe de verificaci\u00f3n.<\/p>\n","protected":false},"featured_media":107505,"comment_status":"open","ping_status":"closed","template":"","meta":[],"countries":[4674,4709,4756,4813,4831,4862],"product_brand":[],"product_cat":[9984,9979,9952,9961,9943,9970,9997,13058,13111,13127,9376],"product_tag":[],"class_list":{"0":"post-163537","1":"product","2":"type-product","3":"status-publish","4":"has-post-thumbnail","6":"countries-by","7":"countries-cu","8":"countries-ir","9":"countries-kp","10":"countries-ru","11":"countries-sy","12":"product_cat-aeronautica-aeroespacial-defensa","13":"product_cat-automocion-transporte","14":"product_cat-construccion","15":"product_cat-energia","16":"product_cat-alimentacion","17":"product_cat-salud-bienestar","18":"product_cat-otros-sectores","19":"product_cat-climatizacion","20":"product_cat-orc-ciclo-organico-rankine","21":"product_cat-refrigeracion","22":"product_cat-detector-portatil","23":"pa_packaging-unidad-es-25","25":"first","26":"instock","27":"shipping-taxable","28":"purchasable","29":"product-type-variable"},"_links":{"self":[{"href":"https:\/\/climalife.com\/es\/wp-json\/wp\/v2\/product\/163537","targetHints":{"allow":["GET"]}}],"collection":[{"href":"https:\/\/climalife.com\/es\/wp-json\/wp\/v2\/product"}],"about":[{"href":"https:\/\/climalife.com\/es\/wp-json\/wp\/v2\/types\/product"}],"replies":[{"embeddable":true,"href":"https:\/\/climalife.com\/es\/wp-json\/wp\/v2\/comments?post=163537"}],"wp:featuredmedia":[{"embeddable":true,"href":"https:\/\/climalife.com\/es\/wp-json\/wp\/v2\/media\/107505"}],"wp:attachment":[{"href":"https:\/\/climalife.com\/es\/wp-json\/wp\/v2\/media?parent=163537"}],"wp:term":[{"taxonomy":"countries","embeddable":true,"href":"https:\/\/climalife.com\/es\/wp-json\/wp\/v2\/countries?post=163537"},{"taxonomy":"product_brand","embeddable":true,"href":"https:\/\/climalife.com\/es\/wp-json\/wp\/v2\/product_brand?post=163537"},{"taxonomy":"product_cat","embeddable":true,"href":"https:\/\/climalife.com\/es\/wp-json\/wp\/v2\/product_cat?post=163537"},{"taxonomy":"product_tag","embeddable":true,"href":"https:\/\/climalife.com\/es\/wp-json\/wp\/v2\/product_tag?post=163537"}],"curies":[{"name":"wp","href":"https:\/\/api.w.org\/{rel}","templated":true}]}}