{"id":163546,"date":"2022-09-28T18:24:11","date_gmt":"2022-09-28T18:24:11","guid":{"rendered":"http:\/\/climalife.com\/product\/r-427a\/"},"modified":"2025-04-02T15:15:28","modified_gmt":"2025-04-02T15:15:28","slug":"r-427a","status":"publish","type":"product","link":"https:\/\/climalife.com\/es\/product\/r-427a\/","title":{"rendered":"R-427A"},"content":{"rendered":"","protected":false},"excerpt":{"rendered":"<p>El R-427A es una mezcla zeotr\u00f3pica de HFC dise\u00f1ada para reemplazar el R-22 (HCFC) por la conversi\u00f3n de sistemas existentes o para su uso en nuevos sistemas. Puede ser utilizado en sistemas de refrigeraci\u00f3n de expansi\u00f3n directa y en aire acondicionado.<\/p>\n","protected":false},"featured_media":109044,"comment_status":"open","ping_status":"closed","template":"","meta":[],"countries":[4674,4709,4756,4813,4831,4862],"product_brand":[],"product_cat":[9943,9449,13127],"product_tag":[],"class_list":{"0":"post-163546","1":"product","2":"type-product","3":"status-publish","4":"has-post-thumbnail","6":"countries-by","7":"countries-cu","8":"countries-ir","9":"countries-kp","10":"countries-ru","11":"countries-sy","12":"product_cat-alimentacion","13":"product_cat-hfc-es-33","14":"product_cat-refrigeracion","15":"pa_packaging-botella-52-l-es-72","16":"pa_packaging-contenedor-448-l-es-74","17":"pa_packaging-contenedor-930-l-es-76","18":"pa_packaging-friostar-es-69","20":"first","21":"instock","22":"shipping-taxable","23":"purchasable","24":"product-type-variable"},"_links":{"self":[{"href":"https:\/\/climalife.com\/es\/wp-json\/wp\/v2\/product\/163546","targetHints":{"allow":["GET"]}}],"collection":[{"href":"https:\/\/climalife.com\/es\/wp-json\/wp\/v2\/product"}],"about":[{"href":"https:\/\/climalife.com\/es\/wp-json\/wp\/v2\/types\/product"}],"replies":[{"embeddable":true,"href":"https:\/\/climalife.com\/es\/wp-json\/wp\/v2\/comments?post=163546"}],"wp:featuredmedia":[{"embeddable":true,"href":"https:\/\/climalife.com\/es\/wp-json\/wp\/v2\/media\/109044"}],"wp:attachment":[{"href":"https:\/\/climalife.com\/es\/wp-json\/wp\/v2\/media?parent=163546"}],"wp:term":[{"taxonomy":"countries","embeddable":true,"href":"https:\/\/climalife.com\/es\/wp-json\/wp\/v2\/countries?post=163546"},{"taxonomy":"product_brand","embeddable":true,"href":"https:\/\/climalife.com\/es\/wp-json\/wp\/v2\/product_brand?post=163546"},{"taxonomy":"product_cat","embeddable":true,"href":"https:\/\/climalife.com\/es\/wp-json\/wp\/v2\/product_cat?post=163546"},{"taxonomy":"product_tag","embeddable":true,"href":"https:\/\/climalife.com\/es\/wp-json\/wp\/v2\/product_tag?post=163546"}],"curies":[{"name":"wp","href":"https:\/\/api.w.org\/{rel}","templated":true}]}}