{"id":163755,"date":"2022-09-28T18:28:07","date_gmt":"2022-09-28T18:28:07","guid":{"rendered":"http:\/\/climalife.com\/product\/total-lunaria-sh46\/"},"modified":"2024-01-25T13:50:23","modified_gmt":"2024-01-25T13:50:23","slug":"total-lunaria-sh46","status":"publish","type":"product","link":"https:\/\/climalife.com\/es\/product\/total-lunaria-sh46\/","title":{"rendered":"Total Lunaria SH46"},"content":{"rendered":"","protected":false},"excerpt":{"rendered":"<p>Total Lunaria SH46 es un aceite polialfaolef\u00ednico PAO para la lubricaci\u00f3n de compresores de refrigeraci\u00f3n que funcionan con amoniaco (NH<sub>3<\/sub>).<\/p>\n","protected":false},"featured_media":117882,"comment_status":"open","ping_status":"closed","template":"","meta":[],"countries":[4674,4709,4756,4813,4831,4862],"product_brand":[],"product_cat":[9984,9943,9970,9997,13093,13127,13461],"product_tag":[],"class_list":{"0":"post-163755","1":"product","2":"type-product","3":"status-publish","4":"has-post-thumbnail","6":"countries-by","7":"countries-cu","8":"countries-ir","9":"countries-kp","10":"countries-ru","11":"countries-sy","12":"product_cat-aeronautica-aeroespacial-defensa","13":"product_cat-alimentacion","14":"product_cat-salud-bienestar","15":"product_cat-otros-sectores","16":"product_cat-calefaccion","17":"product_cat-refrigeracion","18":"product_cat-pao-es","19":"pa_packaging-barril-de-208-l-es-49","20":"pa_packaging-bidon-20-l-es-36","22":"first","23":"instock","24":"shipping-taxable","25":"purchasable","26":"product-type-variable"},"_links":{"self":[{"href":"https:\/\/climalife.com\/es\/wp-json\/wp\/v2\/product\/163755","targetHints":{"allow":["GET"]}}],"collection":[{"href":"https:\/\/climalife.com\/es\/wp-json\/wp\/v2\/product"}],"about":[{"href":"https:\/\/climalife.com\/es\/wp-json\/wp\/v2\/types\/product"}],"replies":[{"embeddable":true,"href":"https:\/\/climalife.com\/es\/wp-json\/wp\/v2\/comments?post=163755"}],"wp:featuredmedia":[{"embeddable":true,"href":"https:\/\/climalife.com\/es\/wp-json\/wp\/v2\/media\/117882"}],"wp:attachment":[{"href":"https:\/\/climalife.com\/es\/wp-json\/wp\/v2\/media?parent=163755"}],"wp:term":[{"taxonomy":"countries","embeddable":true,"href":"https:\/\/climalife.com\/es\/wp-json\/wp\/v2\/countries?post=163755"},{"taxonomy":"product_brand","embeddable":true,"href":"https:\/\/climalife.com\/es\/wp-json\/wp\/v2\/product_brand?post=163755"},{"taxonomy":"product_cat","embeddable":true,"href":"https:\/\/climalife.com\/es\/wp-json\/wp\/v2\/product_cat?post=163755"},{"taxonomy":"product_tag","embeddable":true,"href":"https:\/\/climalife.com\/es\/wp-json\/wp\/v2\/product_tag?post=163755"}],"curies":[{"name":"wp","href":"https:\/\/api.w.org\/{rel}","templated":true}]}}