{"id":163828,"date":"2022-09-28T18:29:31","date_gmt":"2022-09-28T18:29:31","guid":{"rendered":"http:\/\/climalife.com\/product\/mobil-arctic-shc-nh-68\/"},"modified":"2025-10-16T13:09:44","modified_gmt":"2025-10-16T13:09:44","slug":"mobil-gargoyle-arctic-shc-nh-68","status":"publish","type":"product","link":"https:\/\/climalife.com\/es\/product\/mobil-gargoyle-arctic-shc-nh-68\/","title":{"rendered":"Mobil Gargoyle Arctic SHC NH 68"},"content":{"rendered":"","protected":false},"excerpt":{"rendered":"<p data-start=\"153\" data-end=\"398\">Mobil Gargoyle Arctic SHC NH 68 es un lubricante totalmente sint\u00e9tico, dise\u00f1ado espec\u00edficamente para la lubricaci\u00f3n de compresores de refrigeraci\u00f3n en instalaciones de alto rendimiento que utilizan amon\u00edaco (NH\u2083) como refrigerante.Est\u00e1 formulado a partir de hidrocarburos sint\u00e9ticos sin cera del tipo poli-alfa-olefinas (PAO) y aceites base sint\u00e9ticos alquilbenc\u00e9nicos, que han demostrado una resistencia excepcional a la degradaci\u00f3n t\u00e9rmica y oxidativa.<\/p>\n<p data-start=\"637\" data-end=\"859\">Incluso en las condiciones de funcionamiento m\u00e1s exigentes, Mobil Gargoyle Arctic SHC NH 68 act\u00faa eficazmente frente a la formaci\u00f3n de lodos y dep\u00f3sitos, evitando o minimizando as\u00ed la obstrucci\u00f3n de v\u00e1lvulas o filtros.<\/p>\n","protected":false},"featured_media":121914,"comment_status":"open","ping_status":"closed","template":"","meta":[],"countries":[4674,4709,4756,4813,4831,4862],"product_brand":[],"product_cat":[9984,9943,9970,9997,13093,13127,13434],"product_tag":[],"class_list":{"0":"post-163828","1":"product","2":"type-product","3":"status-publish","4":"has-post-thumbnail","6":"countries-by","7":"countries-cu","8":"countries-ir","9":"countries-kp","10":"countries-ru","11":"countries-sy","12":"product_cat-aeronautica-aeroespacial-defensa","13":"product_cat-alimentacion","14":"product_cat-salud-bienestar","15":"product_cat-otros-sectores","16":"product_cat-calefaccion","17":"product_cat-refrigeracion","18":"product_cat-ab-es","19":"pa_packaging-bidon-20-l-es-36","21":"first","22":"instock","23":"shipping-taxable","24":"purchasable","25":"product-type-variable"},"_links":{"self":[{"href":"https:\/\/climalife.com\/es\/wp-json\/wp\/v2\/product\/163828","targetHints":{"allow":["GET"]}}],"collection":[{"href":"https:\/\/climalife.com\/es\/wp-json\/wp\/v2\/product"}],"about":[{"href":"https:\/\/climalife.com\/es\/wp-json\/wp\/v2\/types\/product"}],"replies":[{"embeddable":true,"href":"https:\/\/climalife.com\/es\/wp-json\/wp\/v2\/comments?post=163828"}],"wp:featuredmedia":[{"embeddable":true,"href":"https:\/\/climalife.com\/es\/wp-json\/wp\/v2\/media\/121914"}],"wp:attachment":[{"href":"https:\/\/climalife.com\/es\/wp-json\/wp\/v2\/media?parent=163828"}],"wp:term":[{"taxonomy":"countries","embeddable":true,"href":"https:\/\/climalife.com\/es\/wp-json\/wp\/v2\/countries?post=163828"},{"taxonomy":"product_brand","embeddable":true,"href":"https:\/\/climalife.com\/es\/wp-json\/wp\/v2\/product_brand?post=163828"},{"taxonomy":"product_cat","embeddable":true,"href":"https:\/\/climalife.com\/es\/wp-json\/wp\/v2\/product_cat?post=163828"},{"taxonomy":"product_tag","embeddable":true,"href":"https:\/\/climalife.com\/es\/wp-json\/wp\/v2\/product_tag?post=163828"}],"curies":[{"name":"wp","href":"https:\/\/api.w.org\/{rel}","templated":true}]}}