{"id":163847,"date":"2022-09-28T18:29:55","date_gmt":"2022-09-28T18:29:55","guid":{"rendered":"http:\/\/climalife.com\/product\/zerol-150\/"},"modified":"2024-01-25T13:50:13","modified_gmt":"2024-01-25T13:50:13","slug":"aceite-zerol-150","status":"publish","type":"product","link":"https:\/\/climalife.com\/es\/product\/aceite-zerol-150\/","title":{"rendered":"Aceite Zerol 150"},"content":{"rendered":"","protected":false},"excerpt":{"rendered":"<p>Aceite alquilbenc\u00e9nico AB dise\u00f1ado para lubricar compresores usados en refrigeraci\u00f3n, bombas de calor y sistemas de aire acondicionado.<\/p>\n","protected":false},"featured_media":108378,"comment_status":"open","ping_status":"closed","template":"","meta":[],"countries":[4674,4709,4756,4813,4831,4862],"product_brand":[],"product_cat":[9984,9979,9952,9961,9943,9970,9997,13093,13127,13434],"product_tag":[],"class_list":{"0":"post-163847","1":"product","2":"type-product","3":"status-publish","4":"has-post-thumbnail","6":"countries-by","7":"countries-cu","8":"countries-ir","9":"countries-kp","10":"countries-ru","11":"countries-sy","12":"product_cat-aeronautica-aeroespacial-defensa","13":"product_cat-automocion-transporte","14":"product_cat-construccion","15":"product_cat-energia","16":"product_cat-alimentacion","17":"product_cat-salud-bienestar","18":"product_cat-otros-sectores","19":"product_cat-calefaccion","20":"product_cat-refrigeracion","21":"product_cat-ab-es","22":"pa_packaging-bidon-de-5-l-es-35","24":"first","25":"instock","26":"shipping-taxable","27":"purchasable","28":"product-type-variable"},"_links":{"self":[{"href":"https:\/\/climalife.com\/es\/wp-json\/wp\/v2\/product\/163847","targetHints":{"allow":["GET"]}}],"collection":[{"href":"https:\/\/climalife.com\/es\/wp-json\/wp\/v2\/product"}],"about":[{"href":"https:\/\/climalife.com\/es\/wp-json\/wp\/v2\/types\/product"}],"replies":[{"embeddable":true,"href":"https:\/\/climalife.com\/es\/wp-json\/wp\/v2\/comments?post=163847"}],"wp:featuredmedia":[{"embeddable":true,"href":"https:\/\/climalife.com\/es\/wp-json\/wp\/v2\/media\/108378"}],"wp:attachment":[{"href":"https:\/\/climalife.com\/es\/wp-json\/wp\/v2\/media?parent=163847"}],"wp:term":[{"taxonomy":"countries","embeddable":true,"href":"https:\/\/climalife.com\/es\/wp-json\/wp\/v2\/countries?post=163847"},{"taxonomy":"product_brand","embeddable":true,"href":"https:\/\/climalife.com\/es\/wp-json\/wp\/v2\/product_brand?post=163847"},{"taxonomy":"product_cat","embeddable":true,"href":"https:\/\/climalife.com\/es\/wp-json\/wp\/v2\/product_cat?post=163847"},{"taxonomy":"product_tag","embeddable":true,"href":"https:\/\/climalife.com\/es\/wp-json\/wp\/v2\/product_tag?post=163847"}],"curies":[{"name":"wp","href":"https:\/\/api.w.org\/{rel}","templated":true}]}}