{"id":163910,"date":"2023-07-28T12:27:11","date_gmt":"2023-07-28T12:27:11","guid":{"rendered":"http:\/\/climalife.com\/product\/regeneracion-de-hcfc-y-hfc\/"},"modified":"2026-01-29T13:54:49","modified_gmt":"2026-01-29T13:54:49","slug":"gestion-residuos-gas-fluorado","status":"publish","type":"product","link":"https:\/\/climalife.com\/es\/product\/gestion-residuos-gas-fluorado\/","title":{"rendered":"Gesti\u00f3n de residuos de gas fluorado"},"content":{"rendered":"<p>El tratamiento de <strong>gas fluorado<\/strong>\u00a0puede ser <strong>regeneraci\u00f3n<\/strong> si el fluido cumple las exigencias m\u00ednimas o la <strong>destrucci\u00f3n<\/strong> si no lo hace.\u00a0En todos los casos conlleva un <strong>pesaje + an\u00e1lisis<\/strong> b\u00e1sico de contenido por el laboratorio de Climalife.<\/p>\n<p>Climalife puede encargarse tambi\u00e9n de gestionar sus residuos de aceites lubricantes y caloportadores glicol para su destrucci\u00f3n conforme a normativa.<\/p>\n<p>Despliegue la pesta\u00f1a &#8220;Fichas t\u00e9cnicas y de seguridad&#8221; y descargue nuestro <strong>protocolo de tratamiento de fluidos <\/strong>refrigerantes y<strong> la solicitud de recogida<\/strong> de la empresa mantenedora\u00a0a Climalife.<\/p>\n<p>Consulte nuestra <a href=\"https:\/\/climalife.com\/es\/residuos-tabla-de-llenado-maximo-de-envases-de-recuperacion\/\" target=\"_blank\" rel=\"noopener\">tabla b\u00e1sica de llenado m\u00e1ximo<\/a> para <a href=\"https:\/\/climalife.com\/es\/product\/botella-de-recuperacion-2\/\">envases <\/a>de recuperaci\u00f3n, junto con una peque\u00f1a <a href=\"https:\/\/climalife.com\/es\/guia-de-buenas-practicas-con-envases-a-presion\/\" target=\"_blank\" rel=\"noopener\">gu\u00eda de buenas pr\u00e1cticas<\/a> para evitar el sobrellenado.<\/p>\n<p>&nbsp;<\/p>\n","protected":false},"excerpt":{"rendered":"<p>Climalife es gestor autorizado de residuos en Espa\u00f1a con su filial Friogas S.A.U. desde hace m\u00e1s de 30 a\u00f1os.<\/p>\n","protected":false},"featured_media":150636,"comment_status":"open","ping_status":"closed","template":"","meta":[],"countries":[4674,4709,4756,4813,4831,4862],"product_brand":[],"product_cat":[9952,9961,9943,9997,13058,13075,13093,13111,13127,13886],"product_tag":[],"class_list":{"0":"post-163910","1":"product","2":"type-product","3":"status-publish","4":"has-post-thumbnail","6":"countries-by","7":"countries-cu","8":"countries-ir","9":"countries-kp","10":"countries-ru","11":"countries-sy","12":"product_cat-construccion","13":"product_cat-energia","14":"product_cat-alimentacion","15":"product_cat-otros-sectores","16":"product_cat-climatizacion","17":"product_cat-desmantelamiento-destruccion","18":"product_cat-calefaccion","19":"product_cat-orc-ciclo-organico-rankine","20":"product_cat-refrigeracion","21":"product_cat-gestion-de-residuos","23":"first","24":"instock","25":"shipping-taxable","26":"purchasable","27":"product-type-simple"},"_links":{"self":[{"href":"https:\/\/climalife.com\/es\/wp-json\/wp\/v2\/product\/163910","targetHints":{"allow":["GET"]}}],"collection":[{"href":"https:\/\/climalife.com\/es\/wp-json\/wp\/v2\/product"}],"about":[{"href":"https:\/\/climalife.com\/es\/wp-json\/wp\/v2\/types\/product"}],"replies":[{"embeddable":true,"href":"https:\/\/climalife.com\/es\/wp-json\/wp\/v2\/comments?post=163910"}],"wp:featuredmedia":[{"embeddable":true,"href":"https:\/\/climalife.com\/es\/wp-json\/wp\/v2\/media\/150636"}],"wp:attachment":[{"href":"https:\/\/climalife.com\/es\/wp-json\/wp\/v2\/media?parent=163910"}],"wp:term":[{"taxonomy":"countries","embeddable":true,"href":"https:\/\/climalife.com\/es\/wp-json\/wp\/v2\/countries?post=163910"},{"taxonomy":"product_brand","embeddable":true,"href":"https:\/\/climalife.com\/es\/wp-json\/wp\/v2\/product_brand?post=163910"},{"taxonomy":"product_cat","embeddable":true,"href":"https:\/\/climalife.com\/es\/wp-json\/wp\/v2\/product_cat?post=163910"},{"taxonomy":"product_tag","embeddable":true,"href":"https:\/\/climalife.com\/es\/wp-json\/wp\/v2\/product_tag?post=163910"}],"curies":[{"name":"wp","href":"https:\/\/api.w.org\/{rel}","templated":true}]}}