{"id":180184,"date":"2022-10-05T00:20:08","date_gmt":"2022-10-05T00:20:08","guid":{"rendered":"http:\/\/climalife.com\/product\/pgm-ir-y-pgm-ir-co2\/"},"modified":"2024-12-06T16:51:44","modified_gmt":"2024-12-06T16:51:44","slug":"pgm-ir-y-pgm-ir-co2","status":"publish","type":"product","link":"https:\/\/climalife.com\/es\/product\/pgm-ir-y-pgm-ir-co2\/","title":{"rendered":"PGM-IR y PGM-IR CO2"},"content":{"rendered":"<p>Indica el nivel de ppm del fluido a detectar <strong>en tiempo real.<\/strong><br \/>\nEl PGR-IR tiene una biblioteca integrada de m\u00e1s de 50 refrigerantes que le permite detectar <strong>con precisi\u00f3n<\/strong> incluso las fugas m\u00e1s peque\u00f1as en su origen.<\/p>\n<p>El PGR-IR CO<sub>2<\/sub> est\u00e1 dedicado a la detecci\u00f3n de di\u00f3xido de carbono.<\/p>\n","protected":false},"excerpt":{"rendered":"<p>El detector de fugas port\u00e1til PGM-IR \/ PGM-IR CO<sub>2<\/sub> de Bacharach ofrece un rendimiento y una funcionalidad superiores para la detecci\u00f3n de fugas de bajo nivel de ppm de refrigerantes, CO<sub>2<\/sub>, \u00f3xido nitroso o hexafluoruro de azufre.<\/p>\n","protected":false},"featured_media":132795,"comment_status":"open","ping_status":"closed","template":"","meta":[],"countries":[4674,4709,4756,4813,4831,4862],"product_brand":[],"product_cat":[9952,9943,9376],"product_tag":[],"class_list":{"0":"post-180184","1":"product","2":"type-product","3":"status-publish","4":"has-post-thumbnail","6":"countries-by","7":"countries-cu","8":"countries-ir","9":"countries-kp","10":"countries-ru","11":"countries-sy","12":"product_cat-construccion","13":"product_cat-alimentacion","14":"product_cat-detector-portatil","16":"first","17":"instock","18":"shipping-taxable","19":"purchasable","20":"product-type-variable","21":"has-default-attributes"},"_links":{"self":[{"href":"https:\/\/climalife.com\/es\/wp-json\/wp\/v2\/product\/180184","targetHints":{"allow":["GET"]}}],"collection":[{"href":"https:\/\/climalife.com\/es\/wp-json\/wp\/v2\/product"}],"about":[{"href":"https:\/\/climalife.com\/es\/wp-json\/wp\/v2\/types\/product"}],"replies":[{"embeddable":true,"href":"https:\/\/climalife.com\/es\/wp-json\/wp\/v2\/comments?post=180184"}],"wp:featuredmedia":[{"embeddable":true,"href":"https:\/\/climalife.com\/es\/wp-json\/wp\/v2\/media\/132795"}],"wp:attachment":[{"href":"https:\/\/climalife.com\/es\/wp-json\/wp\/v2\/media?parent=180184"}],"wp:term":[{"taxonomy":"countries","embeddable":true,"href":"https:\/\/climalife.com\/es\/wp-json\/wp\/v2\/countries?post=180184"},{"taxonomy":"product_brand","embeddable":true,"href":"https:\/\/climalife.com\/es\/wp-json\/wp\/v2\/product_brand?post=180184"},{"taxonomy":"product_cat","embeddable":true,"href":"https:\/\/climalife.com\/es\/wp-json\/wp\/v2\/product_cat?post=180184"},{"taxonomy":"product_tag","embeddable":true,"href":"https:\/\/climalife.com\/es\/wp-json\/wp\/v2\/product_tag?post=180184"}],"curies":[{"name":"wp","href":"https:\/\/api.w.org\/{rel}","templated":true}]}}