{"id":180204,"date":"2022-10-05T00:22:00","date_gmt":"2022-10-05T00:22:00","guid":{"rendered":"http:\/\/climalife.com\/product\/sapre-hrd-92sc\/"},"modified":"2024-01-25T13:50:10","modified_gmt":"2024-01-25T13:50:10","slug":"sapre-hrd-92sc","status":"publish","type":"product","link":"https:\/\/climalife.com\/es\/product\/sapre-hrd-92sc\/","title":{"rendered":"SAPRE HRD 92SC"},"content":{"rendered":"<p>El HRD 92SC de SAPRE detecta todos los HFO, HFC, HC, as\u00ed como R-600a, R-290, NH<sub>3<\/sub> y H<sub>2<\/sub>\/N<sub>2<\/sub>. Este detector de alta sensibilidad (1 g\/a\u00f1o) se\u00f1ala la presencia de una fuga con una alarma sonora y visual. Funcional y f\u00e1cil de usar, el detector autocalibrado HRD 92SC se suministra en un estuche de protecci\u00f3n con bater\u00edas recargables y un cargador de red.<\/p>\n","protected":false},"excerpt":{"rendered":"<p>Sapre HRD 92SC es un detector de fugas de refrigerante para uso industrial.<\/p>\n","protected":false},"featured_media":180044,"comment_status":"open","ping_status":"closed","template":"","meta":[],"countries":[4674,4685,4709,4756,4813,4831,4862],"product_brand":[],"product_cat":[9376],"product_tag":[],"class_list":{"0":"post-180204","1":"product","2":"type-product","3":"status-publish","4":"has-post-thumbnail","6":"countries-by","7":"countries-io","8":"countries-cu","9":"countries-ir","10":"countries-kp","11":"countries-ru","12":"countries-sy","13":"product_cat-detector-portatil","14":"pa_packaging-unidad-es-25","16":"first","17":"instock","18":"shipping-taxable","19":"purchasable","20":"product-type-variable"},"_links":{"self":[{"href":"https:\/\/climalife.com\/es\/wp-json\/wp\/v2\/product\/180204","targetHints":{"allow":["GET"]}}],"collection":[{"href":"https:\/\/climalife.com\/es\/wp-json\/wp\/v2\/product"}],"about":[{"href":"https:\/\/climalife.com\/es\/wp-json\/wp\/v2\/types\/product"}],"replies":[{"embeddable":true,"href":"https:\/\/climalife.com\/es\/wp-json\/wp\/v2\/comments?post=180204"}],"wp:featuredmedia":[{"embeddable":true,"href":"https:\/\/climalife.com\/es\/wp-json\/wp\/v2\/media\/180044"}],"wp:attachment":[{"href":"https:\/\/climalife.com\/es\/wp-json\/wp\/v2\/media?parent=180204"}],"wp:term":[{"taxonomy":"countries","embeddable":true,"href":"https:\/\/climalife.com\/es\/wp-json\/wp\/v2\/countries?post=180204"},{"taxonomy":"product_brand","embeddable":true,"href":"https:\/\/climalife.com\/es\/wp-json\/wp\/v2\/product_brand?post=180204"},{"taxonomy":"product_cat","embeddable":true,"href":"https:\/\/climalife.com\/es\/wp-json\/wp\/v2\/product_cat?post=180204"},{"taxonomy":"product_tag","embeddable":true,"href":"https:\/\/climalife.com\/es\/wp-json\/wp\/v2\/product_tag?post=180204"}],"curies":[{"name":"wp","href":"https:\/\/api.w.org\/{rel}","templated":true}]}}