{"id":197119,"date":"2023-05-05T07:28:15","date_gmt":"2023-05-05T07:28:15","guid":{"rendered":"https:\/\/climalife.com\/product\/systeme-charge-fluide-frigorigene\/"},"modified":"2026-01-29T13:54:52","modified_gmt":"2026-01-29T13:54:52","slug":"sistema-carga-gas","status":"publish","type":"product","link":"https:\/\/climalife.com\/es\/product\/sistema-carga-gas\/","title":{"rendered":"Sistema de carga de gas licuado"},"content":{"rendered":"<p>Monofluido o multifluido, el equipo puede conectarse a la herramienta de trazabilidad del cliente para recibir los par\u00e1metros del ciclo y enviar los resultados del mismo. Puede instalarse en una cabina Atex ventilada para refrigerantes inflamables.<\/p>\n","protected":false},"excerpt":{"rendered":"<p>Estaci\u00f3n de carga dise\u00f1ada a medida para pruebas autom\u00e1ticas de presi\u00f3n, extracci\u00f3n en vac\u00edo y carga con gases licuados inflamables o no inflamables (sistema de carga de refrigerante, gas propelente, agente de expansi\u00f3n).<\/p>\n","protected":false},"featured_media":201348,"comment_status":"open","ping_status":"closed","template":"","meta":[],"countries":[4674,4709,4756,4813,4831,4862],"product_brand":[],"product_cat":[9979,9952,9997,13058,13093,13127,13484],"product_tag":[],"class_list":{"0":"post-197119","1":"product","2":"type-product","3":"status-publish","4":"has-post-thumbnail","6":"countries-by","7":"countries-cu","8":"countries-ir","9":"countries-kp","10":"countries-ru","11":"countries-sy","12":"product_cat-automocion-transporte","13":"product_cat-construccion","14":"product_cat-otros-sectores","15":"product_cat-climatizacion","16":"product_cat-calefaccion","17":"product_cat-refrigeracion","18":"product_cat-estaciones-de-llenado","20":"first","21":"instock","22":"shipping-taxable","23":"purchasable","24":"product-type-simple"},"_links":{"self":[{"href":"https:\/\/climalife.com\/es\/wp-json\/wp\/v2\/product\/197119","targetHints":{"allow":["GET"]}}],"collection":[{"href":"https:\/\/climalife.com\/es\/wp-json\/wp\/v2\/product"}],"about":[{"href":"https:\/\/climalife.com\/es\/wp-json\/wp\/v2\/types\/product"}],"replies":[{"embeddable":true,"href":"https:\/\/climalife.com\/es\/wp-json\/wp\/v2\/comments?post=197119"}],"wp:featuredmedia":[{"embeddable":true,"href":"https:\/\/climalife.com\/es\/wp-json\/wp\/v2\/media\/201348"}],"wp:attachment":[{"href":"https:\/\/climalife.com\/es\/wp-json\/wp\/v2\/media?parent=197119"}],"wp:term":[{"taxonomy":"countries","embeddable":true,"href":"https:\/\/climalife.com\/es\/wp-json\/wp\/v2\/countries?post=197119"},{"taxonomy":"product_brand","embeddable":true,"href":"https:\/\/climalife.com\/es\/wp-json\/wp\/v2\/product_brand?post=197119"},{"taxonomy":"product_cat","embeddable":true,"href":"https:\/\/climalife.com\/es\/wp-json\/wp\/v2\/product_cat?post=197119"},{"taxonomy":"product_tag","embeddable":true,"href":"https:\/\/climalife.com\/es\/wp-json\/wp\/v2\/product_tag?post=197119"}],"curies":[{"name":"wp","href":"https:\/\/api.w.org\/{rel}","templated":true}]}}