{"id":201265,"date":"2023-07-10T10:25:21","date_gmt":"2023-07-10T10:25:21","guid":{"rendered":"https:\/\/climalife.com\/product\/limpieza-de-circuitos-caloportadores\/"},"modified":"2026-01-29T13:54:52","modified_gmt":"2026-01-29T13:54:52","slug":"limpieza-de-circuitos-caloportadores","status":"publish","type":"product","link":"https:\/\/climalife.com\/es\/product\/limpieza-de-circuitos-caloportadores\/","title":{"rendered":"Limpieza de circuitos caloportadores"},"content":{"rendered":"<p>Este servicio se realiza antes de cargar el sistema con caloportador. Tambi\u00e9n puede realizarse como parte del mantenimiento correctivo cuando se ha detectado un problema de corrosi\u00f3n o de lodos. Utilizamos productos especialmente formulados para la desincrustaci\u00f3n, la desoxidaci\u00f3n, la eliminaci\u00f3n de lodos y el tratamiento de la espuma.<\/p>\n<p>Nuestro personal cualificado utiliza equipos certificados e integra la noci\u00f3n de trazabilidad de los fluidos presentes en la instalaci\u00f3n, controlando al mismo tiempo la log\u00edstica del proyecto.<\/p>\n<p>Las operaciones de limpieza son posibles en todo tipo de instalaciones que requieran una implantaci\u00f3n espec\u00edfica y para todo tipo de caloportadores: a base de MEG, MPG, salmuera, 1,3 propanediol de origen biol\u00f3gico (Greenway), etc.<\/p>\n","protected":false},"excerpt":{"rendered":"<p>Limpieza de circuitos secundarios de instalaciones de calefacci\u00f3n, aire acondicionado o refrigeraci\u00f3n.<\/p>\n","protected":false},"featured_media":201268,"comment_status":"open","ping_status":"closed","template":"","meta":[],"countries":[4674,4709,4756,4813,4831,4862],"product_brand":[],"product_cat":[9952,9961,9943,13058,13093,13127,13586],"product_tag":[],"class_list":{"0":"post-201265","1":"product","2":"type-product","3":"status-publish","4":"has-post-thumbnail","6":"countries-by","7":"countries-cu","8":"countries-ir","9":"countries-kp","10":"countries-ru","11":"countries-sy","12":"product_cat-construccion","13":"product_cat-energia","14":"product_cat-alimentacion","15":"product_cat-climatizacion","16":"product_cat-calefaccion","17":"product_cat-refrigeracion","18":"product_cat-intervenciones-terreno","20":"first","21":"instock","22":"shipping-taxable","23":"purchasable","24":"product-type-simple"},"_links":{"self":[{"href":"https:\/\/climalife.com\/es\/wp-json\/wp\/v2\/product\/201265","targetHints":{"allow":["GET"]}}],"collection":[{"href":"https:\/\/climalife.com\/es\/wp-json\/wp\/v2\/product"}],"about":[{"href":"https:\/\/climalife.com\/es\/wp-json\/wp\/v2\/types\/product"}],"replies":[{"embeddable":true,"href":"https:\/\/climalife.com\/es\/wp-json\/wp\/v2\/comments?post=201265"}],"wp:featuredmedia":[{"embeddable":true,"href":"https:\/\/climalife.com\/es\/wp-json\/wp\/v2\/media\/201268"}],"wp:attachment":[{"href":"https:\/\/climalife.com\/es\/wp-json\/wp\/v2\/media?parent=201265"}],"wp:term":[{"taxonomy":"countries","embeddable":true,"href":"https:\/\/climalife.com\/es\/wp-json\/wp\/v2\/countries?post=201265"},{"taxonomy":"product_brand","embeddable":true,"href":"https:\/\/climalife.com\/es\/wp-json\/wp\/v2\/product_brand?post=201265"},{"taxonomy":"product_cat","embeddable":true,"href":"https:\/\/climalife.com\/es\/wp-json\/wp\/v2\/product_cat?post=201265"},{"taxonomy":"product_tag","embeddable":true,"href":"https:\/\/climalife.com\/es\/wp-json\/wp\/v2\/product_tag?post=201265"}],"curies":[{"name":"wp","href":"https:\/\/api.w.org\/{rel}","templated":true}]}}