{"id":201278,"date":"2023-07-10T11:19:15","date_gmt":"2023-07-10T11:19:15","guid":{"rendered":"https:\/\/climalife.com\/product\/limpieza-de-sistemas-frigorificos\/"},"modified":"2026-01-29T13:54:52","modified_gmt":"2026-01-29T13:54:52","slug":"limpieza-de-sistemas-frigorificos","status":"publish","type":"product","link":"https:\/\/climalife.com\/es\/product\/limpieza-de-sistemas-frigorificos\/","title":{"rendered":"Limpieza de sistemas frigor\u00edficos"},"content":{"rendered":"<p>Los productos de limpieza pueden utilizarse en cualquier sistema de refrigeraci\u00f3n que requiera descontaminaci\u00f3n, sea cual sea su configuraci\u00f3n y el gas en funcionamiento.<\/p>\n","protected":false},"excerpt":{"rendered":"<p>La descontaminaci\u00f3n de los circuitos frigor\u00edficos se realiza con productos especialmente formulados por nuestro departamento de I+D. El m\u00e9todo de tratamiento utilizado en nuestras instalaciones se adapta a la naturaleza del fluido recuperado.<\/p>\n","protected":false},"featured_media":150636,"comment_status":"open","ping_status":"closed","template":"","meta":[],"countries":[4674,4709,4756,4813,4831,4862],"product_brand":[],"product_cat":[9219,9979,9952,9943,9997,13058,13075,13127,9210,13586],"product_tag":[],"class_list":{"0":"post-201278","1":"product","2":"type-product","3":"status-publish","4":"has-post-thumbnail","6":"countries-by","7":"countries-cu","8":"countries-ir","9":"countries-kp","10":"countries-ru","11":"countries-sy","12":"product_cat-industrias","13":"product_cat-automocion-transporte","14":"product_cat-construccion","15":"product_cat-alimentacion","16":"product_cat-otros-sectores","17":"product_cat-climatizacion","18":"product_cat-desmantelamiento-destruccion","19":"product_cat-refrigeracion","20":"product_cat-categorias","21":"product_cat-intervenciones-terreno","23":"first","24":"instock","25":"sold-individually","26":"shipping-taxable","27":"purchasable","28":"product-type-simple"},"_links":{"self":[{"href":"https:\/\/climalife.com\/es\/wp-json\/wp\/v2\/product\/201278","targetHints":{"allow":["GET"]}}],"collection":[{"href":"https:\/\/climalife.com\/es\/wp-json\/wp\/v2\/product"}],"about":[{"href":"https:\/\/climalife.com\/es\/wp-json\/wp\/v2\/types\/product"}],"replies":[{"embeddable":true,"href":"https:\/\/climalife.com\/es\/wp-json\/wp\/v2\/comments?post=201278"}],"wp:featuredmedia":[{"embeddable":true,"href":"https:\/\/climalife.com\/es\/wp-json\/wp\/v2\/media\/150636"}],"wp:attachment":[{"href":"https:\/\/climalife.com\/es\/wp-json\/wp\/v2\/media?parent=201278"}],"wp:term":[{"taxonomy":"countries","embeddable":true,"href":"https:\/\/climalife.com\/es\/wp-json\/wp\/v2\/countries?post=201278"},{"taxonomy":"product_brand","embeddable":true,"href":"https:\/\/climalife.com\/es\/wp-json\/wp\/v2\/product_brand?post=201278"},{"taxonomy":"product_cat","embeddable":true,"href":"https:\/\/climalife.com\/es\/wp-json\/wp\/v2\/product_cat?post=201278"},{"taxonomy":"product_tag","embeddable":true,"href":"https:\/\/climalife.com\/es\/wp-json\/wp\/v2\/product_tag?post=201278"}],"curies":[{"name":"wp","href":"https:\/\/api.w.org\/{rel}","templated":true}]}}