{"id":201297,"date":"2023-07-10T12:31:31","date_gmt":"2023-07-10T12:31:31","guid":{"rendered":"https:\/\/climalife.com\/product\/vaciado-y-recarga-de-sistemas-frigorificos\/"},"modified":"2026-01-29T13:54:51","modified_gmt":"2026-01-29T13:54:51","slug":"vaciado-y-recarga-de-sistemas-frigorificos","status":"publish","type":"product","link":"https:\/\/climalife.com\/es\/product\/vaciado-y-recarga-de-sistemas-frigorificos\/","title":{"rendered":"Vaciado y recarga de sistemas frigor\u00edficos"},"content":{"rendered":"<p><strong>Consulte disponibilidad de este servicio seg\u00fan localizaci\u00f3n geogr\u00e1fica.<\/strong><\/p>\n<p>Nuestro equipo tambi\u00e9n puede cargar instalaciones para todos los refrigerantes (HFO, HFC, HCFC, CFC y SF6) en cualquier cantidad. El m\u00e9todo de tratamiento utilizado en nuestras instalaciones ICPE se adapta a la naturaleza del fluido recuperado.<\/p>\n<p>Recuperaci\u00f3n y recarga r\u00e1pidas mediante equipos y envases espec\u00edficos para todos los sistemas: unidades frigor\u00edficas, de aire acondicionado, sistemas compactos independientes, sistemas split, de tejado, etc.<\/p>\n<p>&nbsp;<\/p>\n","protected":false},"excerpt":{"rendered":"<p>Vaciado de fluidos refrigerantes, tratamientos conformes a la normativa vigente, recuperaci\u00f3n por t\u00e9cnicos certificados de los envases sucios.<\/p>\n","protected":false},"featured_media":201299,"comment_status":"open","ping_status":"closed","template":"","meta":[],"countries":[4674,4709,4756,4813,4831,4862],"product_brand":[],"product_cat":[9979,9952,9961,9943,13058,13067,13075,13127,13586],"product_tag":[],"class_list":{"0":"post-201297","1":"product","2":"type-product","3":"status-publish","4":"has-post-thumbnail","6":"countries-by","7":"countries-cu","8":"countries-ir","9":"countries-kp","10":"countries-ru","11":"countries-sy","12":"product_cat-automocion-transporte","13":"product_cat-construccion","14":"product_cat-energia","15":"product_cat-alimentacion","16":"product_cat-climatizacion","17":"product_cat-proteccion-dielectrica-sf6","18":"product_cat-desmantelamiento-destruccion","19":"product_cat-refrigeracion","20":"product_cat-intervenciones-terreno","22":"first","23":"instock","24":"shipping-taxable","25":"purchasable","26":"product-type-simple"},"_links":{"self":[{"href":"https:\/\/climalife.com\/es\/wp-json\/wp\/v2\/product\/201297","targetHints":{"allow":["GET"]}}],"collection":[{"href":"https:\/\/climalife.com\/es\/wp-json\/wp\/v2\/product"}],"about":[{"href":"https:\/\/climalife.com\/es\/wp-json\/wp\/v2\/types\/product"}],"replies":[{"embeddable":true,"href":"https:\/\/climalife.com\/es\/wp-json\/wp\/v2\/comments?post=201297"}],"wp:featuredmedia":[{"embeddable":true,"href":"https:\/\/climalife.com\/es\/wp-json\/wp\/v2\/media\/201299"}],"wp:attachment":[{"href":"https:\/\/climalife.com\/es\/wp-json\/wp\/v2\/media?parent=201297"}],"wp:term":[{"taxonomy":"countries","embeddable":true,"href":"https:\/\/climalife.com\/es\/wp-json\/wp\/v2\/countries?post=201297"},{"taxonomy":"product_brand","embeddable":true,"href":"https:\/\/climalife.com\/es\/wp-json\/wp\/v2\/product_brand?post=201297"},{"taxonomy":"product_cat","embeddable":true,"href":"https:\/\/climalife.com\/es\/wp-json\/wp\/v2\/product_cat?post=201297"},{"taxonomy":"product_tag","embeddable":true,"href":"https:\/\/climalife.com\/es\/wp-json\/wp\/v2\/product_tag?post=201297"}],"curies":[{"name":"wp","href":"https:\/\/api.w.org\/{rel}","templated":true}]}}