{"id":201307,"date":"2023-07-10T12:53:37","date_gmt":"2023-07-10T12:53:37","guid":{"rendered":"https:\/\/climalife.com\/product\/depositos-de-almacenamiento\/"},"modified":"2026-01-29T13:54:51","modified_gmt":"2026-01-29T13:54:51","slug":"depositos-de-almacenamiento","status":"publish","type":"product","link":"https:\/\/climalife.com\/es\/product\/depositos-de-almacenamiento\/","title":{"rendered":"Dep\u00f3sitos de almacenamiento"},"content":{"rendered":"<p>Dise\u00f1amos e instalamos desp\u00f3sitos de almacenamiento y sistemas de distribuci\u00f3n de fluidos (inflamables o no) con diversos m\u00f3dulos: caudal\u00edmetro m\u00e1sico, vac\u00edo, etc.<\/p>\n","protected":false},"excerpt":{"rendered":"<p>Dep\u00f3sitos de almacenamiento horizontales o verticales y distribuci\u00f3n de fluidos gestionada por un controlador autom\u00e1tico programable. Est\u00e1n dise\u00f1ados seg\u00fan las especificaciones y garantizan la seguridad de los procesos.<\/p>\n","protected":false},"featured_media":201309,"comment_status":"open","ping_status":"closed","template":"","meta":[],"countries":[4674,4709,4756,4813,4831,4862],"product_brand":[],"product_cat":[9979,9952,9970,9997,13499],"product_tag":[],"class_list":{"0":"post-201307","1":"product","2":"type-product","3":"status-publish","4":"has-post-thumbnail","6":"countries-by","7":"countries-cu","8":"countries-ir","9":"countries-kp","10":"countries-ru","11":"countries-sy","12":"product_cat-automocion-transporte","13":"product_cat-construccion","14":"product_cat-salud-bienestar","15":"product_cat-otros-sectores","16":"product_cat-almacenaje-y-distribucion","18":"first","19":"instock","20":"shipping-taxable","21":"purchasable","22":"product-type-simple"},"_links":{"self":[{"href":"https:\/\/climalife.com\/es\/wp-json\/wp\/v2\/product\/201307","targetHints":{"allow":["GET"]}}],"collection":[{"href":"https:\/\/climalife.com\/es\/wp-json\/wp\/v2\/product"}],"about":[{"href":"https:\/\/climalife.com\/es\/wp-json\/wp\/v2\/types\/product"}],"replies":[{"embeddable":true,"href":"https:\/\/climalife.com\/es\/wp-json\/wp\/v2\/comments?post=201307"}],"wp:featuredmedia":[{"embeddable":true,"href":"https:\/\/climalife.com\/es\/wp-json\/wp\/v2\/media\/201309"}],"wp:attachment":[{"href":"https:\/\/climalife.com\/es\/wp-json\/wp\/v2\/media?parent=201307"}],"wp:term":[{"taxonomy":"countries","embeddable":true,"href":"https:\/\/climalife.com\/es\/wp-json\/wp\/v2\/countries?post=201307"},{"taxonomy":"product_brand","embeddable":true,"href":"https:\/\/climalife.com\/es\/wp-json\/wp\/v2\/product_brand?post=201307"},{"taxonomy":"product_cat","embeddable":true,"href":"https:\/\/climalife.com\/es\/wp-json\/wp\/v2\/product_cat?post=201307"},{"taxonomy":"product_tag","embeddable":true,"href":"https:\/\/climalife.com\/es\/wp-json\/wp\/v2\/product_tag?post=201307"}],"curies":[{"name":"wp","href":"https:\/\/api.w.org\/{rel}","templated":true}]}}