{"id":201313,"date":"2023-07-10T13:00:51","date_gmt":"2023-07-10T13:00:51","guid":{"rendered":"https:\/\/climalife.com\/product\/mantenimiento-periodico-de-equipos-a-presion\/"},"modified":"2026-01-29T13:54:51","modified_gmt":"2026-01-29T13:54:51","slug":"mantenimiento-periodico-de-equipos-a-presion","status":"publish","type":"product","link":"https:\/\/climalife.com\/es\/product\/mantenimiento-periodico-de-equipos-a-presion\/","title":{"rendered":"Mantenimiento peri\u00f3dico de equipos a presi\u00f3n"},"content":{"rendered":"<p><strong>Consulte disponibilidad de este servicio seg\u00fan localizaci\u00f3n geogr\u00e1fica.<\/strong><\/p>\n<p>Nuestro equipo puede ayudarle a realizar operaciones de mantenimiento obligatorio. Nuestros t\u00e9cnicos est\u00e1n cualificados para realizar:<\/p>\n<ul>\n<li>Visita al lugar<\/li>\n<li>Determinaci\u00f3n conjunta del material a sustituir (v\u00e1lvulas)<\/li>\n<li>Pedido de material<\/li>\n<li>Pedido de servicios de inspecci\u00f3n DESP (Apave, Veritas, TUV, etc.)<\/li>\n<li>Recuperaci\u00f3n y vaciado del producto contenido en el dep\u00f3sito a recalificar (almacenamiento temporal)<\/li>\n<li>Apertura del almac\u00e9n e inspecci\u00f3n interior<\/li>\n<li>Llenado con agua y prueba de presi\u00f3n en presencia de la organizaci\u00f3n<\/li>\n<li>Vaciado, secado y nuevo montaje del equipo<\/li>\n<li>Gaseado de la cisterna y trasvase del producto<\/li>\n<li>Env\u00edo del expediente y de los informes de pruebas y fugas<\/li>\n<\/ul>\n","protected":false},"excerpt":{"rendered":"<p><strong>Consulte disponibilidad de este servicio seg\u00fan localizaci\u00f3n geogr\u00e1fica.<\/strong><\/p>\n<p>Ofrecemos a nuestros clientes operaciones de mantenimiento obligatorio en instalaciones de almacenamiento de gas, aportando toda nuestra capacidad y experiencia para las inspecciones por parte de un organismo autorizado.<\/p>\n","protected":false},"featured_media":201314,"comment_status":"open","ping_status":"closed","template":"","meta":[],"countries":[4674,4709,4756,4813,4831,4862],"product_brand":[],"product_cat":[9979,13593,9997,9970],"product_tag":[],"class_list":{"0":"post-201313","1":"product","2":"type-product","3":"status-publish","4":"has-post-thumbnail","6":"countries-by","7":"countries-cu","8":"countries-ir","9":"countries-kp","10":"countries-ru","11":"countries-sy","12":"product_cat-automocion-transporte","13":"product_cat-mantenimiento","14":"product_cat-otros-sectores","15":"product_cat-salud-bienestar","17":"first","18":"instock","19":"shipping-taxable","20":"purchasable","21":"product-type-simple"},"_links":{"self":[{"href":"https:\/\/climalife.com\/es\/wp-json\/wp\/v2\/product\/201313","targetHints":{"allow":["GET"]}}],"collection":[{"href":"https:\/\/climalife.com\/es\/wp-json\/wp\/v2\/product"}],"about":[{"href":"https:\/\/climalife.com\/es\/wp-json\/wp\/v2\/types\/product"}],"replies":[{"embeddable":true,"href":"https:\/\/climalife.com\/es\/wp-json\/wp\/v2\/comments?post=201313"}],"wp:featuredmedia":[{"embeddable":true,"href":"https:\/\/climalife.com\/es\/wp-json\/wp\/v2\/media\/201314"}],"wp:attachment":[{"href":"https:\/\/climalife.com\/es\/wp-json\/wp\/v2\/media?parent=201313"}],"wp:term":[{"taxonomy":"countries","embeddable":true,"href":"https:\/\/climalife.com\/es\/wp-json\/wp\/v2\/countries?post=201313"},{"taxonomy":"product_brand","embeddable":true,"href":"https:\/\/climalife.com\/es\/wp-json\/wp\/v2\/product_brand?post=201313"},{"taxonomy":"product_cat","embeddable":true,"href":"https:\/\/climalife.com\/es\/wp-json\/wp\/v2\/product_cat?post=201313"},{"taxonomy":"product_tag","embeddable":true,"href":"https:\/\/climalife.com\/es\/wp-json\/wp\/v2\/product_tag?post=201313"}],"curies":[{"name":"wp","href":"https:\/\/api.w.org\/{rel}","templated":true}]}}