{"id":201321,"date":"2023-07-10T13:21:42","date_gmt":"2023-07-10T13:21:42","guid":{"rendered":"https:\/\/climalife.com\/product\/carga-y-recuperacion-de-caloportadores\/"},"modified":"2026-01-29T13:54:51","modified_gmt":"2026-01-29T13:54:51","slug":"carga-y-recuperacion-de-caloportadores","status":"publish","type":"product","link":"https:\/\/climalife.com\/es\/product\/carga-y-recuperacion-de-caloportadores\/","title":{"rendered":"Carga y recuperaci\u00f3n de caloportadores"},"content":{"rendered":"<p><strong>Consulte disponibilidad de este servicio seg\u00fan localizaci\u00f3n geogr\u00e1fica.<\/strong><\/p>\n<p>El vaciado de fluidos caloportadores puede realizarse en todo tipo de instalaciones que requieran una ejecuci\u00f3n espec\u00edfica y medios adaptados (accesibilidad reducida, grandes alturas, etc.) y para todo tipo de caloportadores: MEG, MPG, soluci\u00f3n salina, 1,3 propanodiol, etc.<\/p>\n<p>Nuestros equipos pueden ocuparse de cualquier volumen de instalaci\u00f3n, desde el contenedor GRG hasta el granel.<\/p>\n","protected":false},"excerpt":{"rendered":"<p>Carga y vaciado de circuitos espec\u00edficas de calorportadores: nuestro servicio ofrece el uso de personal cualificado y equipos certificados, e incorpora el concepto de trazabilidad de los fluidos recuperados.<\/p>\n","protected":false},"featured_media":201322,"comment_status":"open","ping_status":"closed","template":"","meta":[],"countries":[4674,4709,4756,4813,4831,4862],"product_brand":[],"product_cat":[9952,9943,9997,13058,13093,13127,13586],"product_tag":[],"class_list":{"0":"post-201321","1":"product","2":"type-product","3":"status-publish","4":"has-post-thumbnail","6":"countries-by","7":"countries-cu","8":"countries-ir","9":"countries-kp","10":"countries-ru","11":"countries-sy","12":"product_cat-construccion","13":"product_cat-alimentacion","14":"product_cat-otros-sectores","15":"product_cat-climatizacion","16":"product_cat-calefaccion","17":"product_cat-refrigeracion","18":"product_cat-intervenciones-terreno","20":"first","21":"instock","22":"shipping-taxable","23":"purchasable","24":"product-type-simple"},"_links":{"self":[{"href":"https:\/\/climalife.com\/es\/wp-json\/wp\/v2\/product\/201321","targetHints":{"allow":["GET"]}}],"collection":[{"href":"https:\/\/climalife.com\/es\/wp-json\/wp\/v2\/product"}],"about":[{"href":"https:\/\/climalife.com\/es\/wp-json\/wp\/v2\/types\/product"}],"replies":[{"embeddable":true,"href":"https:\/\/climalife.com\/es\/wp-json\/wp\/v2\/comments?post=201321"}],"wp:featuredmedia":[{"embeddable":true,"href":"https:\/\/climalife.com\/es\/wp-json\/wp\/v2\/media\/201322"}],"wp:attachment":[{"href":"https:\/\/climalife.com\/es\/wp-json\/wp\/v2\/media?parent=201321"}],"wp:term":[{"taxonomy":"countries","embeddable":true,"href":"https:\/\/climalife.com\/es\/wp-json\/wp\/v2\/countries?post=201321"},{"taxonomy":"product_brand","embeddable":true,"href":"https:\/\/climalife.com\/es\/wp-json\/wp\/v2\/product_brand?post=201321"},{"taxonomy":"product_cat","embeddable":true,"href":"https:\/\/climalife.com\/es\/wp-json\/wp\/v2\/product_cat?post=201321"},{"taxonomy":"product_tag","embeddable":true,"href":"https:\/\/climalife.com\/es\/wp-json\/wp\/v2\/product_tag?post=201321"}],"curies":[{"name":"wp","href":"https:\/\/api.w.org\/{rel}","templated":true}]}}