{"id":201331,"date":"2023-07-10T13:49:13","date_gmt":"2023-07-10T13:49:13","guid":{"rendered":"https:\/\/climalife.com\/product\/mantenimiento-preventivo\/"},"modified":"2026-01-29T13:54:51","modified_gmt":"2026-01-29T13:54:51","slug":"mantenimiento-preventivo","status":"publish","type":"product","link":"https:\/\/climalife.com\/es\/product\/mantenimiento-preventivo\/","title":{"rendered":"Mantenimiento preventivo"},"content":{"rendered":"<p>Las operaciones de mantenimiento propuestas incluyen:<\/p>\n<ul>\n<li>Prueba de fugas (F-Gas)<\/li>\n<li>Pruebas funcionales<\/li>\n<li>Inspecci\u00f3n completa de los bucles de seguridad<\/li>\n<li>Cuadro el\u00e9ctrico\/control de automatizaci\u00f3n<\/li>\n<li>Limpieza de la instalaci\u00f3n<\/li>\n<li>Desmontaje\/montaje de la bomba<\/li>\n<li>Sustituci\u00f3n de componentes<\/li>\n<li>Calibraci\u00f3n de sensores<\/li>\n<li>Ajuste de bombas, rebosaderos, etc.<\/li>\n<li>Comprobaci\u00f3n de las fechas de ensayo de las instalaciones o equipos de almacenamiento sujetos a la Directiva ESP.<\/li>\n<li>Prueba de detecci\u00f3n de gas<\/li>\n<li>Comprobaci\u00f3n del estado general de los componentes de los neum\u00e1ticos<\/li>\n<li>Elaboraci\u00f3n de un informe de mantenimiento<\/li>\n<\/ul>\n","protected":false},"excerpt":{"rendered":"<p>El mantenimiento peri\u00f3dico ayuda a evitar interrupciones de la producci\u00f3n y a garantizar el correcto funcionamiento de una planta, optimizando as\u00ed la eficiencia energ\u00e9tica. Las operaciones de mantenimiento preventivo tambi\u00e9n pueden sugerir mejoras t\u00e9cnicas o ergon\u00f3micas. Nuestro equipo de t\u00e9cnicos cuenta con todas las certificaciones y autorizaciones necesarias para trabajar sobre el terreno (certificado F-Gas, autorizaci\u00f3n el\u00e9ctrica, CACES, DESP, etc.).<\/p>\n","protected":false},"featured_media":201332,"comment_status":"open","ping_status":"closed","template":"","meta":[],"countries":[4674,4709,4756,4813,4831,4862],"product_brand":[],"product_cat":[9984,13102,9943,9979,9952,13593,13119,13067,13127,9970],"product_tag":[13744],"class_list":{"0":"post-201331","1":"product","2":"type-product","3":"status-publish","4":"has-post-thumbnail","6":"countries-by","7":"countries-cu","8":"countries-ir","9":"countries-kp","10":"countries-ru","11":"countries-sy","12":"product_cat-aeronautica-aeroespacial-defensa","13":"product_cat-aislamiento","14":"product_cat-alimentacion","15":"product_cat-automocion-transporte","16":"product_cat-construccion","17":"product_cat-mantenimiento","18":"product_cat-propelentes","19":"product_cat-proteccion-dielectrica-sf6","20":"product_cat-refrigeracion","21":"product_cat-salud-bienestar","22":"product_tag-mantenimiento-de-equipos-a-presion","24":"first","25":"instock","26":"shipping-taxable","27":"purchasable","28":"product-type-simple"},"_links":{"self":[{"href":"https:\/\/climalife.com\/es\/wp-json\/wp\/v2\/product\/201331","targetHints":{"allow":["GET"]}}],"collection":[{"href":"https:\/\/climalife.com\/es\/wp-json\/wp\/v2\/product"}],"about":[{"href":"https:\/\/climalife.com\/es\/wp-json\/wp\/v2\/types\/product"}],"replies":[{"embeddable":true,"href":"https:\/\/climalife.com\/es\/wp-json\/wp\/v2\/comments?post=201331"}],"wp:featuredmedia":[{"embeddable":true,"href":"https:\/\/climalife.com\/es\/wp-json\/wp\/v2\/media\/201332"}],"wp:attachment":[{"href":"https:\/\/climalife.com\/es\/wp-json\/wp\/v2\/media?parent=201331"}],"wp:term":[{"taxonomy":"countries","embeddable":true,"href":"https:\/\/climalife.com\/es\/wp-json\/wp\/v2\/countries?post=201331"},{"taxonomy":"product_brand","embeddable":true,"href":"https:\/\/climalife.com\/es\/wp-json\/wp\/v2\/product_brand?post=201331"},{"taxonomy":"product_cat","embeddable":true,"href":"https:\/\/climalife.com\/es\/wp-json\/wp\/v2\/product_cat?post=201331"},{"taxonomy":"product_tag","embeddable":true,"href":"https:\/\/climalife.com\/es\/wp-json\/wp\/v2\/product_tag?post=201331"}],"curies":[{"name":"wp","href":"https:\/\/api.w.org\/{rel}","templated":true}]}}