{"id":201336,"date":"2023-07-10T14:16:35","date_gmt":"2023-07-10T14:16:35","guid":{"rendered":"https:\/\/climalife.com\/product\/compra-de-equipos-sf6\/"},"modified":"2026-01-29T13:54:50","modified_gmt":"2026-01-29T13:54:50","slug":"retirada-equipos-sf6","status":"publish","type":"product","link":"https:\/\/climalife.com\/es\/product\/retirada-equipos-sf6\/","title":{"rendered":"Retirada de equipos SF6"},"content":{"rendered":"<p>Nuestros expertos cualificados para recuperar SF<sub>6<\/sub> de los sistemas ofrece descontaminaci\u00f3n sobre el terreno. Una vez vaciados de gas, los equipos se env\u00edan para su destrucci\u00f3n a proveedores de servicios especializados en el reciclaje y la destrucci\u00f3n de este tipo de material.<\/p>\n","protected":false},"excerpt":{"rendered":"<p>Para garantizar la recuperaci\u00f3n completa del SF<sub>6<\/sub> contaminado, Climalife recoge los equipos el\u00e9ctricos al final de su vida \u00fatil: c\u00e9lulas HTA, cuadros fijos, bombillas de interruptores, celdas enchufables, disyuntores, etc.<\/p>\n","protected":false},"featured_media":201337,"comment_status":"open","ping_status":"closed","template":"","meta":[],"countries":[4674,4709,4756,4813,4831,4862],"product_brand":[],"product_cat":[13075,13558,9961,13067],"product_tag":[],"class_list":{"0":"post-201336","1":"product","2":"type-product","3":"status-publish","4":"has-post-thumbnail","6":"countries-by","7":"countries-cu","8":"countries-ir","9":"countries-kp","10":"countries-ru","11":"countries-sy","12":"product_cat-desmantelamiento-destruccion","13":"product_cat-desmantelamiento-desmontaje","14":"product_cat-energia","15":"product_cat-proteccion-dielectrica-sf6","17":"first","18":"instock","19":"shipping-taxable","20":"purchasable","21":"product-type-simple"},"_links":{"self":[{"href":"https:\/\/climalife.com\/es\/wp-json\/wp\/v2\/product\/201336","targetHints":{"allow":["GET"]}}],"collection":[{"href":"https:\/\/climalife.com\/es\/wp-json\/wp\/v2\/product"}],"about":[{"href":"https:\/\/climalife.com\/es\/wp-json\/wp\/v2\/types\/product"}],"replies":[{"embeddable":true,"href":"https:\/\/climalife.com\/es\/wp-json\/wp\/v2\/comments?post=201336"}],"wp:featuredmedia":[{"embeddable":true,"href":"https:\/\/climalife.com\/es\/wp-json\/wp\/v2\/media\/201337"}],"wp:attachment":[{"href":"https:\/\/climalife.com\/es\/wp-json\/wp\/v2\/media?parent=201336"}],"wp:term":[{"taxonomy":"countries","embeddable":true,"href":"https:\/\/climalife.com\/es\/wp-json\/wp\/v2\/countries?post=201336"},{"taxonomy":"product_brand","embeddable":true,"href":"https:\/\/climalife.com\/es\/wp-json\/wp\/v2\/product_brand?post=201336"},{"taxonomy":"product_cat","embeddable":true,"href":"https:\/\/climalife.com\/es\/wp-json\/wp\/v2\/product_cat?post=201336"},{"taxonomy":"product_tag","embeddable":true,"href":"https:\/\/climalife.com\/es\/wp-json\/wp\/v2\/product_tag?post=201336"}],"curies":[{"name":"wp","href":"https:\/\/api.w.org\/{rel}","templated":true}]}}