{"id":201339,"date":"2023-07-10T14:24:08","date_gmt":"2023-07-10T14:24:08","guid":{"rendered":"https:\/\/climalife.com\/product\/regeneracion-de-sf6\/"},"modified":"2026-01-29T13:54:50","modified_gmt":"2026-01-29T13:54:50","slug":"regeneracion-de-sf6","status":"publish","type":"product","link":"https:\/\/climalife.com\/es\/product\/regeneracion-de-sf6\/","title":{"rendered":"Regeneraci\u00f3n de SF6"},"content":{"rendered":"<p>Disponemos de envases de recuperaci\u00f3n espec\u00edficos y el SF<sub>6<\/sub> se recicla en funci\u00f3n de los resultados de los an\u00e1lisis. Tambi\u00e9n ofrecemos alquiler de equipos de trasvase y servicios sobre el terreno.<\/p>\n","protected":false},"excerpt":{"rendered":"<p>Regeneraci\u00f3n del SF<sub>6<\/sub> utilizado tras el an\u00e1lisis del producto recuperado.<\/p>\n","protected":false},"featured_media":201340,"comment_status":"open","ping_status":"closed","template":"","meta":[],"countries":[4674,4709,4756,4813,4831,4862],"product_brand":[],"product_cat":[9961,9997,13067,13075,13886],"product_tag":[],"class_list":{"0":"post-201339","1":"product","2":"type-product","3":"status-publish","4":"has-post-thumbnail","6":"countries-by","7":"countries-cu","8":"countries-ir","9":"countries-kp","10":"countries-ru","11":"countries-sy","12":"product_cat-energia","13":"product_cat-otros-sectores","14":"product_cat-proteccion-dielectrica-sf6","15":"product_cat-desmantelamiento-destruccion","16":"product_cat-gestion-de-residuos","18":"first","19":"instock","20":"shipping-taxable","21":"purchasable","22":"product-type-simple"},"_links":{"self":[{"href":"https:\/\/climalife.com\/es\/wp-json\/wp\/v2\/product\/201339","targetHints":{"allow":["GET"]}}],"collection":[{"href":"https:\/\/climalife.com\/es\/wp-json\/wp\/v2\/product"}],"about":[{"href":"https:\/\/climalife.com\/es\/wp-json\/wp\/v2\/types\/product"}],"replies":[{"embeddable":true,"href":"https:\/\/climalife.com\/es\/wp-json\/wp\/v2\/comments?post=201339"}],"wp:featuredmedia":[{"embeddable":true,"href":"https:\/\/climalife.com\/es\/wp-json\/wp\/v2\/media\/201340"}],"wp:attachment":[{"href":"https:\/\/climalife.com\/es\/wp-json\/wp\/v2\/media?parent=201339"}],"wp:term":[{"taxonomy":"countries","embeddable":true,"href":"https:\/\/climalife.com\/es\/wp-json\/wp\/v2\/countries?post=201339"},{"taxonomy":"product_brand","embeddable":true,"href":"https:\/\/climalife.com\/es\/wp-json\/wp\/v2\/product_brand?post=201339"},{"taxonomy":"product_cat","embeddable":true,"href":"https:\/\/climalife.com\/es\/wp-json\/wp\/v2\/product_cat?post=201339"},{"taxonomy":"product_tag","embeddable":true,"href":"https:\/\/climalife.com\/es\/wp-json\/wp\/v2\/product_tag?post=201339"}],"curies":[{"name":"wp","href":"https:\/\/api.w.org\/{rel}","templated":true}]}}