{"id":201342,"date":"2023-07-10T14:34:30","date_gmt":"2023-07-10T14:34:30","guid":{"rendered":"https:\/\/climalife.com\/product\/retimbrado-de-envases-sf6\/"},"modified":"2026-01-29T13:54:50","modified_gmt":"2026-01-29T13:54:50","slug":"retimbrado-envases-sf6","status":"publish","type":"product","link":"https:\/\/climalife.com\/es\/product\/retimbrado-envases-sf6\/","title":{"rendered":"Retimbrado de envases SF6"},"content":{"rendered":"<p>Cada envase se somete a una nueva prueba cada 10 o 5 a\u00f1os si ha contenido SF6 contaminado. Climalife est\u00e1 autorizada para volver a probar y retimbrar los envases perforados con &#8220;cabeza de caballo&#8221; (normativa francesa) y los envases perforados TT (normativa europea).<br \/>\nServicios ofrecidos: inertizaci\u00f3n, limpieza de envases y puesta en atm\u00f3sfera neutra, pintura, marcado, cambio de v\u00e1lvulas, destrucci\u00f3n de envases al final de su vida \u00fatil.<\/p>\n","protected":false},"excerpt":{"rendered":"<p>Todos los envases deben someterse peri\u00f3dicamente a nuevas pruebas para comprobar su resistencia y capacidad para contener SF<sub>6<\/sub>.<\/p>\n","protected":false},"featured_media":201343,"comment_status":"open","ping_status":"closed","template":"","meta":[],"countries":[4674,4709,4756,4813,4831,4862],"product_brand":[],"product_cat":[9961,13067,13579],"product_tag":[],"class_list":{"0":"post-201342","1":"product","2":"type-product","3":"status-publish","4":"has-post-thumbnail","6":"countries-by","7":"countries-cu","8":"countries-ir","9":"countries-kp","10":"countries-ru","11":"countries-sy","12":"product_cat-energia","13":"product_cat-proteccion-dielectrica-sf6","14":"product_cat-gestion-envases","16":"first","17":"instock","18":"shipping-taxable","19":"purchasable","20":"product-type-simple"},"_links":{"self":[{"href":"https:\/\/climalife.com\/es\/wp-json\/wp\/v2\/product\/201342","targetHints":{"allow":["GET"]}}],"collection":[{"href":"https:\/\/climalife.com\/es\/wp-json\/wp\/v2\/product"}],"about":[{"href":"https:\/\/climalife.com\/es\/wp-json\/wp\/v2\/types\/product"}],"replies":[{"embeddable":true,"href":"https:\/\/climalife.com\/es\/wp-json\/wp\/v2\/comments?post=201342"}],"wp:featuredmedia":[{"embeddable":true,"href":"https:\/\/climalife.com\/es\/wp-json\/wp\/v2\/media\/201343"}],"wp:attachment":[{"href":"https:\/\/climalife.com\/es\/wp-json\/wp\/v2\/media?parent=201342"}],"wp:term":[{"taxonomy":"countries","embeddable":true,"href":"https:\/\/climalife.com\/es\/wp-json\/wp\/v2\/countries?post=201342"},{"taxonomy":"product_brand","embeddable":true,"href":"https:\/\/climalife.com\/es\/wp-json\/wp\/v2\/product_brand?post=201342"},{"taxonomy":"product_cat","embeddable":true,"href":"https:\/\/climalife.com\/es\/wp-json\/wp\/v2\/product_cat?post=201342"},{"taxonomy":"product_tag","embeddable":true,"href":"https:\/\/climalife.com\/es\/wp-json\/wp\/v2\/product_tag?post=201342"}],"curies":[{"name":"wp","href":"https:\/\/api.w.org\/{rel}","templated":true}]}}