{"id":201349,"date":"2023-07-10T14:46:30","date_gmt":"2023-07-10T14:46:30","guid":{"rendered":"https:\/\/climalife.com\/product\/contenedores-de-almacenamiento\/"},"modified":"2026-01-29T13:54:50","modified_gmt":"2026-01-29T13:54:50","slug":"contenedores-de-almacenamiento","status":"publish","type":"product","link":"https:\/\/climalife.com\/es\/product\/contenedores-de-almacenamiento\/","title":{"rendered":"Contenedores de almacenamiento"},"content":{"rendered":"<p>Permiten un vaciado \u00f3ptimo de los envases (se consume el 100 % de la fase l\u00edquida) y son adecuados para la mayor\u00eda de los refrigerantes y otros gases licuados (inflamables o no inflamables). Para garantizar la seguridad de la instalaci\u00f3n el acceso est\u00e1 protegido y existe un sistema de detecci\u00f3n de fugas.<\/p>\n","protected":false},"excerpt":{"rendered":"<p>Los contenedores de almacenamiento est\u00e1n equipados con un sistema de inversi\u00f3n que distribuye continuamente el refrigerante desde bidones o botellas a presi\u00f3n.<\/p>\n<p>&nbsp;<\/p>\n","protected":false},"featured_media":201350,"comment_status":"open","ping_status":"closed","template":"","meta":[],"countries":[4674,4709,4756,4813,4831,4862],"product_brand":[],"product_cat":[13499,9979,13058,9952,9997,13119,13127,9970],"product_tag":[],"class_list":{"0":"post-201349","1":"product","2":"type-product","3":"status-publish","4":"has-post-thumbnail","6":"countries-by","7":"countries-cu","8":"countries-ir","9":"countries-kp","10":"countries-ru","11":"countries-sy","12":"product_cat-almacenaje-y-distribucion","13":"product_cat-automocion-transporte","14":"product_cat-climatizacion","15":"product_cat-construccion","16":"product_cat-otros-sectores","17":"product_cat-propelentes","18":"product_cat-refrigeracion","19":"product_cat-salud-bienestar","21":"first","22":"instock","23":"shipping-taxable","24":"purchasable","25":"product-type-simple"},"_links":{"self":[{"href":"https:\/\/climalife.com\/es\/wp-json\/wp\/v2\/product\/201349","targetHints":{"allow":["GET"]}}],"collection":[{"href":"https:\/\/climalife.com\/es\/wp-json\/wp\/v2\/product"}],"about":[{"href":"https:\/\/climalife.com\/es\/wp-json\/wp\/v2\/types\/product"}],"replies":[{"embeddable":true,"href":"https:\/\/climalife.com\/es\/wp-json\/wp\/v2\/comments?post=201349"}],"wp:featuredmedia":[{"embeddable":true,"href":"https:\/\/climalife.com\/es\/wp-json\/wp\/v2\/media\/201350"}],"wp:attachment":[{"href":"https:\/\/climalife.com\/es\/wp-json\/wp\/v2\/media?parent=201349"}],"wp:term":[{"taxonomy":"countries","embeddable":true,"href":"https:\/\/climalife.com\/es\/wp-json\/wp\/v2\/countries?post=201349"},{"taxonomy":"product_brand","embeddable":true,"href":"https:\/\/climalife.com\/es\/wp-json\/wp\/v2\/product_brand?post=201349"},{"taxonomy":"product_cat","embeddable":true,"href":"https:\/\/climalife.com\/es\/wp-json\/wp\/v2\/product_cat?post=201349"},{"taxonomy":"product_tag","embeddable":true,"href":"https:\/\/climalife.com\/es\/wp-json\/wp\/v2\/product_tag?post=201349"}],"curies":[{"name":"wp","href":"https:\/\/api.w.org\/{rel}","templated":true}]}}