{"id":201353,"date":"2023-07-10T14:52:52","date_gmt":"2023-07-10T14:52:52","guid":{"rendered":"https:\/\/climalife.com\/product\/depositos-subterraneos\/"},"modified":"2026-01-29T13:54:49","modified_gmt":"2026-01-29T13:54:49","slug":"deposito-bajo-terraplen","status":"publish","type":"product","link":"https:\/\/climalife.com\/es\/product\/deposito-bajo-terraplen\/","title":{"rendered":"Dep\u00f3sitos bajo terrapl\u00e9n"},"content":{"rendered":"<p>Nuestros equipos coordinan y supervisan el proyecto hasta la colocaci\u00f3n en el lugar y la puesta en servicio de la instalaci\u00f3n llave en mano.<\/p>\n<p>En el momento de la aceptaci\u00f3n se presenta un expediente t\u00e9cnico completo que incluye la descripci\u00f3n de los equipos, el manual de instrucciones, los informes o certificados de pruebas, los documentos relativos a los accesorios de seguridad y el programa de mantenimiento preventivo y reglamentario.<\/p>\n","protected":false},"excerpt":{"rendered":"<p>Dise\u00f1o e instalaci\u00f3n de dep\u00f3sitos bajo terrapl\u00e9n para almacenamiento conforme a la normativa vigente (AFIAP) para gases licuados inflamables.<\/p>\n","protected":false},"featured_media":201354,"comment_status":"open","ping_status":"closed","template":"","meta":[],"countries":[4674,4709,4756,4813,4831,4862],"product_brand":[],"product_cat":[9979,9961,9997,13058,13102,13119,13127,13499],"product_tag":[],"class_list":{"0":"post-201353","1":"product","2":"type-product","3":"status-publish","4":"has-post-thumbnail","6":"countries-by","7":"countries-cu","8":"countries-ir","9":"countries-kp","10":"countries-ru","11":"countries-sy","12":"product_cat-automocion-transporte","13":"product_cat-energia","14":"product_cat-otros-sectores","15":"product_cat-climatizacion","16":"product_cat-aislamiento","17":"product_cat-propelentes","18":"product_cat-refrigeracion","19":"product_cat-almacenaje-y-distribucion","21":"first","22":"instock","23":"shipping-taxable","24":"purchasable","25":"product-type-simple"},"_links":{"self":[{"href":"https:\/\/climalife.com\/es\/wp-json\/wp\/v2\/product\/201353","targetHints":{"allow":["GET"]}}],"collection":[{"href":"https:\/\/climalife.com\/es\/wp-json\/wp\/v2\/product"}],"about":[{"href":"https:\/\/climalife.com\/es\/wp-json\/wp\/v2\/types\/product"}],"replies":[{"embeddable":true,"href":"https:\/\/climalife.com\/es\/wp-json\/wp\/v2\/comments?post=201353"}],"wp:featuredmedia":[{"embeddable":true,"href":"https:\/\/climalife.com\/es\/wp-json\/wp\/v2\/media\/201354"}],"wp:attachment":[{"href":"https:\/\/climalife.com\/es\/wp-json\/wp\/v2\/media?parent=201353"}],"wp:term":[{"taxonomy":"countries","embeddable":true,"href":"https:\/\/climalife.com\/es\/wp-json\/wp\/v2\/countries?post=201353"},{"taxonomy":"product_brand","embeddable":true,"href":"https:\/\/climalife.com\/es\/wp-json\/wp\/v2\/product_brand?post=201353"},{"taxonomy":"product_cat","embeddable":true,"href":"https:\/\/climalife.com\/es\/wp-json\/wp\/v2\/product_cat?post=201353"},{"taxonomy":"product_tag","embeddable":true,"href":"https:\/\/climalife.com\/es\/wp-json\/wp\/v2\/product_tag?post=201353"}],"curies":[{"name":"wp","href":"https:\/\/api.w.org\/{rel}","templated":true}]}}