{"id":201357,"date":"2023-07-10T14:57:05","date_gmt":"2023-07-10T14:57:05","guid":{"rendered":"https:\/\/climalife.com\/product\/depositos-subterraneos-2\/"},"modified":"2026-01-29T13:54:49","modified_gmt":"2026-01-29T13:54:49","slug":"depositos-subterraneos","status":"publish","type":"product","link":"https:\/\/climalife.com\/es\/product\/depositos-subterraneos\/","title":{"rendered":"Dep\u00f3sitos subterr\u00e1neos"},"content":{"rendered":"<div>\n<p>Cumple la normativa vigente y la AFIAP.<\/p>\n<p>Nuestros equipos coordinan y supervisan el proyecto, e instalan los equipos en el lugar. Puesta en servicio de una instalaci\u00f3n llave en mano con un expediente t\u00e9cnico completo (descripci\u00f3n del aparato, manual de instrucciones, informes de pruebas, certificados de pruebas, calendario de mantenimiento reglamentario, etc.).<\/p>\n<\/div>\n<div><\/div>\n","protected":false},"excerpt":{"rendered":"<p>Dise\u00f1o e instalaci\u00f3n de dep\u00f3sitos subterr\u00e1neos para el almacenamiento de l\u00edquidos inflamables.<\/p>\n","protected":false},"featured_media":201358,"comment_status":"open","ping_status":"closed","template":"","meta":[],"countries":[4674,4709,4756,4813,4831,4862],"product_brand":[],"product_cat":[9952,9997,13102,13499],"product_tag":[],"class_list":{"0":"post-201357","1":"product","2":"type-product","3":"status-publish","4":"has-post-thumbnail","6":"countries-by","7":"countries-cu","8":"countries-ir","9":"countries-kp","10":"countries-ru","11":"countries-sy","12":"product_cat-construccion","13":"product_cat-otros-sectores","14":"product_cat-aislamiento","15":"product_cat-almacenaje-y-distribucion","17":"first","18":"instock","19":"shipping-taxable","20":"purchasable","21":"product-type-simple"},"_links":{"self":[{"href":"https:\/\/climalife.com\/es\/wp-json\/wp\/v2\/product\/201357","targetHints":{"allow":["GET"]}}],"collection":[{"href":"https:\/\/climalife.com\/es\/wp-json\/wp\/v2\/product"}],"about":[{"href":"https:\/\/climalife.com\/es\/wp-json\/wp\/v2\/types\/product"}],"replies":[{"embeddable":true,"href":"https:\/\/climalife.com\/es\/wp-json\/wp\/v2\/comments?post=201357"}],"wp:featuredmedia":[{"embeddable":true,"href":"https:\/\/climalife.com\/es\/wp-json\/wp\/v2\/media\/201358"}],"wp:attachment":[{"href":"https:\/\/climalife.com\/es\/wp-json\/wp\/v2\/media?parent=201357"}],"wp:term":[{"taxonomy":"countries","embeddable":true,"href":"https:\/\/climalife.com\/es\/wp-json\/wp\/v2\/countries?post=201357"},{"taxonomy":"product_brand","embeddable":true,"href":"https:\/\/climalife.com\/es\/wp-json\/wp\/v2\/product_brand?post=201357"},{"taxonomy":"product_cat","embeddable":true,"href":"https:\/\/climalife.com\/es\/wp-json\/wp\/v2\/product_cat?post=201357"},{"taxonomy":"product_tag","embeddable":true,"href":"https:\/\/climalife.com\/es\/wp-json\/wp\/v2\/product_tag?post=201357"}],"curies":[{"name":"wp","href":"https:\/\/api.w.org\/{rel}","templated":true}]}}