{"id":203494,"date":"2023-07-25T13:00:09","date_gmt":"2023-07-25T13:00:09","guid":{"rendered":"https:\/\/climalife.com\/product\/r-456a\/"},"modified":"2025-06-02T12:11:45","modified_gmt":"2025-06-02T12:11:45","slug":"r-456a","status":"publish","type":"product","link":"https:\/\/climalife.com\/es\/product\/r-456a\/","title":{"rendered":"R-456A"},"content":{"rendered":"<p>El R-456A (PCA = 626*) se ha desarrollado para prolongar la disponibilidad del R-134a en los sistemas de aire acondicionado de automoci\u00f3n, con un PCA al menos un 50 % inferior, aumentando al mismo tiempo la capacidad de refrigeraci\u00f3n de los veh\u00edculos m\u00e1s antiguos. No requiere cambio de aceite.\u00a0 Soluci\u00f3n inmediata.<\/p>\n<p>*PCA seg\u00fan IPCC 5.<\/p>\n","protected":false},"excerpt":{"rendered":"<p>El R-456A es una mezcla no inflamable de hidrofluorocarburos e hidrofluoroolefinas dise\u00f1ada para sustituir al R-134a en aplicaciones de aire acondicionado para autom\u00f3viles.<\/p>\n","protected":false},"featured_media":208965,"comment_status":"open","ping_status":"closed","template":"","meta":[],"countries":[4674,4709,4756,4813,4831,4854,4862],"product_brand":[],"product_cat":[9979,13058,9612],"product_tag":[],"class_list":{"0":"post-203494","1":"product","2":"type-product","3":"status-publish","4":"has-post-thumbnail","6":"countries-by","7":"countries-cu","8":"countries-ir","9":"countries-kp","10":"countries-ru","11":"countries-es","12":"countries-sy","13":"product_cat-automocion-transporte","14":"product_cat-climatizacion","15":"product_cat-mezclas-hfc-hfo","16":"pa_packaging-botella-12-l-es-92","18":"first","19":"instock","20":"shipping-taxable","21":"purchasable","22":"product-type-variable"},"_links":{"self":[{"href":"https:\/\/climalife.com\/es\/wp-json\/wp\/v2\/product\/203494","targetHints":{"allow":["GET"]}}],"collection":[{"href":"https:\/\/climalife.com\/es\/wp-json\/wp\/v2\/product"}],"about":[{"href":"https:\/\/climalife.com\/es\/wp-json\/wp\/v2\/types\/product"}],"replies":[{"embeddable":true,"href":"https:\/\/climalife.com\/es\/wp-json\/wp\/v2\/comments?post=203494"}],"wp:featuredmedia":[{"embeddable":true,"href":"https:\/\/climalife.com\/es\/wp-json\/wp\/v2\/media\/208965"}],"wp:attachment":[{"href":"https:\/\/climalife.com\/es\/wp-json\/wp\/v2\/media?parent=203494"}],"wp:term":[{"taxonomy":"countries","embeddable":true,"href":"https:\/\/climalife.com\/es\/wp-json\/wp\/v2\/countries?post=203494"},{"taxonomy":"product_brand","embeddable":true,"href":"https:\/\/climalife.com\/es\/wp-json\/wp\/v2\/product_brand?post=203494"},{"taxonomy":"product_cat","embeddable":true,"href":"https:\/\/climalife.com\/es\/wp-json\/wp\/v2\/product_cat?post=203494"},{"taxonomy":"product_tag","embeddable":true,"href":"https:\/\/climalife.com\/es\/wp-json\/wp\/v2\/product_tag?post=203494"}],"curies":[{"name":"wp","href":"https:\/\/api.w.org\/{rel}","templated":true}]}}