{"id":203497,"date":"2023-07-25T13:05:31","date_gmt":"2023-07-25T13:05:31","guid":{"rendered":"https:\/\/climalife.com\/product\/detector-d-tek-stratus\/"},"modified":"2024-01-25T13:50:08","modified_gmt":"2024-01-25T13:50:08","slug":"detector-d-tek-stratus","status":"publish","type":"product","link":"https:\/\/climalife.com\/es\/product\/detector-d-tek-stratus\/","title":{"rendered":"Detector D-TEK Stratus"},"content":{"rendered":"<p>La fuga se se\u00f1aliza mediante una alarma sonora y una pantalla digital para la lectura en tiempo real del nivel de fuga en ppm en una gran pantalla LCD. Dos modos de funcionamiento: &#8220;Cloud Hunting&#8221; y &#8220;Pinpoint&#8221;. Otras ventajas: bater\u00edas de iones de litio recargables, carga r\u00e1pida, f\u00e1cil sustituci\u00f3n, auriculares incluidos, 2 cargadores de CA y CC para coche.<\/p>\n<p><strong>D-TEK Stratus &#8211; Refrigerantes<\/strong><\/p>\n<p>Equipado con una sonda con sensor de infrarrojos para detectar refrigerantes HCFC, HFC, HFO y mezclas a base de HFC\/HFO, incluidos los fluidos clasificados A2L. Dispone de dos sensores compatibles opcionales para detectar CO\u2082 (R-744) e hidrocarburos (R-290, R-600a, etc.).<\/p>\n<p><strong>D-TEK Stratus &#8211; CO\u2082<\/strong><\/p>\n<p>Equipado con una sonda con sensor de infrarrojos para detectar CO\u2082. Hay disponibles opcionalmente dos sensores compatibles para detectar refrigerantes y fluidos de hidrocarburos altamente inflamables (R-290, R-600a).<\/p>\n","protected":false},"excerpt":{"rendered":"<p>El detector port\u00e1til D-TEK Stratus est\u00e1 disponible en 2 versiones con varios sensores compatibles: refrigerantes A1 y A2L (HFC, HFO y mezclas HFC\/HFO), CO\u2082 (R-744) e hidrocarburos (R-290, R-600a).<\/p>\n","protected":false},"featured_media":203498,"comment_status":"open","ping_status":"closed","template":"","meta":[],"countries":[4674,4709,4756,4813,4831,4862],"product_brand":[],"product_cat":[13127,9376],"product_tag":[],"class_list":{"0":"post-203497","1":"product","2":"type-product","3":"status-publish","4":"has-post-thumbnail","6":"countries-by","7":"countries-cu","8":"countries-ir","9":"countries-kp","10":"countries-ru","11":"countries-sy","12":"product_cat-refrigeracion","13":"product_cat-detector-portatil","15":"first","16":"instock","17":"shipping-taxable","18":"purchasable","19":"product-type-variable"},"_links":{"self":[{"href":"https:\/\/climalife.com\/es\/wp-json\/wp\/v2\/product\/203497","targetHints":{"allow":["GET"]}}],"collection":[{"href":"https:\/\/climalife.com\/es\/wp-json\/wp\/v2\/product"}],"about":[{"href":"https:\/\/climalife.com\/es\/wp-json\/wp\/v2\/types\/product"}],"replies":[{"embeddable":true,"href":"https:\/\/climalife.com\/es\/wp-json\/wp\/v2\/comments?post=203497"}],"wp:featuredmedia":[{"embeddable":true,"href":"https:\/\/climalife.com\/es\/wp-json\/wp\/v2\/media\/203498"}],"wp:attachment":[{"href":"https:\/\/climalife.com\/es\/wp-json\/wp\/v2\/media?parent=203497"}],"wp:term":[{"taxonomy":"countries","embeddable":true,"href":"https:\/\/climalife.com\/es\/wp-json\/wp\/v2\/countries?post=203497"},{"taxonomy":"product_brand","embeddable":true,"href":"https:\/\/climalife.com\/es\/wp-json\/wp\/v2\/product_brand?post=203497"},{"taxonomy":"product_cat","embeddable":true,"href":"https:\/\/climalife.com\/es\/wp-json\/wp\/v2\/product_cat?post=203497"},{"taxonomy":"product_tag","embeddable":true,"href":"https:\/\/climalife.com\/es\/wp-json\/wp\/v2\/product_tag?post=203497"}],"curies":[{"name":"wp","href":"https:\/\/api.w.org\/{rel}","templated":true}]}}