{"id":207476,"date":"2023-08-31T08:09:22","date_gmt":"2023-08-31T08:09:22","guid":{"rendered":"https:\/\/climalife.com\/?post_type=product&#038;p=207476"},"modified":"2026-01-29T13:54:48","modified_gmt":"2026-01-29T13:54:48","slug":"gestion-de-residuos-aceite","status":"publish","type":"product","link":"https:\/\/climalife.com\/es\/product\/gestion-de-residuos-aceite\/","title":{"rendered":"Destrucci\u00f3n de aceite frigor\u00edfico"},"content":{"rendered":"<p>Despliegue la pesta\u00f1a &#8220;Fichas t\u00e9cnicas y de seguridad&#8221; y descargue nuestro <strong>protocolo de tratamiento de residuos <\/strong>de refrigeraci\u00f3n y<strong> la solicitud de recogida<\/strong> de la empresa mantenedora\u00a0a Climalife.<\/p>\n","protected":false},"excerpt":{"rendered":"<p>Climalife es gestor autorizado de residuos en Espa\u00f1a con su filial Friogas S.A.U. desde hace m\u00e1s de 30 a\u00f1os.<\/p>\n","protected":false},"featured_media":107496,"comment_status":"open","ping_status":"closed","template":"","meta":[],"countries":[4650,4653,4652,4654,4656,4655,4657,4658,4659,4660,4661,4662,4664,4665,4666,4667,4668,4669,4670,4671,4672,4673,4674,4675,4676,4677,4678,4679,4680,4681,4682,4683,4684,4685,4686,4687,4688,4689,4690,4691,4692,4693,4694,4695,4696,4663,4697,4698,4699,4700,4701,4702,4703,4704,4705,4706,4707,4708,4709,4710,4711,4712,4713,4714,4715,4716,4717,4718,4719,4720,4721,4722,4859,4723,4724,4725,4726,4727,4728,4729,4730,4731,4732,4733,4734,4735,4736,4737,4738,4739,4740,4741,4742,4743,4744,4745,4746,4747,4748,4749,4750,4751,4752,4753,4754,4755,4756,4757,4758,4759,4760,4761,4762,4763,4764,4765,4766,9125,4767,4768,4769,4770,4771,4772,4773,4774,4775,4776,4777,4778,4779,4780,4781,4782,4783,4784,4785,4786,4787,4788,4789,4790,4791,4792,4649,4793,4794,4795,4796,4797,4798,4799,4800,4801,4802,4803,4804,4805,4806,4807,4808,4809,4810,4811,4812,4813,4814,4815,4816,4817,4818,4819,4820,4821,4822,4823,4824,4825,4826,4827,4828,4829,4830,4893,4831,4832,4833,4834,4835,4836,4837,4838,4839,4840,4841,4842,4843,4844,4845,4846,4847,4848,4849,4850,4851,4852,4853,4855,4856,4857,4858,4860,4861,4862,4863,4864,4865,4866,4867,4868,4869,4870,4871,4872,4873,4874,4875,4876,4877,4878,4879,4880,4881,4882,4883,4884,4885,4886,4887,4888,4889,4890,4891,4892],"product_brand":[],"product_cat":[9952,9961,9943,9997,13058,13075,13093,13111,13127,13886],"product_tag":[13799,13796,13798,13797],"class_list":{"0":"post-207476","1":"product","2":"type-product","3":"status-publish","4":"has-post-thumbnail","6":"countries-af","7":"countries-africa-indian-ocean","8":"countries-al","9":"countries-dz","10":"countries-as","11":"countries-americas","12":"countries-ad","13":"countries-ao","14":"countries-ai","15":"countries-aq","16":"countries-ag","17":"countries-ar","18":"countries-am","19":"countries-aw","20":"countries-asia-pacific","21":"countries-au","22":"countries-at","23":"countries-az","24":"countries-bs","25":"countries-bh","26":"countries-bd","27":"countries-bb","28":"countries-by","29":"countries-be","30":"countries-bz","31":"countries-bj","32":"countries-bm","33":"countries-bt","34":"countries-bo","35":"countries-ba","36":"countries-bw","37":"countries-bv","38":"countries-br","39":"countries-io","40":"countries-vg","41":"countries-bn","42":"countries-bg","43":"countries-bf","44":"countries-bi","45":"countries-kh","46":"countries-cm","47":"countries-ca","48":"countries-cv","49":"countries-ky","50":"countries-cf","51":"countries-central-asia","52":"countries-td","53":"countries-cl","54":"countries-cn","55":"countries-cx","56":"countries-cc","57":"countries-co","58":"countries-km","59":"countries-cg","60":"countries-ck","61":"countries-cr","62":"countries-ci","63":"countries-hr","64":"countries-cu","65":"countries-cy","66":"countries-cz","67":"countries-cd","68":"countries-dk","69":"countries-dj","70":"countries-dm","71":"countries-do","72":"countries-ec","73":"countries-eg","74":"countries-sv","75":"countries-gq","76":"countries-er","77":"countries-ee","78":"countries-sz","79":"countries-et","80":"countries-fk","81":"countries-fo","82":"countries-fj","83":"countries-fi","84":"countries-fr","85":"countries-fr-gf-gp-mq-yt-re","86":"countries-gn","87":"countries-pf","88":"countries-tf","89":"countries-ga","90":"countries-gm","91":"countries-ge","92":"countries-de","93":"countries-gh","94":"countries-gi","95":"countries-gr","96":"countries-gl","97":"countries-gd","98":"countries-gp","99":"countries-gu","100":"countries-gt","101":"countries-gn-africa-indian-ocean","102":"countries-gw","103":"countries-gy","104":"countries-ht","105":"countries-hm","106":"countries-hn","107":"countries-hk","108":"countries-hu","109":"countries-is","110":"countries-in","111":"countries-id","112":"countries-ir","113":"countries-iq","114":"countries-ie","115":"countries-il","116":"countries-it","117":"countries-jm","118":"countries-jp","119":"countries-jo","120":"countries-kz","121":"countries-ke","122":"countries-ki","123":"countries-xk","124":"countries-kw","125":"countries-kg","126":"countries-la","127":"countries-lv","128":"countries-lb","129":"countries-ls","130":"countries-lr","131":"countries-ly","132":"countries-li","133":"countries-lt","134":"countries-lu","135":"countries-mo","136":"countries-mk","137":"countries-mg","138":"countries-mw","139":"countries-my","140":"countries-mv","141":"countries-ml","142":"countries-mt","143":"countries-mh","144":"countries-mq","145":"countries-mr","146":"countries-mu","147":"countries-yt","148":"countries-mx","149":"countries-fm","150":"countries-middle-east","151":"countries-md","152":"countries-mc","153":"countries-mn","154":"countries-me","155":"countries-ms","156":"countries-ma","157":"countries-mz","158":"countries-mm","159":"countries-na","160":"countries-nr","161":"countries-np","162":"countries-nl","163":"countries-an","164":"countries-nc","165":"countries-nz","166":"countries-ni","167":"countries-ne","168":"countries-ng","169":"countries-nu","170":"countries-nf","171":"countries-kp","172":"countries-mp","173":"countries-no","174":"countries-om","175":"countries-pk","176":"countries-pw","177":"countries-ps","178":"countries-pa","179":"countries-pg","180":"countries-py","181":"countries-pe","182":"countries-ph","183":"countries-pn","184":"countries-pl","185":"countries-pt","186":"countries-pr","187":"countries-qa","188":"countries-re","189":"countries-ro","190":"countries-ru","191":"countries-rw","192":"countries-sh","193":"countries-kn","194":"countries-lc","195":"countries-pm","196":"countries-vc","197":"countries-ws","198":"countries-sm","199":"countries-st","200":"countries-sa","201":"countries-sn","202":"countries-rs","203":"countries-sc","204":"countries-sl","205":"countries-sg","206":"countries-sk","207":"countries-si","208":"countries-sb","209":"countries-so","210":"countries-za","211":"countries-gs","212":"countries-kr","213":"countries-lk","214":"countries-sd","215":"countries-sr","216":"countries-sj","217":"countries-se","218":"countries-ch","219":"countries-sy","220":"countries-tw","221":"countries-tj","222":"countries-tz","223":"countries-th","224":"countries-tl","225":"countries-tg","226":"countries-tk","227":"countries-to","228":"countries-tt","229":"countries-tn","230":"countries-tr","231":"countries-tc","232":"countries-tv","233":"countries-vi","234":"countries-ug","235":"countries-ua","236":"countries-ae","237":"countries-gb","238":"countries-us","239":"countries-um","240":"countries-uy","241":"countries-uz","242":"countries-vu","243":"countries-va","244":"countries-ve","245":"countries-vn","246":"countries-wf","247":"countries-ye","248":"countries-zm","249":"countries-zw","250":"product_cat-construccion","251":"product_cat-energia","252":"product_cat-alimentacion","253":"product_cat-otros-sectores","254":"product_cat-climatizacion","255":"product_cat-desmantelamiento-destruccion","256":"product_cat-calefaccion","257":"product_cat-orc-ciclo-organico-rankine","258":"product_cat-refrigeracion","259":"product_cat-gestion-de-residuos","260":"product_tag-destruccion","261":"product_tag-gestion-de-residuos","262":"product_tag-reciclaje","263":"product_tag-regeneracion","265":"first","266":"instock","267":"shipping-taxable","268":"purchasable","269":"product-type-simple"},"_links":{"self":[{"href":"https:\/\/climalife.com\/es\/wp-json\/wp\/v2\/product\/207476","targetHints":{"allow":["GET"]}}],"collection":[{"href":"https:\/\/climalife.com\/es\/wp-json\/wp\/v2\/product"}],"about":[{"href":"https:\/\/climalife.com\/es\/wp-json\/wp\/v2\/types\/product"}],"replies":[{"embeddable":true,"href":"https:\/\/climalife.com\/es\/wp-json\/wp\/v2\/comments?post=207476"}],"wp:featuredmedia":[{"embeddable":true,"href":"https:\/\/climalife.com\/es\/wp-json\/wp\/v2\/media\/107496"}],"wp:attachment":[{"href":"https:\/\/climalife.com\/es\/wp-json\/wp\/v2\/media?parent=207476"}],"wp:term":[{"taxonomy":"countries","embeddable":true,"href":"https:\/\/climalife.com\/es\/wp-json\/wp\/v2\/countries?post=207476"},{"taxonomy":"product_brand","embeddable":true,"href":"https:\/\/climalife.com\/es\/wp-json\/wp\/v2\/product_brand?post=207476"},{"taxonomy":"product_cat","embeddable":true,"href":"https:\/\/climalife.com\/es\/wp-json\/wp\/v2\/product_cat?post=207476"},{"taxonomy":"product_tag","embeddable":true,"href":"https:\/\/climalife.com\/es\/wp-json\/wp\/v2\/product_tag?post=207476"}],"curies":[{"name":"wp","href":"https:\/\/api.w.org\/{rel}","templated":true}]}}