{"id":207481,"date":"2023-08-31T08:30:59","date_gmt":"2023-08-31T08:30:59","guid":{"rendered":"https:\/\/climalife.com\/?post_type=product&#038;p=207481"},"modified":"2026-01-29T13:54:48","modified_gmt":"2026-01-29T13:54:48","slug":"gestion-de-residuos-htf","status":"publish","type":"product","link":"https:\/\/climalife.com\/es\/product\/gestion-de-residuos-htf\/","title":{"rendered":"Destrucci\u00f3n de glicol caloportadores"},"content":{"rendered":"<p>Despliegue la pesta\u00f1a &#8220;Fichas t\u00e9cnicas y de seguridad&#8221; y descargue nuestro <strong>protocolo de tratamiento de residuos <\/strong>de refrigeraci\u00f3n y<strong> la solicitud de recogida<\/strong> de la empresa mantenedora\u00a0a Climalife.<\/p>\n","protected":false},"excerpt":{"rendered":"<p>Climalife es gestor autorizado de residuos en Espa\u00f1a con su filial Friogas S.A.U. desde hace m\u00e1s de 30 a\u00f1os.<\/p>\n","protected":false},"featured_media":107487,"comment_status":"open","ping_status":"closed","template":"","meta":[],"countries":[4756,4813],"product_brand":[],"product_cat":[9952,9961,9943,9997,13058,13075,13093,13111,13127,13886],"product_tag":[13799,13796,13798,13797],"class_list":{"0":"post-207481","1":"product","2":"type-product","3":"status-publish","4":"has-post-thumbnail","6":"countries-ir","7":"countries-kp","8":"product_cat-construccion","9":"product_cat-energia","10":"product_cat-alimentacion","11":"product_cat-otros-sectores","12":"product_cat-climatizacion","13":"product_cat-desmantelamiento-destruccion","14":"product_cat-calefaccion","15":"product_cat-orc-ciclo-organico-rankine","16":"product_cat-refrigeracion","17":"product_cat-gestion-de-residuos","18":"product_tag-destruccion","19":"product_tag-gestion-de-residuos","20":"product_tag-reciclaje","21":"product_tag-regeneracion","23":"first","24":"instock","25":"shipping-taxable","26":"purchasable","27":"product-type-simple"},"_links":{"self":[{"href":"https:\/\/climalife.com\/es\/wp-json\/wp\/v2\/product\/207481","targetHints":{"allow":["GET"]}}],"collection":[{"href":"https:\/\/climalife.com\/es\/wp-json\/wp\/v2\/product"}],"about":[{"href":"https:\/\/climalife.com\/es\/wp-json\/wp\/v2\/types\/product"}],"replies":[{"embeddable":true,"href":"https:\/\/climalife.com\/es\/wp-json\/wp\/v2\/comments?post=207481"}],"wp:featuredmedia":[{"embeddable":true,"href":"https:\/\/climalife.com\/es\/wp-json\/wp\/v2\/media\/107487"}],"wp:attachment":[{"href":"https:\/\/climalife.com\/es\/wp-json\/wp\/v2\/media?parent=207481"}],"wp:term":[{"taxonomy":"countries","embeddable":true,"href":"https:\/\/climalife.com\/es\/wp-json\/wp\/v2\/countries?post=207481"},{"taxonomy":"product_brand","embeddable":true,"href":"https:\/\/climalife.com\/es\/wp-json\/wp\/v2\/product_brand?post=207481"},{"taxonomy":"product_cat","embeddable":true,"href":"https:\/\/climalife.com\/es\/wp-json\/wp\/v2\/product_cat?post=207481"},{"taxonomy":"product_tag","embeddable":true,"href":"https:\/\/climalife.com\/es\/wp-json\/wp\/v2\/product_tag?post=207481"}],"curies":[{"name":"wp","href":"https:\/\/api.w.org\/{rel}","templated":true}]}}