{"id":210259,"date":"2023-09-19T09:34:41","date_gmt":"2023-09-19T09:34:41","guid":{"rendered":"https:\/\/climalife.com\/product\/detector-glaciar-midi\/"},"modified":"2025-05-05T11:16:06","modified_gmt":"2025-05-05T11:16:06","slug":"detector-glaciar-midi","status":"publish","type":"product","link":"https:\/\/climalife.com\/es\/product\/detector-glaciar-midi\/","title":{"rendered":"Detector GLACI\u00c4R MIDI"},"content":{"rendered":"<p>El controlador de sala SAMON GLACI\u00c4R MIDI est\u00e1 disponible en dos versiones, 1 con sensor integrado y 1 con sensor remoto.<\/p>\n<p>Se trata de un sensor-transmisor equipado con una sonda con 2 niveles de alarma, que puede utilizarse como detector aut\u00f3nomo o conectado a un sistema de control (por ejemplo, GTC) a trav\u00e9s de un enlace Modbus.<\/p>\n<p>Dispone de 2 salidas de rel\u00e9 para niveles de alarma alto y bajo y una salida anal\u00f3gica que puede activar equipos de seguridad externos como v\u00e1lvulas, ventiladores y\/o alarmas generales.<\/p>\n<p>Hay 5 tipos de detectores disponibles en funci\u00f3n del fluido :<\/p>\n<p><strong>GLACI\u00c4R MIDI<\/strong> Grupo 1 (rango de detecci\u00f3n 0-1000 ppm) : R-32, R407A, R-407C, R-407F, R-410A, R-448A, R-449A, R-452A, R-452B, R-454A, R-454B, R-454C, R-455A, R-507A.<\/p>\n<p><strong>GLACI\u00c4R MIDI<\/strong> Grupo 2 (rango de detecci\u00f3n 0-1000 ppm) : R-1233zd, R-1234yf, R-1234ze, R-134a, R-22, R-404A, R-450A, R-513A.<\/p>\n<p><strong>GLACI\u00c4R MIDI<\/strong> Grupo 3 (HC &#8211; rango de detecci\u00f3n 0-4000 ppm) : R-290, R-600a, R1270<\/p>\n<p><strong>GLACI\u00c4R MIDI<\/strong> CO2 (rango de detecci\u00f3n 0-10000 ppm) : R-744<\/p>\n<p><strong>GLACI\u00c4R MIDI<\/strong> NH3 (rango de detecci\u00f3n 0-100 \/ 0-1000 \/ 0-5000 ppm): R-717<\/p>\n","protected":false},"excerpt":{"rendered":"<p>El controlador de sala <strong>GLACI<\/strong><strong>\u00c4<\/strong><strong>R MIDI <\/strong>es un detector de fugas de refrigerante para todos los sistemas de aire acondicionado y refrigeraci\u00f3n.<\/p>\n","protected":false},"featured_media":209589,"comment_status":"open","ping_status":"closed","template":"","meta":[],"countries":[4674,4709,4756,4813,4831,4862],"product_brand":[],"product_cat":[9952,9943,13058,13127,9268],"product_tag":[],"class_list":{"0":"post-210259","1":"product","2":"type-product","3":"status-publish","4":"has-post-thumbnail","6":"countries-by","7":"countries-cu","8":"countries-ir","9":"countries-kp","10":"countries-ru","11":"countries-sy","12":"product_cat-construccion","13":"product_cat-alimentacion","14":"product_cat-climatizacion","15":"product_cat-refrigeracion","16":"product_cat-detector-fijo","18":"first","19":"instock","20":"shipping-taxable","21":"product-type-variable"},"_links":{"self":[{"href":"https:\/\/climalife.com\/es\/wp-json\/wp\/v2\/product\/210259","targetHints":{"allow":["GET"]}}],"collection":[{"href":"https:\/\/climalife.com\/es\/wp-json\/wp\/v2\/product"}],"about":[{"href":"https:\/\/climalife.com\/es\/wp-json\/wp\/v2\/types\/product"}],"replies":[{"embeddable":true,"href":"https:\/\/climalife.com\/es\/wp-json\/wp\/v2\/comments?post=210259"}],"wp:featuredmedia":[{"embeddable":true,"href":"https:\/\/climalife.com\/es\/wp-json\/wp\/v2\/media\/209589"}],"wp:attachment":[{"href":"https:\/\/climalife.com\/es\/wp-json\/wp\/v2\/media?parent=210259"}],"wp:term":[{"taxonomy":"countries","embeddable":true,"href":"https:\/\/climalife.com\/es\/wp-json\/wp\/v2\/countries?post=210259"},{"taxonomy":"product_brand","embeddable":true,"href":"https:\/\/climalife.com\/es\/wp-json\/wp\/v2\/product_brand?post=210259"},{"taxonomy":"product_cat","embeddable":true,"href":"https:\/\/climalife.com\/es\/wp-json\/wp\/v2\/product_cat?post=210259"},{"taxonomy":"product_tag","embeddable":true,"href":"https:\/\/climalife.com\/es\/wp-json\/wp\/v2\/product_tag?post=210259"}],"curies":[{"name":"wp","href":"https:\/\/api.w.org\/{rel}","templated":true}]}}