{"id":214218,"date":"2024-02-15T11:02:54","date_gmt":"2024-02-15T11:02:54","guid":{"rendered":"https:\/\/climalife.com\/product\/solstice-gba\/"},"modified":"2024-02-15T11:28:22","modified_gmt":"2024-02-15T11:28:22","slug":"solstice-gba","status":"publish","type":"product","link":"https:\/\/climalife.com\/es\/product\/solstice-gba\/","title":{"rendered":"Solstice GBA"},"content":{"rendered":"<p>Su aplicaci\u00f3n no requiere inversiones particulares en cuanto a la instalaci\u00f3n de seguridad ATEX. Solstice GBA est\u00e1 concebido para la sustituci\u00f3n del HFC 134a.<br \/>\nSolstice<sup>\u00ae<\/sup> GBA no tiene ning\u00fan efecto sobre la capa de ozono y su impacto sobre el efecto invernadero es muy insignificante (GWP = 7). Por lo tanto, no est\u00e1 afectado por F-Gas I (reglamento n\u00ba 842\/2006\/CE) y II (reglamento n\u00ba 517\/2014\/CE).<\/p>\n","protected":false},"excerpt":{"rendered":"<p>Solstice GBA es un hidrofluoropropeno utilizado como agente de expansi\u00f3n en la espuma de poliuretano.<\/p>\n","protected":false},"featured_media":126360,"comment_status":"closed","ping_status":"closed","template":"","meta":[],"countries":[4674,4709,4756,4813,4831,4862],"product_brand":[],"product_cat":[9952,13102,9401],"product_tag":[],"class_list":{"0":"post-214218","1":"product","2":"type-product","3":"status-publish","4":"has-post-thumbnail","6":"countries-by","7":"countries-cu","8":"countries-ir","9":"countries-kp","10":"countries-ru","11":"countries-sy","12":"product_cat-construccion","13":"product_cat-aislamiento","14":"product_cat-hfo-expansion-de-espumas","15":"pa_packaging-botella-88-l-es-122","16":"pa_packaging-contenedor-448-l-es-74","17":"pa_packaging-contenedor-930-l-es-76","19":"first","20":"instock","21":"shipping-taxable","22":"purchasable","23":"product-type-variable"},"_links":{"self":[{"href":"https:\/\/climalife.com\/es\/wp-json\/wp\/v2\/product\/214218","targetHints":{"allow":["GET"]}}],"collection":[{"href":"https:\/\/climalife.com\/es\/wp-json\/wp\/v2\/product"}],"about":[{"href":"https:\/\/climalife.com\/es\/wp-json\/wp\/v2\/types\/product"}],"replies":[{"embeddable":true,"href":"https:\/\/climalife.com\/es\/wp-json\/wp\/v2\/comments?post=214218"}],"wp:featuredmedia":[{"embeddable":true,"href":"https:\/\/climalife.com\/es\/wp-json\/wp\/v2\/media\/126360"}],"wp:attachment":[{"href":"https:\/\/climalife.com\/es\/wp-json\/wp\/v2\/media?parent=214218"}],"wp:term":[{"taxonomy":"countries","embeddable":true,"href":"https:\/\/climalife.com\/es\/wp-json\/wp\/v2\/countries?post=214218"},{"taxonomy":"product_brand","embeddable":true,"href":"https:\/\/climalife.com\/es\/wp-json\/wp\/v2\/product_brand?post=214218"},{"taxonomy":"product_cat","embeddable":true,"href":"https:\/\/climalife.com\/es\/wp-json\/wp\/v2\/product_cat?post=214218"},{"taxonomy":"product_tag","embeddable":true,"href":"https:\/\/climalife.com\/es\/wp-json\/wp\/v2\/product_tag?post=214218"}],"curies":[{"name":"wp","href":"https:\/\/api.w.org\/{rel}","templated":true}]}}