{"id":214223,"date":"2024-02-15T11:38:35","date_gmt":"2024-02-15T11:38:35","guid":{"rendered":"https:\/\/climalife.com\/product\/solufluid-energy\/"},"modified":"2024-02-26T09:58:02","modified_gmt":"2024-02-26T09:58:02","slug":"solufluid-energy-caloportador","status":"publish","type":"product","link":"https:\/\/climalife.com\/es\/product\/solufluid-energy-caloportador\/","title":{"rendered":"Solufluid\u00ae Energy"},"content":{"rendered":"<p>Solufluid<sup>\u00ae<\/sup> Energy ha sido probado a altas temperaturas y soporta periodos de estancamiento superiores a +150\u00b0C, especialmente durante los meses de verano. Ofrece una protecci\u00f3n eficaz contra la congelaci\u00f3n y la corrosi\u00f3n de los metales utilizados en las instalaciones (acero, aluminio, cobre, lat\u00f3n, soldadura, etc.). Evita la formaci\u00f3n de lodos en los circuitos y la obstrucci\u00f3n de los colectores solares y los circuitos subterr\u00e1neos.<\/p>\n<p>Su color amarillo facilita su identificaci\u00f3n.<\/p>\n","protected":false},"excerpt":{"rendered":"<p>Solufluid<sup>\u00ae<\/sup> Energy es un caloportador listo para usar a base de MPG e inhibidores de corrosi\u00f3n. Es adecuado para circuitos de producci\u00f3n de agua caliente sanitaria con colectores solares t\u00e9rmicos planos o tubulares de vac\u00edo, y para sistemas de bomba de calor geot\u00e9rmica (circuitos de colectores enterrados), as\u00ed como para sistemas aerot\u00e9rmicos.<\/p>\n","protected":false},"featured_media":214224,"comment_status":"closed","ping_status":"closed","template":"","meta":[],"countries":[4674,4709,4756,4813,4831,4862],"product_brand":[],"product_cat":[9952,9961,9997,13093,13136,13539],"product_tag":[],"class_list":{"0":"post-214223","1":"product","2":"type-product","3":"status-publish","4":"has-post-thumbnail","6":"countries-by","7":"countries-cu","8":"countries-ir","9":"countries-kp","10":"countries-ru","11":"countries-sy","12":"product_cat-construccion","13":"product_cat-energia","14":"product_cat-otros-sectores","15":"product_cat-calefaccion","16":"product_cat-energias-renovables","17":"product_cat-mpg-es","18":"pa_packaging-barril-210-i-es-28","19":"pa_packaging-bidon-20-l-es-174","20":"pa_packaging-contenedor-1000-kg-es-139","21":"pa_protection-20c-es-146","22":"pa_protection-25c-es-233","24":"first","25":"instock","26":"shipping-taxable","27":"purchasable","28":"product-type-variable"},"_links":{"self":[{"href":"https:\/\/climalife.com\/es\/wp-json\/wp\/v2\/product\/214223","targetHints":{"allow":["GET"]}}],"collection":[{"href":"https:\/\/climalife.com\/es\/wp-json\/wp\/v2\/product"}],"about":[{"href":"https:\/\/climalife.com\/es\/wp-json\/wp\/v2\/types\/product"}],"replies":[{"embeddable":true,"href":"https:\/\/climalife.com\/es\/wp-json\/wp\/v2\/comments?post=214223"}],"wp:featuredmedia":[{"embeddable":true,"href":"https:\/\/climalife.com\/es\/wp-json\/wp\/v2\/media\/214224"}],"wp:attachment":[{"href":"https:\/\/climalife.com\/es\/wp-json\/wp\/v2\/media?parent=214223"}],"wp:term":[{"taxonomy":"countries","embeddable":true,"href":"https:\/\/climalife.com\/es\/wp-json\/wp\/v2\/countries?post=214223"},{"taxonomy":"product_brand","embeddable":true,"href":"https:\/\/climalife.com\/es\/wp-json\/wp\/v2\/product_brand?post=214223"},{"taxonomy":"product_cat","embeddable":true,"href":"https:\/\/climalife.com\/es\/wp-json\/wp\/v2\/product_cat?post=214223"},{"taxonomy":"product_tag","embeddable":true,"href":"https:\/\/climalife.com\/es\/wp-json\/wp\/v2\/product_tag?post=214223"}],"curies":[{"name":"wp","href":"https:\/\/api.w.org\/{rel}","templated":true}]}}