{"id":214703,"date":"2024-03-04T09:26:33","date_gmt":"2024-03-04T09:26:33","guid":{"rendered":"https:\/\/climalife.com\/product\/climapp-seguimiento-de-trabajos-trazabilidad-residuos\/"},"modified":"2024-03-04T10:20:27","modified_gmt":"2024-03-04T10:20:27","slug":"climapp-seguimiento-de-trabajos-trazabilidad-residuos","status":"publish","type":"product","link":"https:\/\/climalife.com\/es\/product\/climapp-seguimiento-de-trabajos-trazabilidad-residuos\/","title":{"rendered":"Clim&#8217;app: seguimiento de trabajos, trazabilidad, residuos"},"content":{"rendered":"<p>Gener\u00e9 autom\u00e1ticamente los documentos reglamentarios de cada intervenci\u00f3n, en unos pocos clics.<br \/>\nEn la interfaz web est\u00e1n disponibles cuadros de mando para resumir y supervisar el trabajo realizado, junto con la gesti\u00f3n del inventario de fluidos y contenedores. Los recordatorios de plazos para las comprobaciones de fugas y las inspecciones de detectores de fugas son visibles en el back office.<\/p>\n<p>Existen 4 paquetes en funci\u00f3n del n\u00famero de usuarios:<\/p>\n<ul>\n<li>1 a 4 usuarios: Paquete + Rando<\/li>\n<li>de 5 a 12 usuarios: Paquete+ Trail<\/li>\n<li>de 13 a 30 usuarios: Paquete + Treck<\/li>\n<li>de 31 a 50 usuarios: Paquete + Sherpa<\/li>\n<\/ul>\n<p>P\u00eddanos una demostraci\u00f3n, reserve su turno y obtenga m\u00e1s informaci\u00f3n sobre la aplicaci\u00f3n en nuestro sitio web. <a href=\"https:\/\/www.climapp.dehon.com\/en\/\" rel=\"noopener\"><strong><span style=\"color: #3366ff;\">site Clim&#8217;app.<\/span><\/strong><\/a><\/p>\n<p>&nbsp;<\/p>\n","protected":false},"excerpt":{"rendered":"<p class=\"title\">Clim&#8217;app es una sencilla soluci\u00f3n m\u00f3vil adaptada a los problemas a las que se enfrentan los profesionales de la refrigeraci\u00f3n cuando trabajan en instalaciones frigor\u00edficas.<\/p>\n<p class=\"description\">\n","protected":false},"featured_media":214704,"comment_status":"closed","ping_status":"closed","template":"","meta":[],"countries":[4674,4709,4756,4813,4831,4862],"product_brand":[],"product_cat":[9943,15068,13058,9952,13075,9997,13067,13127],"product_tag":[],"class_list":{"0":"post-214703","1":"product","2":"type-product","3":"status-publish","4":"has-post-thumbnail","6":"countries-by","7":"countries-cu","8":"countries-ir","9":"countries-kp","10":"countries-ru","11":"countries-sy","12":"product_cat-alimentacion","13":"product_cat-climapp-es","14":"product_cat-climatizacion","15":"product_cat-construccion","16":"product_cat-desmantelamiento-destruccion","17":"product_cat-otros-sectores","18":"product_cat-proteccion-dielectrica-sf6","19":"product_cat-refrigeracion","21":"first","22":"instock","23":"shipping-taxable","24":"purchasable","25":"product-type-variable"},"_links":{"self":[{"href":"https:\/\/climalife.com\/es\/wp-json\/wp\/v2\/product\/214703","targetHints":{"allow":["GET"]}}],"collection":[{"href":"https:\/\/climalife.com\/es\/wp-json\/wp\/v2\/product"}],"about":[{"href":"https:\/\/climalife.com\/es\/wp-json\/wp\/v2\/types\/product"}],"replies":[{"embeddable":true,"href":"https:\/\/climalife.com\/es\/wp-json\/wp\/v2\/comments?post=214703"}],"wp:featuredmedia":[{"embeddable":true,"href":"https:\/\/climalife.com\/es\/wp-json\/wp\/v2\/media\/214704"}],"wp:attachment":[{"href":"https:\/\/climalife.com\/es\/wp-json\/wp\/v2\/media?parent=214703"}],"wp:term":[{"taxonomy":"countries","embeddable":true,"href":"https:\/\/climalife.com\/es\/wp-json\/wp\/v2\/countries?post=214703"},{"taxonomy":"product_brand","embeddable":true,"href":"https:\/\/climalife.com\/es\/wp-json\/wp\/v2\/product_brand?post=214703"},{"taxonomy":"product_cat","embeddable":true,"href":"https:\/\/climalife.com\/es\/wp-json\/wp\/v2\/product_cat?post=214703"},{"taxonomy":"product_tag","embeddable":true,"href":"https:\/\/climalife.com\/es\/wp-json\/wp\/v2\/product_tag?post=214703"}],"curies":[{"name":"wp","href":"https:\/\/api.w.org\/{rel}","templated":true}]}}