{"id":215253,"date":"2024-04-22T15:37:50","date_gmt":"2024-04-22T15:37:50","guid":{"rendered":"https:\/\/climalife.com\/product\/duonett\/"},"modified":"2025-03-11T11:06:24","modified_gmt":"2025-03-11T11:06:24","slug":"duonett","status":"publish","type":"product","link":"https:\/\/climalife.com\/es\/product\/duonett\/","title":{"rendered":"Duonett\u00ae"},"content":{"rendered":"<p><span data-contrast=\"none\"><strong>DUONETT\u00ae<\/strong> es f\u00e1cil de usar y biodegradable.<\/span><\/p>\n<p>Disponible en latas de 5 y 20 litros o en bidones de 225 litros.<\/p>\n<p><strong>Esta nueva f\u00f3rmula sustituye a Duonett\u00ae D7.<\/strong><\/p>\n","protected":false},"excerpt":{"rendered":"<p><strong>DUONETT<\/strong><sup>\u00ae<\/sup> es un desincrustante l\u00edquido para uso industrial, dise\u00f1ado para disolver la cal y las incrustaciones, y eliminar los lodos y los dep\u00f3sitos de \u00f3xido en las instalaciones que transportan agua.<\/p>\n<p>Puede utilizarse en intercambiadores de calor (condensadores y evaporadores de agua), calderas, circuitos de agua y tuber\u00edas, as\u00ed como en torres de refrigeraci\u00f3n.<\/p>\n","protected":false},"featured_media":215254,"comment_status":"closed","ping_status":"closed","template":"","meta":[],"countries":[4674,4709,4756,4813,4831,4862],"product_brand":[],"product_cat":[9984,9952,9961,9943,9970,9997,13058,13093,13127,13136,9359],"product_tag":[],"class_list":{"0":"post-215253","1":"product","2":"type-product","3":"status-publish","4":"has-post-thumbnail","6":"countries-by","7":"countries-cu","8":"countries-ir","9":"countries-kp","10":"countries-ru","11":"countries-sy","12":"product_cat-aeronautica-aeroespacial-defensa","13":"product_cat-construccion","14":"product_cat-energia","15":"product_cat-alimentacion","16":"product_cat-salud-bienestar","17":"product_cat-otros-sectores","18":"product_cat-climatizacion","19":"product_cat-calefaccion","20":"product_cat-refrigeracion","21":"product_cat-energias-renovables","22":"product_cat-interna-circuitos-secundarios","23":"pa_packaging-20-l-can-en-174","24":"pa_packaging-225-l-barrel-en-37","25":"pa_packaging-can-of-5-l-en-35","27":"first","28":"instock","29":"shipping-taxable","30":"purchasable","31":"product-type-variable"},"_links":{"self":[{"href":"https:\/\/climalife.com\/es\/wp-json\/wp\/v2\/product\/215253","targetHints":{"allow":["GET"]}}],"collection":[{"href":"https:\/\/climalife.com\/es\/wp-json\/wp\/v2\/product"}],"about":[{"href":"https:\/\/climalife.com\/es\/wp-json\/wp\/v2\/types\/product"}],"replies":[{"embeddable":true,"href":"https:\/\/climalife.com\/es\/wp-json\/wp\/v2\/comments?post=215253"}],"wp:featuredmedia":[{"embeddable":true,"href":"https:\/\/climalife.com\/es\/wp-json\/wp\/v2\/media\/215254"}],"wp:attachment":[{"href":"https:\/\/climalife.com\/es\/wp-json\/wp\/v2\/media?parent=215253"}],"wp:term":[{"taxonomy":"countries","embeddable":true,"href":"https:\/\/climalife.com\/es\/wp-json\/wp\/v2\/countries?post=215253"},{"taxonomy":"product_brand","embeddable":true,"href":"https:\/\/climalife.com\/es\/wp-json\/wp\/v2\/product_brand?post=215253"},{"taxonomy":"product_cat","embeddable":true,"href":"https:\/\/climalife.com\/es\/wp-json\/wp\/v2\/product_cat?post=215253"},{"taxonomy":"product_tag","embeddable":true,"href":"https:\/\/climalife.com\/es\/wp-json\/wp\/v2\/product_tag?post=215253"}],"curies":[{"name":"wp","href":"https:\/\/api.w.org\/{rel}","templated":true}]}}