{"id":215255,"date":"2024-04-22T16:00:37","date_gmt":"2024-04-22T16:00:37","guid":{"rendered":"https:\/\/climalife.com\/product\/r-454c\/"},"modified":"2026-03-10T08:26:31","modified_gmt":"2026-03-10T08:26:31","slug":"r-454c","status":"publish","type":"product","link":"https:\/\/climalife.com\/es\/product\/r-454c\/","title":{"rendered":"R-454C"},"content":{"rendered":"<p>Puede utilizarse en instalaciones nuevas de refrigeraci\u00f3n comercial o industrial negativa y positiva, en expansi\u00f3n directa para unidades condensadoras, c\u00e1maras frigor\u00edficas y sistemas aut\u00f3nomos que sol\u00edan funcionar con R-404A.<\/p>\n","protected":false},"excerpt":{"rendered":"<p>El R-454C es una mezcla no azeotr\u00f3pica de HFC y HFO con un PCG muy bajo &lt;150 clasificado A2L.<\/p>\n","protected":false},"featured_media":215256,"comment_status":"closed","ping_status":"closed","template":"","meta":[],"countries":[4674,4709,4756,4813,4831,4862],"product_brand":[],"product_cat":[9943,13058,9952,13136,9612,9997,13127,9970],"product_tag":[],"class_list":{"0":"post-215255","1":"product","2":"type-product","3":"status-publish","4":"has-post-thumbnail","6":"countries-by","7":"countries-cu","8":"countries-ir","9":"countries-kp","10":"countries-ru","11":"countries-sy","12":"product_cat-alimentacion","13":"product_cat-climatizacion","14":"product_cat-construccion","15":"product_cat-energias-renovables","16":"product_cat-mezclas-hfc-hfo","17":"product_cat-otros-sectores","18":"product_cat-refrigeracion","19":"product_cat-salud-bienestar","20":"pa_packaging-botella-es-310","21":"pa_packaging-botella-10-5-l-es-119","23":"first","24":"instock","25":"shipping-taxable","26":"purchasable","27":"product-type-variable"},"_links":{"self":[{"href":"https:\/\/climalife.com\/es\/wp-json\/wp\/v2\/product\/215255","targetHints":{"allow":["GET"]}}],"collection":[{"href":"https:\/\/climalife.com\/es\/wp-json\/wp\/v2\/product"}],"about":[{"href":"https:\/\/climalife.com\/es\/wp-json\/wp\/v2\/types\/product"}],"replies":[{"embeddable":true,"href":"https:\/\/climalife.com\/es\/wp-json\/wp\/v2\/comments?post=215255"}],"wp:featuredmedia":[{"embeddable":true,"href":"https:\/\/climalife.com\/es\/wp-json\/wp\/v2\/media\/215256"}],"wp:attachment":[{"href":"https:\/\/climalife.com\/es\/wp-json\/wp\/v2\/media?parent=215255"}],"wp:term":[{"taxonomy":"countries","embeddable":true,"href":"https:\/\/climalife.com\/es\/wp-json\/wp\/v2\/countries?post=215255"},{"taxonomy":"product_brand","embeddable":true,"href":"https:\/\/climalife.com\/es\/wp-json\/wp\/v2\/product_brand?post=215255"},{"taxonomy":"product_cat","embeddable":true,"href":"https:\/\/climalife.com\/es\/wp-json\/wp\/v2\/product_cat?post=215255"},{"taxonomy":"product_tag","embeddable":true,"href":"https:\/\/climalife.com\/es\/wp-json\/wp\/v2\/product_tag?post=215255"}],"curies":[{"name":"wp","href":"https:\/\/api.w.org\/{rel}","templated":true}]}}