{"id":216126,"date":"2024-05-24T08:17:15","date_gmt":"2024-05-24T08:17:15","guid":{"rendered":"https:\/\/climalife.com\/product\/detector-fijo-rmv-hfc\/"},"modified":"2026-01-29T13:54:48","modified_gmt":"2026-01-29T13:54:48","slug":"detector-fijo-rmv-hfc","status":"publish","type":"product","link":"https:\/\/climalife.com\/es\/product\/detector-fijo-rmv-hfc\/","title":{"rendered":"Detector fijo RMV-HFC"},"content":{"rendered":"<p>Est\u00e1 dise\u00f1ada para proporcionar una vigilancia continua y altamente eficaz en diversas aplicaciones t\u00edpicas, como hoteles, oficinas y edificios residenciales. Est\u00e1 dise\u00f1ada para montarse en una caja mural, para una m\u00e1xima discreci\u00f3n.<\/p>\n<p>Dispone de 3 niveles de alarma:<\/p>\n<ul>\n<li>Nivel 1: si la concentraci\u00f3n se sit\u00faa entre 1000 y 4000 ppm durante un periodo inferior a 30 minutos: no hay alerta sonora y el LED rojo parpadea<\/li>\n<li>Nivel 2: si la concentraci\u00f3n se sit\u00faa entre 1000 y 4000 ppm durante un periodo superior a 30 minutos: 2 alertas sonoras\/minuto y pulsaci\u00f3n del LED rojo<\/li>\n<li>Nivel 3: si la concentraci\u00f3n supera las 4000 ppm durante un periodo de al menos 30 segundos: 4 alertas sonoras\/minuto y pulsaci\u00f3n del LED rojo<\/li>\n<\/ul>\n<p>Las alarmas sonoras y visuales se comunican simult\u00e1neamente con los sistemas de vigilancia de las instalaciones a trav\u00e9s de un rel\u00e9 de alarma unipolar de doble efecto (SPDT) y una salida con rel\u00e9s comunes.<\/p>\n","protected":false},"excerpt":{"rendered":"<p>El controlador de sala SAMON RMV-HFC es un detector de fugas de refrigerante utilizado en sistemas de refrigeraci\u00f3n y aire acondicionado de gran volumen como VRF\/VRV.<\/p>\n","protected":false},"featured_media":216127,"comment_status":"closed","ping_status":"closed","template":"","meta":[],"countries":[4674,4709,4756,4813,4831,4862],"product_brand":[],"product_cat":[9952,13058,13127,9268],"product_tag":[],"class_list":{"0":"post-216126","1":"product","2":"type-product","3":"status-publish","4":"has-post-thumbnail","6":"countries-by","7":"countries-cu","8":"countries-ir","9":"countries-kp","10":"countries-ru","11":"countries-sy","12":"product_cat-construccion","13":"product_cat-climatizacion","14":"product_cat-refrigeracion","15":"product_cat-detector-fijo","17":"first","18":"instock","19":"shipping-taxable","20":"purchasable","21":"product-type-simple"},"_links":{"self":[{"href":"https:\/\/climalife.com\/es\/wp-json\/wp\/v2\/product\/216126","targetHints":{"allow":["GET"]}}],"collection":[{"href":"https:\/\/climalife.com\/es\/wp-json\/wp\/v2\/product"}],"about":[{"href":"https:\/\/climalife.com\/es\/wp-json\/wp\/v2\/types\/product"}],"replies":[{"embeddable":true,"href":"https:\/\/climalife.com\/es\/wp-json\/wp\/v2\/comments?post=216126"}],"wp:featuredmedia":[{"embeddable":true,"href":"https:\/\/climalife.com\/es\/wp-json\/wp\/v2\/media\/216127"}],"wp:attachment":[{"href":"https:\/\/climalife.com\/es\/wp-json\/wp\/v2\/media?parent=216126"}],"wp:term":[{"taxonomy":"countries","embeddable":true,"href":"https:\/\/climalife.com\/es\/wp-json\/wp\/v2\/countries?post=216126"},{"taxonomy":"product_brand","embeddable":true,"href":"https:\/\/climalife.com\/es\/wp-json\/wp\/v2\/product_brand?post=216126"},{"taxonomy":"product_cat","embeddable":true,"href":"https:\/\/climalife.com\/es\/wp-json\/wp\/v2\/product_cat?post=216126"},{"taxonomy":"product_tag","embeddable":true,"href":"https:\/\/climalife.com\/es\/wp-json\/wp\/v2\/product_tag?post=216126"}],"curies":[{"name":"wp","href":"https:\/\/api.w.org\/{rel}","templated":true}]}}