{"id":216343,"date":"2024-05-27T13:44:01","date_gmt":"2024-05-27T13:44:01","guid":{"rendered":"https:\/\/climalife.com\/product\/propileno\/"},"modified":"2024-09-03T11:17:03","modified_gmt":"2024-09-03T11:17:03","slug":"propileno","status":"publish","type":"product","link":"https:\/\/climalife.com\/es\/product\/propileno\/","title":{"rendered":"Propileno"},"content":{"rendered":"<p>Para la producci\u00f3n de \u00f3xido de propileno, propilenglicol, poliproileno, acrole\u00edna, isopropanol, cloruro de alilo.<\/p>\n","protected":false},"excerpt":{"rendered":"<p>El propileno (C<sub>3<\/sub>H<sub>6<\/sub>) o propeno es un gas inflamable utilizado principalmente en la industria qu\u00edmica.<\/p>\n","protected":false},"featured_media":216344,"comment_status":"closed","ping_status":"closed","template":"","meta":[],"countries":[4674,4709,4756,4813,4831,4862],"product_brand":[],"product_cat":[9997,13119,9599],"product_tag":[],"class_list":{"0":"post-216343","1":"product","2":"type-product","3":"status-publish","4":"has-post-thumbnail","6":"countries-by","7":"countries-cu","8":"countries-ir","9":"countries-kp","10":"countries-ru","11":"countries-sy","12":"product_cat-otros-sectores","13":"product_cat-propelentes","14":"product_cat-hidrocarburos-es-83","15":"pa_packaging-a-granel-es-168","16":"pa_packaging-botella-26-i-es-32","17":"pa_packaging-botella-88-l-es-122","18":"pa_packaging-contenedor-930-l-es-76","20":"first","21":"instock","22":"shipping-taxable","23":"purchasable","24":"product-type-variable"},"_links":{"self":[{"href":"https:\/\/climalife.com\/es\/wp-json\/wp\/v2\/product\/216343","targetHints":{"allow":["GET"]}}],"collection":[{"href":"https:\/\/climalife.com\/es\/wp-json\/wp\/v2\/product"}],"about":[{"href":"https:\/\/climalife.com\/es\/wp-json\/wp\/v2\/types\/product"}],"replies":[{"embeddable":true,"href":"https:\/\/climalife.com\/es\/wp-json\/wp\/v2\/comments?post=216343"}],"wp:featuredmedia":[{"embeddable":true,"href":"https:\/\/climalife.com\/es\/wp-json\/wp\/v2\/media\/216344"}],"wp:attachment":[{"href":"https:\/\/climalife.com\/es\/wp-json\/wp\/v2\/media?parent=216343"}],"wp:term":[{"taxonomy":"countries","embeddable":true,"href":"https:\/\/climalife.com\/es\/wp-json\/wp\/v2\/countries?post=216343"},{"taxonomy":"product_brand","embeddable":true,"href":"https:\/\/climalife.com\/es\/wp-json\/wp\/v2\/product_brand?post=216343"},{"taxonomy":"product_cat","embeddable":true,"href":"https:\/\/climalife.com\/es\/wp-json\/wp\/v2\/product_cat?post=216343"},{"taxonomy":"product_tag","embeddable":true,"href":"https:\/\/climalife.com\/es\/wp-json\/wp\/v2\/product_tag?post=216343"}],"curies":[{"name":"wp","href":"https:\/\/api.w.org\/{rel}","templated":true}]}}