{"id":219696,"date":"2024-12-20T08:10:52","date_gmt":"2024-12-20T08:10:52","guid":{"rendered":"https:\/\/climalife.com\/product\/cilindro-de-calibracion-de-climalife\/"},"modified":"2026-01-29T13:54:48","modified_gmt":"2026-01-29T13:54:48","slug":"cilindro-de-calibracion-de-climalife","status":"publish","type":"product","link":"https:\/\/climalife.com\/es\/product\/cilindro-de-calibracion-de-climalife\/","title":{"rendered":"Cilindro de calibraci\u00f3n de Climalife"},"content":{"rendered":"<p>Botella cargada con 110 L de mezcla de refrigerante en aire a una concentraci\u00f3n elegida que debe ser equivalente al umbral de alarma m\u00e1s alto del detector. La botella debe estar asociada a un regulador de caudal y a un sistema de conexi\u00f3n que se venden por separado.<\/p>\n<p>Disponible para R-454B, R-1234ze, R-134a, R-32, R-513A y <sub>CO2<\/sub>. Especifique el refrigerante y la concentraci\u00f3n deseados al realizar el pedido.<\/p>\n","protected":false},"excerpt":{"rendered":"<p>Cilindro de calibraci\u00f3n de Climalife para verificar la sensibilidad directamente en el lugar, de los detectores de fugas fijos y recalibrarlos si es necesario.<\/p>\n","protected":false},"featured_media":219687,"comment_status":"closed","ping_status":"closed","template":"","meta":[],"countries":[],"product_brand":[],"product_cat":[9952,9943,9997,13058,13093,13127,9268],"product_tag":[],"class_list":{"0":"post-219696","1":"product","2":"type-product","3":"status-publish","4":"has-post-thumbnail","6":"product_cat-construccion","7":"product_cat-alimentacion","8":"product_cat-otros-sectores","9":"product_cat-climatizacion","10":"product_cat-calefaccion","11":"product_cat-refrigeracion","12":"product_cat-detector-fijo","14":"first","15":"instock","16":"shipping-taxable","17":"purchasable","18":"product-type-simple"},"_links":{"self":[{"href":"https:\/\/climalife.com\/es\/wp-json\/wp\/v2\/product\/219696","targetHints":{"allow":["GET"]}}],"collection":[{"href":"https:\/\/climalife.com\/es\/wp-json\/wp\/v2\/product"}],"about":[{"href":"https:\/\/climalife.com\/es\/wp-json\/wp\/v2\/types\/product"}],"replies":[{"embeddable":true,"href":"https:\/\/climalife.com\/es\/wp-json\/wp\/v2\/comments?post=219696"}],"wp:featuredmedia":[{"embeddable":true,"href":"https:\/\/climalife.com\/es\/wp-json\/wp\/v2\/media\/219687"}],"wp:attachment":[{"href":"https:\/\/climalife.com\/es\/wp-json\/wp\/v2\/media?parent=219696"}],"wp:term":[{"taxonomy":"countries","embeddable":true,"href":"https:\/\/climalife.com\/es\/wp-json\/wp\/v2\/countries?post=219696"},{"taxonomy":"product_brand","embeddable":true,"href":"https:\/\/climalife.com\/es\/wp-json\/wp\/v2\/product_brand?post=219696"},{"taxonomy":"product_cat","embeddable":true,"href":"https:\/\/climalife.com\/es\/wp-json\/wp\/v2\/product_cat?post=219696"},{"taxonomy":"product_tag","embeddable":true,"href":"https:\/\/climalife.com\/es\/wp-json\/wp\/v2\/product_tag?post=219696"}],"curies":[{"name":"wp","href":"https:\/\/api.w.org\/{rel}","templated":true}]}}