{"id":221606,"date":"2025-02-12T20:10:09","date_gmt":"2025-02-12T20:10:09","guid":{"rendered":"https:\/\/climalife.com\/product\/novexpans-fa-188\/"},"modified":"2026-02-10T12:42:43","modified_gmt":"2026-02-10T12:42:43","slug":"novexpans-fa-188","status":"publish","type":"product","link":"https:\/\/climalife.com\/es\/product\/novexpans-fa-188\/","title":{"rendered":"Novexpans\u2122 FA-188"},"content":{"rendered":"<p>Act\u00faa como agente nucleante durante el proceso de espumado, reduciendo el tama\u00f1o promedio de las c\u00e9lulas de la espuma. Disponible en diferentes tama\u00f1os de envases recargables.<\/p>\n","protected":false},"excerpt":{"rendered":"<p>Novexpans\u2122 FA-188 es un aditivo de espuma no inflamable que se utiliza para reducir la conductividad t\u00e9rmica del poliuretano y otras formulaciones de espuma r\u00edgida y aumentar la eficiencia energ\u00e9tica.<\/p>\n","protected":false},"featured_media":126360,"comment_status":"closed","ping_status":"closed","template":"","meta":[],"countries":[4674,4756,4813,4831],"product_brand":[],"product_cat":[9952,13102,9509],"product_tag":[],"class_list":{"0":"post-221606","1":"product","2":"type-product","3":"status-publish","4":"has-post-thumbnail","6":"countries-by","7":"countries-ir","8":"countries-kp","9":"countries-ru","10":"product_cat-construccion","11":"product_cat-aislamiento","12":"product_cat-hidrocarburos","13":"pa_packaging-barril-217-i-es-30","14":"pa_packaging-botella-88-l-es-122","16":"first","17":"instock","18":"shipping-taxable","19":"purchasable","20":"product-type-variable"},"_links":{"self":[{"href":"https:\/\/climalife.com\/es\/wp-json\/wp\/v2\/product\/221606","targetHints":{"allow":["GET"]}}],"collection":[{"href":"https:\/\/climalife.com\/es\/wp-json\/wp\/v2\/product"}],"about":[{"href":"https:\/\/climalife.com\/es\/wp-json\/wp\/v2\/types\/product"}],"replies":[{"embeddable":true,"href":"https:\/\/climalife.com\/es\/wp-json\/wp\/v2\/comments?post=221606"}],"wp:featuredmedia":[{"embeddable":true,"href":"https:\/\/climalife.com\/es\/wp-json\/wp\/v2\/media\/126360"}],"wp:attachment":[{"href":"https:\/\/climalife.com\/es\/wp-json\/wp\/v2\/media?parent=221606"}],"wp:term":[{"taxonomy":"countries","embeddable":true,"href":"https:\/\/climalife.com\/es\/wp-json\/wp\/v2\/countries?post=221606"},{"taxonomy":"product_brand","embeddable":true,"href":"https:\/\/climalife.com\/es\/wp-json\/wp\/v2\/product_brand?post=221606"},{"taxonomy":"product_cat","embeddable":true,"href":"https:\/\/climalife.com\/es\/wp-json\/wp\/v2\/product_cat?post=221606"},{"taxonomy":"product_tag","embeddable":true,"href":"https:\/\/climalife.com\/es\/wp-json\/wp\/v2\/product_tag?post=221606"}],"curies":[{"name":"wp","href":"https:\/\/api.w.org\/{rel}","templated":true}]}}