{"id":222001,"date":"2025-02-25T09:33:12","date_gmt":"2025-02-25T09:33:12","guid":{"rendered":"https:\/\/climalife.com\/product\/serie-next-717\/"},"modified":"2025-10-30T10:09:19","modified_gmt":"2025-10-30T10:09:19","slug":"serie-next-717","status":"publish","type":"product","link":"https:\/\/climalife.com\/es\/product\/serie-next-717\/","title":{"rendered":"Serie NEXT 717"},"content":{"rendered":"<p class=\"whitespace-normal break-words\"><strong>Disponible en:<\/strong><\/p>\n<ul class=\"[&amp;:not(:last-child)_ul]:pb-1 [&amp;:not(:last-child)_ol]:pb-1 list-disc space-y-2.5 pl-7\">\n<li class=\"whitespace-normal break-words\">Next 717-68<\/li>\n<li class=\"whitespace-normal break-words\">Next 717-68SC con aditivo acondicionador de juntas<\/li>\n<li class=\"whitespace-normal break-words\">Next 717-100 formulado especialmente para aplicaciones de bombas de calor con amon\u00edaco<\/li>\n<\/ul>\n","protected":false},"excerpt":{"rendered":"<p>Next 717 es un aceite mineral para refrigeraci\u00f3n con amon\u00edaco. Ha sido formulado espec\u00edficamente para su uso en instalaciones de refrigeraci\u00f3n con amon\u00edaco; utilizando aceites base hidrocraquedos y aditivos avanzados. El aceite NEXT 717 tiene una tasa de p\u00e9rdida de fluido muy baja y una excelente fluidez a bajas temperaturas.<\/p>\n","protected":false},"featured_media":222002,"comment_status":"closed","ping_status":"closed","template":"","meta":[],"countries":[4674,4709,4756,4813,4831,4862],"product_brand":[],"product_cat":[9943,13127,9350],"product_tag":[],"class_list":{"0":"post-222001","1":"product","2":"type-product","3":"status-publish","4":"has-post-thumbnail","6":"countries-by","7":"countries-cu","8":"countries-ir","9":"countries-kp","10":"countries-ru","11":"countries-sy","12":"product_cat-alimentacion","13":"product_cat-refrigeracion","14":"product_cat-aceites-minerales","15":"pa_packaging-barril-de-208-l-es-49","16":"pa_packaging-bidon-19-l-es-336","18":"first","19":"instock","20":"shipping-taxable","21":"purchasable","22":"product-type-variable"},"_links":{"self":[{"href":"https:\/\/climalife.com\/es\/wp-json\/wp\/v2\/product\/222001","targetHints":{"allow":["GET"]}}],"collection":[{"href":"https:\/\/climalife.com\/es\/wp-json\/wp\/v2\/product"}],"about":[{"href":"https:\/\/climalife.com\/es\/wp-json\/wp\/v2\/types\/product"}],"replies":[{"embeddable":true,"href":"https:\/\/climalife.com\/es\/wp-json\/wp\/v2\/comments?post=222001"}],"wp:featuredmedia":[{"embeddable":true,"href":"https:\/\/climalife.com\/es\/wp-json\/wp\/v2\/media\/222002"}],"wp:attachment":[{"href":"https:\/\/climalife.com\/es\/wp-json\/wp\/v2\/media?parent=222001"}],"wp:term":[{"taxonomy":"countries","embeddable":true,"href":"https:\/\/climalife.com\/es\/wp-json\/wp\/v2\/countries?post=222001"},{"taxonomy":"product_brand","embeddable":true,"href":"https:\/\/climalife.com\/es\/wp-json\/wp\/v2\/product_brand?post=222001"},{"taxonomy":"product_cat","embeddable":true,"href":"https:\/\/climalife.com\/es\/wp-json\/wp\/v2\/product_cat?post=222001"},{"taxonomy":"product_tag","embeddable":true,"href":"https:\/\/climalife.com\/es\/wp-json\/wp\/v2\/product_tag?post=222001"}],"curies":[{"name":"wp","href":"https:\/\/api.w.org\/{rel}","templated":true}]}}