{"id":223553,"date":"2025-04-09T11:23:20","date_gmt":"2025-04-09T11:23:20","guid":{"rendered":"https:\/\/climalife.com\/product\/serie-suniso-sl\/"},"modified":"2026-03-19T12:13:24","modified_gmt":"2026-03-19T12:13:24","slug":"serie-suniso-sl","status":"publish","type":"product","link":"https:\/\/climalife.com\/es\/product\/serie-suniso-sl\/","title":{"rendered":"Serie SUNISO SL"},"content":{"rendered":"<p>Los lubricantes Suniso SL ofrecen una estabilidad t\u00e9rmica excepcional, lo que los hace adecuados para aplicaciones que van desde sistemas de refrigeraci\u00f3n a baja temperatura hasta bombas de calor a alta temperatura.<\/p>\n","protected":false},"excerpt":{"rendered":"<p>Los lubricantes Suniso SL son aceites de refrigeraci\u00f3n totalmente sint\u00e9ticos y de alto rendimiento, formulados para un rendimiento \u00f3ptimo de los compresores que utilizan refrigerantes HFC. Fabricados con \u00e9steres de poliol (POE) especialmente dise\u00f1ados, los lubricantes Suniso SL garantizan una miscibilidad superior y un retorno eficiente del aceite en todo el sistema, desde el evaporador hasta el compresor.<\/p>\n","protected":false},"featured_media":223554,"comment_status":"closed","ping_status":"closed","template":"","meta":[],"countries":[4662,4667,4674,4693,4698,4706,4707,4709,4737,4739,4756,4800,4813,4817,4827,4831,4854,4862,4866,4881,4887],"product_brand":[],"product_cat":[9952,9943,9997,13127,13425],"product_tag":[],"class_list":{"0":"post-223553","1":"product","2":"type-product","3":"status-publish","4":"has-post-thumbnail","6":"countries-ar","7":"countries-au","8":"countries-by","9":"countries-ca","10":"countries-cl","11":"countries-cr","12":"countries-ci","13":"countries-cu","14":"countries-gh","15":"countries-gr","16":"countries-ir","17":"countries-mm","18":"countries-kp","19":"countries-pk","20":"countries-pt","21":"countries-ru","22":"countries-es","23":"countries-sy","24":"countries-th","25":"countries-us","26":"countries-ve","27":"product_cat-construccion","28":"product_cat-alimentacion","29":"product_cat-otros-sectores","30":"product_cat-refrigeracion","31":"product_cat-poe-es","32":"pa_packaging-bidon-20-l-es-174","33":"pa_packaging-bidon-4-l-es-50","34":"pa_packaging-botella-1-i-es-241","36":"first","37":"instock","38":"shipping-taxable","39":"purchasable","40":"product-type-variable"},"_links":{"self":[{"href":"https:\/\/climalife.com\/es\/wp-json\/wp\/v2\/product\/223553","targetHints":{"allow":["GET"]}}],"collection":[{"href":"https:\/\/climalife.com\/es\/wp-json\/wp\/v2\/product"}],"about":[{"href":"https:\/\/climalife.com\/es\/wp-json\/wp\/v2\/types\/product"}],"replies":[{"embeddable":true,"href":"https:\/\/climalife.com\/es\/wp-json\/wp\/v2\/comments?post=223553"}],"wp:featuredmedia":[{"embeddable":true,"href":"https:\/\/climalife.com\/es\/wp-json\/wp\/v2\/media\/223554"}],"wp:attachment":[{"href":"https:\/\/climalife.com\/es\/wp-json\/wp\/v2\/media?parent=223553"}],"wp:term":[{"taxonomy":"countries","embeddable":true,"href":"https:\/\/climalife.com\/es\/wp-json\/wp\/v2\/countries?post=223553"},{"taxonomy":"product_brand","embeddable":true,"href":"https:\/\/climalife.com\/es\/wp-json\/wp\/v2\/product_brand?post=223553"},{"taxonomy":"product_cat","embeddable":true,"href":"https:\/\/climalife.com\/es\/wp-json\/wp\/v2\/product_cat?post=223553"},{"taxonomy":"product_tag","embeddable":true,"href":"https:\/\/climalife.com\/es\/wp-json\/wp\/v2\/product_tag?post=223553"}],"curies":[{"name":"wp","href":"https:\/\/api.w.org\/{rel}","templated":true}]}}