{"id":223844,"date":"2025-04-14T13:33:47","date_gmt":"2025-04-14T13:33:47","guid":{"rendered":"https:\/\/climalife.com\/product\/polarbox-polarvisor\/"},"modified":"2026-01-29T13:54:47","modified_gmt":"2026-01-29T13:54:47","slug":"polarbox-polarvisor","status":"publish","type":"product","link":"https:\/\/climalife.com\/es\/product\/polarbox-polarvisor\/","title":{"rendered":"PolarBox &#038; PolarVisor"},"content":{"rendered":"<p>Incluye:<\/p>\n<ul>\n<li>un m\u00f3dulo de detecci\u00f3n autom\u00e1tica de fugas, que utiliza m\u00e9todos de medici\u00f3n indirectos (obligatorio por encima de 500 t de CO2 eq. o 100 kg para HFO);<\/li>\n<li>un m\u00f3dulo de energ\u00eda para calcular el consumo de energ\u00eda en tiempo real.<\/li>\n<\/ul>\n<p>Conectado a la aplicaci\u00f3n web PolarVisor, el PolarBox alerta:<\/p>\n<ul>\n<li>Por correo electr\u00f3nico o en l\u00ednea en caso de fuga de refrigerante (60,2 d\u00edas antes, en comparaci\u00f3n con los m\u00e9todos tradicionales);<\/li>\n<li>En l\u00ednea para detectar desviaciones energ\u00e9ticas o riesgo de fallo del compresor.<\/li>\n<\/ul>\n<p>Con PolarBox y PolarVisor, los usuarios pueden acceder a las curvas de nivel de refrigerante, COP, datos operativos y eficiencia de producci\u00f3n de refrigeraci\u00f3n de forma remota y en tiempo real. Un PolarBox puede monitorizar hasta 4 unidades de refrigeraci\u00f3n y tiene conectividad 4G integrada.<\/p>\n<p>M\u00e1s informaci\u00f3n en <a href=\"https:\/\/www.matelex.com\/es\/solutions\/polarbox\/\" rel=\"noopener\">matelex.com<\/a><\/p>\n","protected":false},"excerpt":{"rendered":"<p>PolarBox es un sistema de monitorizaci\u00f3n para refrigeraci\u00f3n, junto con una interfaz web para monitorizaci\u00f3n remota.<\/p>\n","protected":false},"featured_media":223845,"comment_status":"closed","ping_status":"closed","template":"","meta":[],"countries":[4674,4709,4756,4813,4831,4862],"product_brand":[],"product_cat":[9943,9952,9629,9268,9961,9997,13127,9970],"product_tag":[],"class_list":{"0":"post-223844","1":"product","2":"type-product","3":"status-publish","4":"has-post-thumbnail","6":"countries-by","7":"countries-cu","8":"countries-ir","9":"countries-kp","10":"countries-ru","11":"countries-sy","12":"product_cat-alimentacion","13":"product_cat-construccion","14":"product_cat-deteccion-fugas-es","15":"product_cat-detector-fijo","16":"product_cat-energia","17":"product_cat-otros-sectores","18":"product_cat-refrigeracion","19":"product_cat-salud-bienestar","21":"first","22":"instock","23":"shipping-taxable","24":"purchasable","25":"product-type-simple"},"_links":{"self":[{"href":"https:\/\/climalife.com\/es\/wp-json\/wp\/v2\/product\/223844","targetHints":{"allow":["GET"]}}],"collection":[{"href":"https:\/\/climalife.com\/es\/wp-json\/wp\/v2\/product"}],"about":[{"href":"https:\/\/climalife.com\/es\/wp-json\/wp\/v2\/types\/product"}],"replies":[{"embeddable":true,"href":"https:\/\/climalife.com\/es\/wp-json\/wp\/v2\/comments?post=223844"}],"wp:featuredmedia":[{"embeddable":true,"href":"https:\/\/climalife.com\/es\/wp-json\/wp\/v2\/media\/223845"}],"wp:attachment":[{"href":"https:\/\/climalife.com\/es\/wp-json\/wp\/v2\/media?parent=223844"}],"wp:term":[{"taxonomy":"countries","embeddable":true,"href":"https:\/\/climalife.com\/es\/wp-json\/wp\/v2\/countries?post=223844"},{"taxonomy":"product_brand","embeddable":true,"href":"https:\/\/climalife.com\/es\/wp-json\/wp\/v2\/product_brand?post=223844"},{"taxonomy":"product_cat","embeddable":true,"href":"https:\/\/climalife.com\/es\/wp-json\/wp\/v2\/product_cat?post=223844"},{"taxonomy":"product_tag","embeddable":true,"href":"https:\/\/climalife.com\/es\/wp-json\/wp\/v2\/product_tag?post=223844"}],"curies":[{"name":"wp","href":"https:\/\/api.w.org\/{rel}","templated":true}]}}