{"id":225062,"date":"2025-06-11T10:22:06","date_gmt":"2025-06-11T10:22:06","guid":{"rendered":"https:\/\/climalife.com\/product\/glaciar-x5-atex-detector-fijo-de-fugas\/"},"modified":"2026-01-29T13:54:47","modified_gmt":"2026-01-29T13:54:47","slug":"glaciar-x5-atex-detector-fijo-de-fugas","status":"publish","type":"product","link":"https:\/\/climalife.com\/es\/product\/glaciar-x5-atex-detector-fijo-de-fugas\/","title":{"rendered":"GLACI\u00c4R X5 (ATEX) DETECTOR FIJO DE FUGAS"},"content":{"rendered":"<p>Configuraci\u00f3n r\u00e1pida y sencilla:<\/p>\n<ul>\n<li>Pantalla digital integrada: visualizaci\u00f3n en tiempo real de concentraciones, alarmas y fallos.<\/li>\n<li>Sensor f\u00e1cil de sustituir.<\/li>\n<li>M\u00e1xima flexibilidad: sensor \u00fanico o doble, integrado o remoto, seg\u00fan los requisitos de instalaci\u00f3n.<\/li>\n<\/ul>\n<p>Elecci\u00f3n de sondas:<\/p>\n<ul>\n<li>Sensor electroqu\u00edmico de larga duraci\u00f3n para la detecci\u00f3n de amon\u00edaco<\/li>\n<li>Sensor de CO\u2082 por infrarrojos<\/li>\n<li>Sensor por infrarrojos o catal\u00edtico para R-290<\/li>\n<li>Sensor semiconductor o infrarrojo para HFC, HFO, incluidos los refrigerantes A2L.<\/li>\n<\/ul>\n","protected":false},"excerpt":{"rendered":"<p>GLACI\u00c4R X5 es un detector de fugas fijo dise\u00f1ado para soportar los entornos industriales m\u00e1s exigentes. Cuenta con la certificaci\u00f3n ATEX para su uso en atm\u00f3sferas potencialmente explosivas (zonas 1 y 2) y est\u00e1 equipado con una carcasa con \u00edndice de protecci\u00f3n IP66. Detecta amon\u00edaco (NH\u2083), di\u00f3xido de carbono (CO\u2082), propano (R-290), HFC, HFO, A2L y disolventes como el etanol. Su dise\u00f1o modular permite integrar de 1 a 2 sensores incorporados y\/o remotos para una monitorizaci\u00f3n continua.<\/p>\n","protected":false},"featured_media":225063,"comment_status":"closed","ping_status":"closed","template":"","meta":[],"countries":[4674,4709,4756,4813,4831,4862],"product_brand":[],"product_cat":[9952,9943,13058,13127,9268],"product_tag":[],"class_list":{"0":"post-225062","1":"product","2":"type-product","3":"status-publish","4":"has-post-thumbnail","6":"countries-by","7":"countries-cu","8":"countries-ir","9":"countries-kp","10":"countries-ru","11":"countries-sy","12":"product_cat-construccion","13":"product_cat-alimentacion","14":"product_cat-climatizacion","15":"product_cat-refrigeracion","16":"product_cat-detector-fijo","18":"first","19":"instock","20":"shipping-taxable","21":"purchasable","22":"product-type-simple"},"_links":{"self":[{"href":"https:\/\/climalife.com\/es\/wp-json\/wp\/v2\/product\/225062","targetHints":{"allow":["GET"]}}],"collection":[{"href":"https:\/\/climalife.com\/es\/wp-json\/wp\/v2\/product"}],"about":[{"href":"https:\/\/climalife.com\/es\/wp-json\/wp\/v2\/types\/product"}],"replies":[{"embeddable":true,"href":"https:\/\/climalife.com\/es\/wp-json\/wp\/v2\/comments?post=225062"}],"wp:featuredmedia":[{"embeddable":true,"href":"https:\/\/climalife.com\/es\/wp-json\/wp\/v2\/media\/225063"}],"wp:attachment":[{"href":"https:\/\/climalife.com\/es\/wp-json\/wp\/v2\/media?parent=225062"}],"wp:term":[{"taxonomy":"countries","embeddable":true,"href":"https:\/\/climalife.com\/es\/wp-json\/wp\/v2\/countries?post=225062"},{"taxonomy":"product_brand","embeddable":true,"href":"https:\/\/climalife.com\/es\/wp-json\/wp\/v2\/product_brand?post=225062"},{"taxonomy":"product_cat","embeddable":true,"href":"https:\/\/climalife.com\/es\/wp-json\/wp\/v2\/product_cat?post=225062"},{"taxonomy":"product_tag","embeddable":true,"href":"https:\/\/climalife.com\/es\/wp-json\/wp\/v2\/product_tag?post=225062"}],"curies":[{"name":"wp","href":"https:\/\/api.w.org\/{rel}","templated":true}]}}