{"id":226686,"date":"2025-07-14T10:12:42","date_gmt":"2025-07-14T10:12:42","guid":{"rendered":"https:\/\/climalife.com\/product\/next-gpl-pag-eo\/"},"modified":"2025-07-15T09:31:44","modified_gmt":"2025-07-15T09:31:44","slug":"next-gpl-pag-eo","status":"publish","type":"product","link":"https:\/\/climalife.com\/es\/product\/next-gpl-pag-eo\/","title":{"rendered":"NEXT GPL PAG-EO"},"content":{"rendered":"<p data-start=\"63\" data-end=\"80\"><strong data-start=\"63\" data-end=\"80\">Aplicaciones:<\/strong><\/p>\n<ul data-start=\"82\" data-end=\"241\">\n<li data-start=\"82\" data-end=\"108\">\n<p data-start=\"84\" data-end=\"108\">Compresores alternativos<\/p>\n<\/li>\n<li data-start=\"109\" data-end=\"143\">\n<p data-start=\"111\" data-end=\"143\">Compresores de tornillo rotativo<\/p>\n<\/li>\n<li data-start=\"144\" data-end=\"177\">\n<p data-start=\"146\" data-end=\"177\">Compresores de gas hidrocarburo<\/p>\n<\/li>\n<li data-start=\"178\" data-end=\"241\">\n<p data-start=\"180\" data-end=\"241\">Bombas de calor y sistemas de refrigeraci\u00f3n con hidrocarburos<\/p>\n<\/li>\n<\/ul>\n<p data-start=\"243\" data-end=\"261\"><strong data-start=\"243\" data-end=\"261\">Disponible en:<\/strong><\/p>\n<ul data-start=\"263\" data-end=\"283\">\n<li data-start=\"263\" data-end=\"283\">\n<p data-start=\"265\" data-end=\"283\">NEXT GPL PAG-EO 32<\/p>\n<\/li>\n<\/ul>\n<p data-start=\"285\" data-end=\"334\"><strong data-start=\"285\" data-end=\"334\">Para otros grados de viscosidad, cons\u00faltenos.<\/strong><\/p>\n","protected":false},"excerpt":{"rendered":"<p>NEXT GPL PAG-EO es un aceite para compresores de gas a base de polietilenglicol (PEG) que garantiza una diluci\u00f3n pr\u00e1cticamente nula con gases hidrocarburos.<\/p>\n<p>GPL PAG-EO demuestra pr\u00e1cticamente ninguna miscibilidad con gases hidrocarburos y reduce las p\u00e9rdidas de aceite aguas abajo. Adem\u00e1s, es una formulaci\u00f3n altamente estable que resiste la formaci\u00f3n de carbono y barniz.<\/p>\n","protected":false},"featured_media":226687,"comment_status":"closed","ping_status":"closed","template":"","meta":[],"countries":[4674,4709,4756,4813,4831,4862],"product_brand":[],"product_cat":[9961,9943,9997,13452],"product_tag":[],"class_list":{"0":"post-226686","1":"product","2":"type-product","3":"status-publish","4":"has-post-thumbnail","6":"countries-by","7":"countries-cu","8":"countries-ir","9":"countries-kp","10":"countries-ru","11":"countries-sy","12":"product_cat-energia","13":"product_cat-alimentacion","14":"product_cat-otros-sectores","15":"product_cat-pag-es","16":"pa_packaging-barril-de-208-l-es-49","17":"pa_packaging-bidon-20-l-es-174","19":"first","20":"instock","21":"shipping-taxable","22":"purchasable","23":"product-type-variable"},"_links":{"self":[{"href":"https:\/\/climalife.com\/es\/wp-json\/wp\/v2\/product\/226686","targetHints":{"allow":["GET"]}}],"collection":[{"href":"https:\/\/climalife.com\/es\/wp-json\/wp\/v2\/product"}],"about":[{"href":"https:\/\/climalife.com\/es\/wp-json\/wp\/v2\/types\/product"}],"replies":[{"embeddable":true,"href":"https:\/\/climalife.com\/es\/wp-json\/wp\/v2\/comments?post=226686"}],"wp:featuredmedia":[{"embeddable":true,"href":"https:\/\/climalife.com\/es\/wp-json\/wp\/v2\/media\/226687"}],"wp:attachment":[{"href":"https:\/\/climalife.com\/es\/wp-json\/wp\/v2\/media?parent=226686"}],"wp:term":[{"taxonomy":"countries","embeddable":true,"href":"https:\/\/climalife.com\/es\/wp-json\/wp\/v2\/countries?post=226686"},{"taxonomy":"product_brand","embeddable":true,"href":"https:\/\/climalife.com\/es\/wp-json\/wp\/v2\/product_brand?post=226686"},{"taxonomy":"product_cat","embeddable":true,"href":"https:\/\/climalife.com\/es\/wp-json\/wp\/v2\/product_cat?post=226686"},{"taxonomy":"product_tag","embeddable":true,"href":"https:\/\/climalife.com\/es\/wp-json\/wp\/v2\/product_tag?post=226686"}],"curies":[{"name":"wp","href":"https:\/\/api.w.org\/{rel}","templated":true}]}}