{"id":226706,"date":"2025-07-14T10:39:38","date_gmt":"2025-07-14T10:39:38","guid":{"rendered":"https:\/\/climalife.com\/product\/next-gpl-pao-series\/"},"modified":"2025-07-15T09:42:43","modified_gmt":"2025-07-15T09:42:43","slug":"next-gpl-pao-series","status":"publish","type":"product","link":"https:\/\/climalife.com\/es\/product\/next-gpl-pao-series\/","title":{"rendered":"NEXT GPL PAO Series"},"content":{"rendered":"<article class=\"text-token-text-primary w-full\" dir=\"auto\" data-testid=\"conversation-turn-595\" data-scroll-anchor=\"true\">\n<div class=\"text-base my-auto mx-auto py-5 [--thread-content-margin:--spacing(4)] @[37rem]:[--thread-content-margin:--spacing(6)] @[72rem]:[--thread-content-margin:--spacing(16)] px-(--thread-content-margin)\">\n<div class=\"[--thread-content-max-width:32rem] @[34rem]:[--thread-content-max-width:40rem] @[64rem]:[--thread-content-max-width:48rem] mx-auto flex max-w-(--thread-content-max-width) flex-1 text-base gap-4 md:gap-5 lg:gap-6 group\/turn-messages focus-visible:outline-hidden\" tabindex=\"-1\">\n<div class=\"group\/conversation-turn relative flex w-full min-w-0 flex-col agent-turn\">\n<div class=\"relative flex-col gap-1 md:gap-3\">\n<div class=\"flex max-w-full flex-col grow\">\n<div class=\"min-h-8 text-message relative flex w-full flex-col items-end gap-2 text-start break-words whitespace-normal [.text-message+&amp;]:mt-5\" dir=\"auto\" data-message-author-role=\"assistant\" data-message-id=\"d95731b2-fbb7-4871-b644-56e72b735a96\" data-message-model-slug=\"gpt-4o\">\n<div class=\"flex w-full flex-col gap-1 empty:hidden first:pt-[3px]\">\n<div class=\"markdown prose dark:prose-invert w-full break-words light\">\n<p data-start=\"63\" data-end=\"80\"><strong data-start=\"63\" data-end=\"80\">Aplicaciones:<\/strong><\/p>\n<ul data-start=\"82\" data-end=\"169\">\n<li data-start=\"82\" data-end=\"108\">\n<p data-start=\"84\" data-end=\"108\">Compresores alternativos<\/p>\n<\/li>\n<li data-start=\"109\" data-end=\"143\">\n<p data-start=\"111\" data-end=\"143\">Compresores de tornillo rotativo<\/p>\n<\/li>\n<li data-start=\"144\" data-end=\"169\">\n<p data-start=\"146\" data-end=\"169\">Compresores centr\u00edfugos<\/p>\n<\/li>\n<\/ul>\n<p data-start=\"171\" data-end=\"189\"><strong data-start=\"171\" data-end=\"189\">Disponible en:<\/strong><\/p>\n<ul data-start=\"191\" data-end=\"228\">\n<li data-start=\"191\" data-end=\"209\">\n<p data-start=\"193\" data-end=\"209\">NEXT GPL PAO 100<\/p>\n<\/li>\n<li data-start=\"210\" data-end=\"228\">\n<p data-start=\"212\" data-end=\"228\">NEXT GPL PAO 150<\/p>\n<\/li>\n<\/ul>\n<p data-start=\"230\" data-end=\"279\" data-is-last-node=\"\" data-is-only-node=\"\"><strong data-start=\"230\" data-end=\"279\" data-is-last-node=\"\">Para otros grados de viscosidad, cons\u00faltenos.<\/strong><\/p>\n<\/div>\n<\/div>\n<\/div>\n<\/div>\n<\/div>\n<\/div>\n<\/div>\n<\/div>\n<\/article>\n","protected":false},"excerpt":{"rendered":"<p>NEXT GPL PAO es un lubricante para compresores de gas que combina polialfaolefina y aditivos avanzados. Esta combinaci\u00f3n garantiza una excelente estabilidad y limpieza en un amplio rango de funcionamiento.<\/p>\n<p>GPL PAO es ideal para aplicaciones propensas a la formaci\u00f3n de carbono y barniz. Adem\u00e1s, ofrece mejor estabilidad y separaci\u00f3n del agua en comparaci\u00f3n con formulaciones a base de \u00e9steres y PAG cuando se utiliza en corrientes de gas con alto contenido de agua.<\/p>\n<p>GPL PAO tiene un alto \u00edndice de viscosidad y un punto de fluidez muy bajo, lo que permite operar en un amplio rango de temperaturas.<\/p>\n","protected":false},"featured_media":226707,"comment_status":"closed","ping_status":"closed","template":"","meta":[],"countries":[4674,4709,4756,4813,4831,4862],"product_brand":[],"product_cat":[9952,9961,9997,13127,13461],"product_tag":[],"class_list":{"0":"post-226706","1":"product","2":"type-product","3":"status-publish","4":"has-post-thumbnail","6":"countries-by","7":"countries-cu","8":"countries-ir","9":"countries-kp","10":"countries-ru","11":"countries-sy","12":"product_cat-construccion","13":"product_cat-energia","14":"product_cat-otros-sectores","15":"product_cat-refrigeracion","16":"product_cat-pao-es","17":"pa_packaging-barril-de-208-l-es-49","18":"pa_packaging-bidon-20-l-es-174","20":"first","21":"instock","22":"shipping-taxable","23":"purchasable","24":"product-type-variable"},"_links":{"self":[{"href":"https:\/\/climalife.com\/es\/wp-json\/wp\/v2\/product\/226706","targetHints":{"allow":["GET"]}}],"collection":[{"href":"https:\/\/climalife.com\/es\/wp-json\/wp\/v2\/product"}],"about":[{"href":"https:\/\/climalife.com\/es\/wp-json\/wp\/v2\/types\/product"}],"replies":[{"embeddable":true,"href":"https:\/\/climalife.com\/es\/wp-json\/wp\/v2\/comments?post=226706"}],"wp:featuredmedia":[{"embeddable":true,"href":"https:\/\/climalife.com\/es\/wp-json\/wp\/v2\/media\/226707"}],"wp:attachment":[{"href":"https:\/\/climalife.com\/es\/wp-json\/wp\/v2\/media?parent=226706"}],"wp:term":[{"taxonomy":"countries","embeddable":true,"href":"https:\/\/climalife.com\/es\/wp-json\/wp\/v2\/countries?post=226706"},{"taxonomy":"product_brand","embeddable":true,"href":"https:\/\/climalife.com\/es\/wp-json\/wp\/v2\/product_brand?post=226706"},{"taxonomy":"product_cat","embeddable":true,"href":"https:\/\/climalife.com\/es\/wp-json\/wp\/v2\/product_cat?post=226706"},{"taxonomy":"product_tag","embeddable":true,"href":"https:\/\/climalife.com\/es\/wp-json\/wp\/v2\/product_tag?post=226706"}],"curies":[{"name":"wp","href":"https:\/\/api.w.org\/{rel}","templated":true}]}}